{"id":3119,"date":"2026-01-11T19:35:04","date_gmt":"2026-01-11T18:35:04","guid":{"rendered":"https:\/\/seasolar.ch\/?page_id=3119"},"modified":"2026-01-11T22:43:06","modified_gmt":"2026-01-11T21:43:06","slug":"noleggio-operativo","status":"publish","type":"page","link":"https:\/\/seasolar.ch\/de\/noleggio-operativo\/","title":{"rendered":"Betriebs leasing"},"content":{"rendered":"<p><span style=\"color: #ffffff;\">Servizi<\/span><\/p>\n<h2>Dienstleistungen<\/h2>\n<p><span style=\"color: #ffffff;\">Servizi<\/span><br \/>\nSeasolar Swiss erweitert sein Angebot durch die kontinuierliche Zusammenarbeit mit anderen Unternehmen der Region.<\/p>\n<p>Durch die Schaffung von Synergien kann das Unternehmen Dienstleistungen entlang der gesamten Energieversorgungskette anbieten \u2013 von der Erzeugung bis zum Verbrauch.<\/p>\n<p>Das umfassende Angebot f\u00fcr Privatkunden, Industriekunden und Dienstleistungsunternehmen ist besonders umfangreich und beinhaltet:<br \/>\n<span style=\"color: #ffffff;\"><\/span><br \/>\n\r\n\t\t\t <div class=\"promo3\" style=\"background-color:#f7f7f7; border-bottom-color:#92c938;\">\r\n             \t<br \/>\n\r\n\t\t<div class=\"center-title\">\r\n\t\t\t<h2 style=\"color:#222222\">RATEN\r\n\t\t\t<span style=\"color:#92c938\">ZAHLUNG<\/span>\r\n\t\t\t<\/h2>\r\n\t\t\t<span style=\"border-bottom-color:#222222\"><\/span>\r\n\t\t\t\r\n\t\t<\/div>\r\n\t\t<\/p>\n<p style=\"text-align: center;\">Unsere Ratenzahlungsl\u00f6sung mit Eigentumsvorbehalt richtet sich an Privatpersonen und Unternehmen aus Industrie und Dienstleistungssektor und umfasst die Installation einer Photovoltaikanlage auf dem Dach oder dem Industriegrundst\u00fcck des Kunden.<\/p>\n<p>\r\n\t<div class=\"view-all-btn\" style=\"text-align:center; margin-top:0%; \">\r\n\t\t<a href=\"https:\/\/seasolar.ch\/de\/pagamento-rateale\/\" target=\"_parent\"  style=\"color:#ffffff; background:#92c938; \r\n\t\t\r\n\t\t  \">\r\n\t\t\t<span>\r\n\t\t\tWEITERLESEN\r\n\t\t\t \r\n\t\t\t<\/span>\r\n\t\t<\/a>\r\n\t<\/div><br \/>\n\r\n                \r\n             <\/div>\t\r\n\t\t<br \/>\n<span style=\"color: #ffffff;\"><\/span><br \/>\n\r\n\t\t\t <div class=\"promo3\" style=\"background-color:#f7f7f7; border-bottom-color:#92c938;\">\r\n             \t<br \/>\n\r\n\t\t<div class=\"center-title\">\r\n\t\t\t<h2 style=\"color:#222222\">BETRIEBS\r\n\t\t\t<span style=\"color:#92c938\">LEASING<\/span>\r\n\t\t\t<\/h2>\r\n\t\t\t<span style=\"border-bottom-color:#222222\"><\/span>\r\n\t\t\t\r\n\t\t<\/div>\r\n\t\t<\/p>\n<p style=\"text-align: center;\">Wir bieten eine umfassende, vielseitige und zuverl\u00e4ssige L\u00f6sung, mit der Kunden ihren eigenen Strom erzeugen k\u00f6nnen.<\/p>\n<p>\r\n\t<div class=\"view-all-btn\" style=\"text-align:center; margin-top:0%; \">\r\n\t\t<a href=\"https:\/\/seasolar.ch\/de\/noleggio-operativo\/\" target=\"_parent\"  style=\"color:#ffffff; background:#92c938; \r\n\t\t\r\n\t\t  \">\r\n\t\t\t<span>\r\n\t\t\tWEITERLESEN\r\n\t\t\t \r\n\t\t\t<\/span>\r\n\t\t<\/a>\r\n\t<\/div><br \/>\n\r\n                \r\n             <\/div>\t\r\n\t\t<br \/>\n<span style=\"color: #ffffff;\"><\/span><br \/>\n\r\n\t\t\t <div class=\"promo3\" style=\"background-color:#f7f7f7; border-bottom-color:#92c938;\">\r\n             \t<br \/>\n\r\n\t\t<div class=\"center-title\">\r\n\t\t\t<h2 style=\"color:#222222\">FL\u00c4CHE\r\n\t\t\t<span style=\"color:#92c938\">N\u00dcBERTRAGUNG<\/span>\r\n\t\t\t<\/h2>\r\n\t\t\t<span style=\"border-bottom-color:#222222\"><\/span>\r\n\t\t\t\r\n\t\t<\/div>\r\n\t\t<\/p>\n<p style=\"text-align: center;\">Unser Angebot richtet sich an Eigent\u00fcmer von Grundst\u00fccken mit einer Fl\u00e4che von mehr als 1,5 Hektar oder Immobilien mit einer Dachfl\u00e4che von mehr als 7.000 Quadratmetern.<\/p>\n<p>\r\n\t<div class=\"view-all-btn\" style=\"text-align:center; margin-top:0%; \">\r\n\t\t<a href=\"https:\/\/seasolar.ch\/de\/cessione-superficie\/\" target=\"_parent\"  style=\"color:#ffffff; background:#92c938; \r\n\t\t\r\n\t\t  \">\r\n\t\t\t<span>\r\n\t\t\tWEITERLESEN\r\n\t\t\t \r\n\t\t\t<\/span>\r\n\t\t<\/a>\r\n\t<\/div><br \/>\n\r\n                \r\n             <\/div>\t\r\n\t\t<br \/>\n<span style=\"color: #ffffff;\"><\/span><br \/>\n\r\n\t\t<div class=\"divider4\"><span><\/span><\/div>\r\n\t\t<br \/>\n\n<div class=\"wpcf7 no-js\" id=\"wpcf7-f391-o3\" lang=\"en-US\" dir=\"ltr\" data-wpcf7-id=\"391\">\n<div class=\"screen-reader-response\"><p role=\"status\" aria-live=\"polite\" aria-atomic=\"true\"><\/p> <ul><\/ul><\/div>\n<form action=\"\/de\/wp-json\/wp\/v2\/pages\/3119#wpcf7-f391-o3\" method=\"post\" class=\"wpcf7-form init\" aria-label=\"Contact form\" novalidate=\"novalidate\" data-status=\"init\">\n<fieldset class=\"hidden-fields-container\"><input type=\"hidden\" name=\"_wpcf7\" value=\"391\" \/><input type=\"hidden\" name=\"_wpcf7_version\" value=\"6.1.5\" \/><input type=\"hidden\" name=\"_wpcf7_locale\" value=\"en_US\" \/><input type=\"hidden\" name=\"_wpcf7_unit_tag\" value=\"wpcf7-f391-o3\" \/><input type=\"hidden\" name=\"_wpcf7_container_post\" value=\"0\" \/><input type=\"hidden\" name=\"_wpcf7_posted_data_hash\" value=\"\" \/>\n<\/fieldset>\n<p><label> <\/label>\n<\/p>\n<h2>Kontakt\n<\/h2>\n<p>&nbsp;<br \/>\n<label> Bitte kontaktieren Sie uns, wenn Sie Fragen zu unseren Angeboten oder unseren Produkten haben <\/label>\n<\/p>\n<p><label> Schreiben Sie an <a href=\"mailto:info@seasolar.ch\">info@seasolar.ch<\/a> oder f\u00fcllen Sie das folgende Formular aus und wir werden Sie kontaktieren: <\/label>\n<\/p>\n<p><label> Name *<br \/>\n<span class=\"wpcf7-form-control-wrap\" data-name=\"your-name\"><input size=\"40\" maxlength=\"400\" class=\"wpcf7-form-control wpcf7-text wpcf7-validates-as-required\" aria-required=\"true\" aria-invalid=\"false\" value=\"\" type=\"text\" name=\"your-name\" \/><\/span><\/label>\n<\/p>\n<p><label> Telefonnummer *<br \/>\n<span class=\"wpcf7-form-control-wrap\" data-name=\"tel-826\"><input size=\"40\" maxlength=\"400\" class=\"wpcf7-form-control wpcf7-tel wpcf7-validates-as-required wpcf7-text wpcf7-validates-as-tel\" aria-required=\"true\" aria-invalid=\"false\" value=\"\" type=\"tel\" name=\"tel-826\" \/><\/span><\/label>\n<\/p>\n<p><label> Deine E-Mail *<br \/>\n<span class=\"wpcf7-form-control-wrap\" data-name=\"your-email\"><input size=\"40\" maxlength=\"400\" class=\"wpcf7-form-control wpcf7-email wpcf7-validates-as-required wpcf7-text wpcf7-validates-as-email\" aria-required=\"true\" aria-invalid=\"false\" value=\"\" type=\"email\" name=\"your-email\" \/><\/span><\/label>\n<\/p>\n<p><label> Thema *<br \/>\n<span class=\"wpcf7-form-control-wrap\" data-name=\"your-subject\"><input size=\"40\" maxlength=\"400\" class=\"wpcf7-form-control wpcf7-text wpcf7-validates-as-required\" aria-required=\"true\" aria-invalid=\"false\" value=\"\" type=\"text\" name=\"your-subject\" \/><\/span> <\/label>\n<\/p>\n<p><label> Nachricht *<br \/>\n<span class=\"wpcf7-form-control-wrap\" data-name=\"your-message\"><textarea cols=\"40\" rows=\"10\" maxlength=\"2000\" class=\"wpcf7-form-control wpcf7-textarea wpcf7-validates-as-required\" aria-required=\"true\" aria-invalid=\"false\" name=\"your-message\"><\/textarea><\/span> <\/label>\n<\/p>\n<p><label> * Pflichtfeld <\/label>\n<\/p>\n<p><input class=\"wpcf7-form-control wpcf7-submit has-spinner\" type=\"submit\" value=\"SENDEN\" \/>\n<\/p>\n<p><label><\/label>\n<\/p><div class=\"wpcf7-response-output\" aria-hidden=\"true\"><\/div>\n<\/form>\n<\/div>\n<\/p>\n<!-- sktbuilder starter --><script type=\"text\/javascript\" src=\"https:\/\/seasolar.ch\/wp-content\/plugins\/skt-builder\/sktbuilder\/sktbuilder-frontend-starter.js\"><\/script><script type=\"text\/javascript\" src=\"https:\/\/seasolar.ch\/wp-content\/plugins\/skt-builder\/sktbuilder-wordpress-driver.js\"><\/script><script type=\"text\/javascript\"> var starter = new SktbuilderStarter({\"mode\": \"prod\", \"skip\":[\"jquery\",\"underscore\",\"backbone\"],\"sktbuilderUrl\": \"https:\/\/seasolar.ch\/wp-content\/plugins\/skt-builder\/sktbuilder\/\", \"driver\": new SktbuilderWordpressDriver({\"ajaxUrl\": \"https:\/\/seasolar.ch\/wp-admin\/admin-ajax.php\", \"iframeUrl\": \"https:\/\/seasolar.ch\/de\/noleggio-operativo\/?sktbuilder=true\", \"pageId\": 3119,  \"nonce\": \"1af05df5a8\", \"pages\": [], \"page\": \"Betriebs leasing\" }) });<\/script><!-- end sktbuilder starter -->","protected":false},"excerpt":{"rendered":"<p>Servizi Dienstleistungen Servizi Seasolar Swiss erweitert sein Angebot durch die kontinuierliche Zusammenarbeit mit anderen Unternehmen der Region. Durch die Schaffung von Synergien kann das Unternehmen Dienstleistungen entlang der gesamten Energieversorgungskette anbieten \u2013 von der Erzeugung bis zum Verbrauch. Das umfassende Angebot f\u00fcr Privatkunden, Industriekunden und Dienstleistungsunternehmen ist besonders umfangreich und beinhaltet:<\/p>\n","protected":false},"author":1,"featured_media":3071,"parent":0,"menu_order":0,"comment_status":"closed","ping_status":"closed","template":"","meta":{"footnotes":""},"class_list":["post-3119","page","type-page","status-publish","has-post-thumbnail","hentry"],"yoast_head":"<!-- This site is optimized with the Yoast SEO Premium plugin v26.7 (Yoast SEO v27.3) - https:\/\/yoast.com\/product\/yoast-seo-premium-wordpress\/ -->\n<title>Noleggio operativo - Seasolar Swiss<\/title>\n<meta name=\"description\" content=\"Seasolar Swiss offre servizi di consulenza nell&#039;ambito dell&#039;efficienza energetica, della gestione e ottimizzazione dei consumi per le aziende\" \/>\n<meta name=\"robots\" content=\"index, follow, max-snippet:-1, max-image-preview:large, max-video-preview:-1\" \/>\n<link rel=\"canonical\" href=\"https:\/\/seasolar.ch\/noleggio-operativo\/\" \/>\n<meta property=\"og:locale\" content=\"de_DE\" \/>\n<meta property=\"og:type\" content=\"article\" \/>\n<meta property=\"og:title\" content=\"[:it]Noleggio operativo[:en]Operating lease[:de]Betriebs leasing[:fr]Location exploitation[:es]Arrendamiento operativo[:]\" \/>\n<meta property=\"og:description\" content=\"Seasolar Swiss offre servizi di consulenza nell&#039;ambito dell&#039;efficienza energetica, della gestione e ottimizzazione dei consumi per le aziende\" \/>\n<meta property=\"og:url\" content=\"https:\/\/seasolar.ch\/noleggio-operativo\/\" \/>\n<meta property=\"og:site_name\" content=\"Seasolar Swiss\" \/>\n<meta property=\"article:publisher\" content=\"https:\/\/www.facebook.com\/seasolargroup\" \/>\n<meta property=\"article:modified_time\" content=\"2026-01-11T21:43:06+00:00\" \/>\n<meta property=\"og:image\" content=\"https:\/\/seasolar.ch\/wp-content\/uploads\/2026\/01\/Fotovoltaico-20kW-Oristano-IT-09094-1.jpg\" \/>\n\t<meta property=\"og:image:width\" content=\"1290\" \/>\n\t<meta property=\"og:image:height\" content=\"968\" \/>\n\t<meta property=\"og:image:type\" content=\"image\/jpeg\" \/>\n<meta name=\"twitter:card\" content=\"summary_large_image\" \/>\n<meta name=\"twitter:site\" content=\"@seasolargroup\" \/>\n<meta name=\"twitter:label1\" content=\"Gesch\u00e4tzte Lesezeit\" \/>\n\t<meta name=\"twitter:data1\" content=\"6\u00a0Minuten\" \/>\n<script type=\"application\/ld+json\" class=\"yoast-schema-graph\">{\"@context\":\"https:\\\/\\\/schema.org\",\"@graph\":[{\"@type\":\"WebPage\",\"@id\":\"https:\\\/\\\/seasolar.ch\\\/noleggio-operativo\\\/\",\"url\":\"https:\\\/\\\/seasolar.ch\\\/noleggio-operativo\\\/\",\"name\":\"Noleggio operativo - Seasolar Swiss\",\"isPartOf\":{\"@id\":\"https:\\\/\\\/seasolar.ch\\\/#website\"},\"primaryImageOfPage\":{\"@id\":\"https:\\\/\\\/seasolar.ch\\\/noleggio-operativo\\\/#primaryimage\"},\"image\":{\"@id\":\"https:\\\/\\\/seasolar.ch\\\/noleggio-operativo\\\/#primaryimage\"},\"thumbnailUrl\":\"https:\\\/\\\/i0.wp.com\\\/seasolar.ch\\\/wp-content\\\/uploads\\\/2026\\\/01\\\/Fotovoltaico-20kW-Oristano-IT-09094-1.jpg?fit=1290%2C968&ssl=1\",\"datePublished\":\"2026-01-11T18:35:04+00:00\",\"dateModified\":\"2026-01-11T21:43:06+00:00\",\"description\":\"Seasolar Swiss offre servizi di consulenza nell'ambito dell'efficienza energetica, della gestione e ottimizzazione dei consumi per le aziende\",\"breadcrumb\":{\"@id\":\"https:\\\/\\\/seasolar.ch\\\/noleggio-operativo\\\/#breadcrumb\"},\"inLanguage\":\"de\",\"potentialAction\":[{\"@type\":\"ReadAction\",\"target\":[\"https:\\\/\\\/seasolar.ch\\\/noleggio-operativo\\\/\"]}]},{\"@type\":\"ImageObject\",\"inLanguage\":\"de\",\"@id\":\"https:\\\/\\\/seasolar.ch\\\/noleggio-operativo\\\/#primaryimage\",\"url\":\"https:\\\/\\\/i0.wp.com\\\/seasolar.ch\\\/wp-content\\\/uploads\\\/2026\\\/01\\\/Fotovoltaico-20kW-Oristano-IT-09094-1.jpg?fit=1290%2C968&ssl=1\",\"contentUrl\":\"https:\\\/\\\/i0.wp.com\\\/seasolar.ch\\\/wp-content\\\/uploads\\\/2026\\\/01\\\/Fotovoltaico-20kW-Oristano-IT-09094-1.jpg?fit=1290%2C968&ssl=1\",\"width\":1290,\"height\":968,\"caption\":\"servizi\"},{\"@type\":\"BreadcrumbList\",\"@id\":\"https:\\\/\\\/seasolar.ch\\\/noleggio-operativo\\\/#breadcrumb\",\"itemListElement\":[{\"@type\":\"ListItem\",\"position\":1,\"name\":\"Home\",\"item\":\"https:\\\/\\\/seasolar.ch\\\/\"},{\"@type\":\"ListItem\",\"position\":2,\"name\":\"Noleggio operativo\"}]},{\"@type\":\"WebSite\",\"@id\":\"https:\\\/\\\/seasolar.ch\\\/#website\",\"url\":\"https:\\\/\\\/seasolar.ch\\\/\",\"name\":\"Seasolar Swiss\",\"description\":\"Dal 2008 impianti fotovoltaici &quot;chiavi in mano&quot;\",\"publisher\":{\"@id\":\"https:\\\/\\\/seasolar.ch\\\/#organization\"},\"potentialAction\":[{\"@type\":\"SearchAction\",\"target\":{\"@type\":\"EntryPoint\",\"urlTemplate\":\"https:\\\/\\\/seasolar.ch\\\/?s={search_term_string}\"},\"query-input\":{\"@type\":\"PropertyValueSpecification\",\"valueRequired\":true,\"valueName\":\"search_term_string\"}}],\"inLanguage\":\"de\"},{\"@type\":\"Organization\",\"@id\":\"https:\\\/\\\/seasolar.ch\\\/#organization\",\"name\":\"Seasolar Swiss\",\"url\":\"https:\\\/\\\/seasolar.ch\\\/\",\"logo\":{\"@type\":\"ImageObject\",\"inLanguage\":\"de\",\"@id\":\"https:\\\/\\\/seasolar.ch\\\/#\\\/schema\\\/logo\\\/image\\\/\",\"url\":\"https:\\\/\\\/seasolar.ch\\\/wp-content\\\/uploads\\\/2025\\\/08\\\/cropped-seasolar_logo_2024_social.png\",\"contentUrl\":\"https:\\\/\\\/seasolar.ch\\\/wp-content\\\/uploads\\\/2025\\\/08\\\/cropped-seasolar_logo_2024_social.png\",\"width\":512,\"height\":512,\"caption\":\"Seasolar Swiss\"},\"image\":{\"@id\":\"https:\\\/\\\/seasolar.ch\\\/#\\\/schema\\\/logo\\\/image\\\/\"},\"sameAs\":[\"https:\\\/\\\/www.facebook.com\\\/seasolargroup\",\"https:\\\/\\\/x.com\\\/seasolargroup\",\"https:\\\/\\\/www.linkedin.com\\\/in\\\/seasolar-group-news\\\/\",\"https:\\\/\\\/www.youtube.com\\\/channel\\\/UCVrmhrGih_bFnpj0as_vDuQ\",\"https:\\\/\\\/www.instagram.com\\\/fotovoltaico_seasolar\\\/\"]}]}<\/script>\n<!-- \/ Yoast SEO Premium plugin. -->","yoast_head_json":{"title":"Noleggio operativo - Seasolar Swiss","description":"Seasolar Swiss offre servizi di consulenza nell'ambito dell'efficienza energetica, della gestione e ottimizzazione dei consumi per le aziende","robots":{"index":"index","follow":"follow","max-snippet":"max-snippet:-1","max-image-preview":"max-image-preview:large","max-video-preview":"max-video-preview:-1"},"canonical":"https:\/\/seasolar.ch\/noleggio-operativo\/","og_locale":"de_DE","og_type":"article","og_title":"[:it]Noleggio operativo[:en]Operating lease[:de]Betriebs leasing[:fr]Location exploitation[:es]Arrendamiento operativo[:]","og_description":"Seasolar Swiss offre servizi di consulenza nell'ambito dell'efficienza energetica, della gestione e ottimizzazione dei consumi per le aziende","og_url":"https:\/\/seasolar.ch\/noleggio-operativo\/","og_site_name":"Seasolar Swiss","article_publisher":"https:\/\/www.facebook.com\/seasolargroup","article_modified_time":"2026-01-11T21:43:06+00:00","og_image":[{"width":1290,"height":968,"url":"https:\/\/seasolar.ch\/wp-content\/uploads\/2026\/01\/Fotovoltaico-20kW-Oristano-IT-09094-1.jpg","type":"image\/jpeg"}],"twitter_card":"summary_large_image","twitter_site":"@seasolargroup","twitter_misc":{"Gesch\u00e4tzte Lesezeit":"6\u00a0Minuten"},"schema":{"@context":"https:\/\/schema.org","@graph":[{"@type":"WebPage","@id":"https:\/\/seasolar.ch\/noleggio-operativo\/","url":"https:\/\/seasolar.ch\/noleggio-operativo\/","name":"Noleggio operativo - Seasolar Swiss","isPartOf":{"@id":"https:\/\/seasolar.ch\/#website"},"primaryImageOfPage":{"@id":"https:\/\/seasolar.ch\/noleggio-operativo\/#primaryimage"},"image":{"@id":"https:\/\/seasolar.ch\/noleggio-operativo\/#primaryimage"},"thumbnailUrl":"https:\/\/i0.wp.com\/seasolar.ch\/wp-content\/uploads\/2026\/01\/Fotovoltaico-20kW-Oristano-IT-09094-1.jpg?fit=1290%2C968&ssl=1","datePublished":"2026-01-11T18:35:04+00:00","dateModified":"2026-01-11T21:43:06+00:00","description":"Seasolar Swiss offre servizi di consulenza nell'ambito dell'efficienza energetica, della gestione e ottimizzazione dei consumi per le aziende","breadcrumb":{"@id":"https:\/\/seasolar.ch\/noleggio-operativo\/#breadcrumb"},"inLanguage":"de","potentialAction":[{"@type":"ReadAction","target":["https:\/\/seasolar.ch\/noleggio-operativo\/"]}]},{"@type":"ImageObject","inLanguage":"de","@id":"https:\/\/seasolar.ch\/noleggio-operativo\/#primaryimage","url":"https:\/\/i0.wp.com\/seasolar.ch\/wp-content\/uploads\/2026\/01\/Fotovoltaico-20kW-Oristano-IT-09094-1.jpg?fit=1290%2C968&ssl=1","contentUrl":"https:\/\/i0.wp.com\/seasolar.ch\/wp-content\/uploads\/2026\/01\/Fotovoltaico-20kW-Oristano-IT-09094-1.jpg?fit=1290%2C968&ssl=1","width":1290,"height":968,"caption":"servizi"},{"@type":"BreadcrumbList","@id":"https:\/\/seasolar.ch\/noleggio-operativo\/#breadcrumb","itemListElement":[{"@type":"ListItem","position":1,"name":"Home","item":"https:\/\/seasolar.ch\/"},{"@type":"ListItem","position":2,"name":"Noleggio operativo"}]},{"@type":"WebSite","@id":"https:\/\/seasolar.ch\/#website","url":"https:\/\/seasolar.ch\/","name":"Seasolar Swiss","description":"Dal 2008 impianti fotovoltaici &quot;chiavi in mano&quot;","publisher":{"@id":"https:\/\/seasolar.ch\/#organization"},"potentialAction":[{"@type":"SearchAction","target":{"@type":"EntryPoint","urlTemplate":"https:\/\/seasolar.ch\/?s={search_term_string}"},"query-input":{"@type":"PropertyValueSpecification","valueRequired":true,"valueName":"search_term_string"}}],"inLanguage":"de"},{"@type":"Organization","@id":"https:\/\/seasolar.ch\/#organization","name":"Seasolar Swiss","url":"https:\/\/seasolar.ch\/","logo":{"@type":"ImageObject","inLanguage":"de","@id":"https:\/\/seasolar.ch\/#\/schema\/logo\/image\/","url":"https:\/\/seasolar.ch\/wp-content\/uploads\/2025\/08\/cropped-seasolar_logo_2024_social.png","contentUrl":"https:\/\/seasolar.ch\/wp-content\/uploads\/2025\/08\/cropped-seasolar_logo_2024_social.png","width":512,"height":512,"caption":"Seasolar Swiss"},"image":{"@id":"https:\/\/seasolar.ch\/#\/schema\/logo\/image\/"},"sameAs":["https:\/\/www.facebook.com\/seasolargroup","https:\/\/x.com\/seasolargroup","https:\/\/www.linkedin.com\/in\/seasolar-group-news\/","https:\/\/www.youtube.com\/channel\/UCVrmhrGih_bFnpj0as_vDuQ","https:\/\/www.instagram.com\/fotovoltaico_seasolar\/"]}]}},"jetpack_likes_enabled":true,"jetpack-related-posts":[],"jetpack_sharing_enabled":true,"_links":{"self":[{"href":"https:\/\/seasolar.ch\/de\/wp-json\/wp\/v2\/pages\/3119","targetHints":{"allow":["GET"]}}],"collection":[{"href":"https:\/\/seasolar.ch\/de\/wp-json\/wp\/v2\/pages"}],"about":[{"href":"https:\/\/seasolar.ch\/de\/wp-json\/wp\/v2\/types\/page"}],"author":[{"embeddable":true,"href":"https:\/\/seasolar.ch\/de\/wp-json\/wp\/v2\/users\/1"}],"replies":[{"embeddable":true,"href":"https:\/\/seasolar.ch\/de\/wp-json\/wp\/v2\/comments?post=3119"}],"version-history":[{"count":3,"href":"https:\/\/seasolar.ch\/de\/wp-json\/wp\/v2\/pages\/3119\/revisions"}],"predecessor-version":[{"id":3130,"href":"https:\/\/seasolar.ch\/de\/wp-json\/wp\/v2\/pages\/3119\/revisions\/3130"}],"wp:featuredmedia":[{"embeddable":true,"href":"https:\/\/seasolar.ch\/de\/wp-json\/wp\/v2\/media\/3071"}],"wp:attachment":[{"href":"https:\/\/seasolar.ch\/de\/wp-json\/wp\/v2\/media?parent=3119"}],"curies":[{"name":"wp","href":"https:\/\/api.w.org\/{rel}","templated":true}]}}