{"id":817,"date":"2025-09-20T19:21:32","date_gmt":"2025-09-20T18:21:32","guid":{"rendered":"https:\/\/seasolar.ch\/?page_id=817"},"modified":"2025-09-20T19:32:05","modified_gmt":"2025-09-20T18:32:05","slug":"note-legali","status":"publish","type":"page","link":"https:\/\/seasolar.ch\/de\/note-legali\/","title":{"rendered":"Impressum"},"content":{"rendered":"<p><span style=\"color: #ffffff;\">Impressum<\/span><\/p>\n<h2>Impressum<\/h2>\n<p><span style=\"color: #ffffff;\">Impressum<\/span><\/p>\n<h3>1. Das Unternehmen<\/h3>\n<p>Sonkraft SA mit Sitz in Via Maggio 1\/C, 6900 Lugano, Handelsregisternummer CHE-338.510.825, USt-IdNr. CHE-338.510.825 IVA<\/p>\n<h3>2. Die Website<\/h3>\n<p>Die Website seasolar.ch (die \u201eWebsite\u201c) ist Eigentum der Sonkraft SA (\u201eUnternehmen\u201c) und wurde zu Informations-, Werbe- und Marketingzwecken f\u00fcr den Gesch\u00e4ftsbereich Seasolar Swiss erstellt.<br \/>\nSeasolar Swiss arbeitet mit Erzeugern und Verbrauchern (\u00f6ffentliche Verwaltung, Industrie und Dienstleistungssektor, lokale Gemeinden) an der Entwicklung nachhaltiger Energie und implementiert effiziente, transparente und intelligente Managementsysteme. Mit verschiedenen Gesch\u00e4ftsbereichen bietet das Unternehmen einen umfassenden und flexiblen Service entlang der gesamten Energiekette.<\/p>\n<p>Die Marke \u201eSeasolar\u201c, die auf den Seiten der Website abgebildeten Marken des Unternehmens und alle anderen Unterscheidungsmerkmale (Wort- und\/oder Bildzeichen) (die \u201eMarken\u201c) sind ausschlie\u00dfliches Eigentum des Unternehmens und\/oder anderer Unternehmen der Gruppe. Jede Verwendung oder Vervielf\u00e4ltigung zu irgendeinem Zweck oder mit irgendeinem Mittel ist ausdr\u00fccklich und strengstens untersagt und wird vom Unternehmen gem\u00e4\u00df den gesetzlichen Bestimmungen verfolgt. Die auf der Website abgebildeten Marken Dritter sind ausschlie\u00dfliches Eigentum ihrer jeweiligen Inhaber, die ihre Verwendung genehmigt haben. Jede Vervielf\u00e4ltigung ist untersagt.<\/p>\n<p>Die Seiten der Website und ihre Inhalte (einschlie\u00dflich, aber nicht beschr\u00e4nkt auf: Texte, Bilder, Grafiken, T\u00f6ne) sind urheberrechtlich gesch\u00fctzt, dessen Eigent\u00fcmer das Unternehmen ist, oder enthalten Material, dessen Verwendung ordnungsgem\u00e4\u00df genehmigt wurde. Daher ist ihre Vervielf\u00e4ltigung, Vervielf\u00e4ltigung, Ver\u00f6ffentlichung oder \u00dcbermittlung (vollst\u00e4ndig oder teilweise) in jeglicher Form oder Weise untersagt. Reproduktionen der Website oder Teile davon d\u00fcrfen nicht zu kommerziellen Zwecken verkauft oder verbreitet werden.<\/p>\n<p>Das Herunterladen der auf der Website vorhandenen Inhalte ist nur mit ausdr\u00fccklicher Genehmigung durch einen entsprechenden Hinweis auf der Website zul\u00e4ssig. Diese Genehmigung bezieht sich ausschlie\u00dflich auf die Nutzung des heruntergeladenen Materials f\u00fcr pers\u00f6nliche und nichtkommerzielle Zwecke. Jede andere Form der Nutzung ist strengstens untersagt. Nichts auf der Website darf als ausdr\u00fcckliche oder stillschweigende Lizenz zugunsten Dritter zur Nutzung der Marken, Texte, Bilder, Grafiken, T\u00f6ne und anderer Elemente ausgelegt werden, die Gegenstand der in den vorstehenden Abs\u00e4tzen genannten ausschlie\u00dflichen Rechte sind.<\/p>\n<h3>3. Haftung<\/h3>\n<p>Das Unternehmen arbeitet mit gr\u00f6\u00dftm\u00f6glicher Sorgfalt, um die Inhalte der Website auszuw\u00e4hlen und auf dem neuesten Stand zu halten. In jedem Fall lehnt das Unternehmen jegliche Haftung f\u00fcr unvollst\u00e4ndige oder fehlerhafte Informationen ab.<\/p>\n<p>Soweit gesetzlich zul\u00e4ssig, lehnt das Unternehmen au\u00dferdem jegliche Haftung f\u00fcr Sch\u00e4den ab, die Nutzern und deren Eigentum durch den Zugriff auf die Website, die Unm\u00f6glichkeit des Zugriffs oder das Herunterladen von Inhalten von der Website, sofern dies gestattet ist, entstehen, einschlie\u00dflich Sch\u00e4den an der Computerausr\u00fcstung der Nutzer durch Viren. Das Unternehmen ist ausschlie\u00dflich f\u00fcr den Inhalt seiner eigenen Website verantwortlich und haftet nicht f\u00fcr den Inhalt von Websites Dritter, die \u00fcber Links von der Website aus erreicht werden k\u00f6nnen, da es keine Kontrolle \u00fcber diese hat.<\/p>\n<h3>4. Zug\u00e4nglichkeit<\/h3>\n<p>Wir sind st\u00e4ndig bem\u00fcht, die Website f\u00fcr alle Nutzer so zug\u00e4nglich und nutzbar wie m\u00f6glich zu gestalten. Unser Ziel ist es, alle Schwierigkeiten beim Zugriff auf die Informationen dieser Website zu beseitigen. Sollten Sie auf Probleme sto\u00dfen, kontaktieren Sie uns bitte unter: info@seasolar.ch<\/p>\n<h3>5. Websites Dritter<\/h3>\n<p>Da die Website m\u00f6glicherweise Zugriff auf Websites Dritter erm\u00f6glicht, die Dritten geh\u00f6ren und von diesen betrieben werden, beachten Sie bitte, dass dieser Haftungsausschluss nicht f\u00fcr solche Websites Dritter gilt und das Unternehmen nicht f\u00fcr deren Aktivit\u00e4ten verantwortlich ist. In diesen F\u00e4llen empfehlen wir Ihnen, die rechtlichen Hinweise der jeweiligen Websites Dritter sorgf\u00e4ltig zu lesen.<\/p>\n<h3>6. \u00c4nderungen und Aktualisierungen<\/h3>\n<p>Das Unternehmen beh\u00e4lt sich das Recht vor, den Inhalt dieses Haftungsausschlusses ganz oder teilweise zu \u00e4ndern oder zu aktualisieren (auch aufgrund von \u00c4nderungen der geltenden Gesetzgebung). Die \u00c4nderungen werden auf der Website ver\u00f6ffentlicht und Ihnen, sofern wesentlich, per E-Mail mitgeteilt. Das Unternehmen l\u00e4dt Sie daher ein, diesen Bereich regelm\u00e4\u00dfig zu besuchen.<br \/>\nVersion aktualisiert im September 2025<br \/>\n\r\n\t\t<div class=\"divider4\"><span><\/span><\/div>\r\n\t\t<br \/>\n\n<div class=\"wpcf7 no-js\" id=\"wpcf7-f391-o3\" lang=\"en-US\" dir=\"ltr\" data-wpcf7-id=\"391\">\n<div class=\"screen-reader-response\"><p role=\"status\" aria-live=\"polite\" aria-atomic=\"true\"><\/p> <ul><\/ul><\/div>\n<form action=\"\/de\/wp-json\/wp\/v2\/pages\/817#wpcf7-f391-o3\" method=\"post\" class=\"wpcf7-form init\" aria-label=\"Contact form\" novalidate=\"novalidate\" data-status=\"init\">\n<fieldset class=\"hidden-fields-container\"><input type=\"hidden\" name=\"_wpcf7\" value=\"391\" \/><input type=\"hidden\" name=\"_wpcf7_version\" value=\"6.1.5\" \/><input type=\"hidden\" name=\"_wpcf7_locale\" value=\"en_US\" \/><input type=\"hidden\" name=\"_wpcf7_unit_tag\" value=\"wpcf7-f391-o3\" \/><input type=\"hidden\" name=\"_wpcf7_container_post\" value=\"0\" \/><input type=\"hidden\" name=\"_wpcf7_posted_data_hash\" value=\"\" \/>\n<\/fieldset>\n<p><label> <\/label>\n<\/p>\n<h2>Kontakt\n<\/h2>\n<p>&nbsp;<br \/>\n<label> Bitte kontaktieren Sie uns, wenn Sie Fragen zu unseren Angeboten oder unseren Produkten haben <\/label>\n<\/p>\n<p><label> Schreiben Sie an <a href=\"mailto:info@seasolar.ch\">info@seasolar.ch<\/a> oder f\u00fcllen Sie das folgende Formular aus und wir werden Sie kontaktieren: <\/label>\n<\/p>\n<p><label> Name *<br \/>\n<span class=\"wpcf7-form-control-wrap\" data-name=\"your-name\"><input size=\"40\" maxlength=\"400\" class=\"wpcf7-form-control wpcf7-text wpcf7-validates-as-required\" aria-required=\"true\" aria-invalid=\"false\" value=\"\" type=\"text\" name=\"your-name\" \/><\/span><\/label>\n<\/p>\n<p><label> Telefonnummer *<br \/>\n<span class=\"wpcf7-form-control-wrap\" data-name=\"tel-826\"><input size=\"40\" maxlength=\"400\" class=\"wpcf7-form-control wpcf7-tel wpcf7-validates-as-required wpcf7-text wpcf7-validates-as-tel\" aria-required=\"true\" aria-invalid=\"false\" value=\"\" type=\"tel\" name=\"tel-826\" \/><\/span><\/label>\n<\/p>\n<p><label> Deine E-Mail *<br \/>\n<span class=\"wpcf7-form-control-wrap\" data-name=\"your-email\"><input size=\"40\" maxlength=\"400\" class=\"wpcf7-form-control wpcf7-email wpcf7-validates-as-required wpcf7-text wpcf7-validates-as-email\" aria-required=\"true\" aria-invalid=\"false\" value=\"\" type=\"email\" name=\"your-email\" \/><\/span><\/label>\n<\/p>\n<p><label> Thema *<br \/>\n<span class=\"wpcf7-form-control-wrap\" data-name=\"your-subject\"><input size=\"40\" maxlength=\"400\" class=\"wpcf7-form-control wpcf7-text wpcf7-validates-as-required\" aria-required=\"true\" aria-invalid=\"false\" value=\"\" type=\"text\" name=\"your-subject\" \/><\/span> <\/label>\n<\/p>\n<p><label> Nachricht *<br \/>\n<span class=\"wpcf7-form-control-wrap\" data-name=\"your-message\"><textarea cols=\"40\" rows=\"10\" maxlength=\"2000\" class=\"wpcf7-form-control wpcf7-textarea wpcf7-validates-as-required\" aria-required=\"true\" aria-invalid=\"false\" name=\"your-message\"><\/textarea><\/span> <\/label>\n<\/p>\n<p><label> * Pflichtfeld <\/label>\n<\/p>\n<p><input class=\"wpcf7-form-control wpcf7-submit has-spinner\" type=\"submit\" value=\"SENDEN\" \/>\n<\/p>\n<p><label><\/label>\n<\/p><div class=\"wpcf7-response-output\" aria-hidden=\"true\"><\/div>\n<\/form>\n<\/div>\n<\/p>\n<!-- sktbuilder starter --><script type=\"text\/javascript\" src=\"https:\/\/seasolar.ch\/wp-content\/plugins\/skt-builder\/sktbuilder\/sktbuilder-frontend-starter.js\"><\/script><script type=\"text\/javascript\" src=\"https:\/\/seasolar.ch\/wp-content\/plugins\/skt-builder\/sktbuilder-wordpress-driver.js\"><\/script><script type=\"text\/javascript\"> var starter = new SktbuilderStarter({\"mode\": \"prod\", \"skip\":[\"jquery\",\"underscore\",\"backbone\"],\"sktbuilderUrl\": \"https:\/\/seasolar.ch\/wp-content\/plugins\/skt-builder\/sktbuilder\/\", \"driver\": new SktbuilderWordpressDriver({\"ajaxUrl\": \"https:\/\/seasolar.ch\/wp-admin\/admin-ajax.php\", \"iframeUrl\": \"https:\/\/seasolar.ch\/de\/note-legali\/?sktbuilder=true\", \"pageId\": 817,  \"nonce\": \"3fb9496afa\", \"pages\": [], \"page\": \"Impressum\" }) });<\/script><!-- end sktbuilder starter -->","protected":false},"excerpt":{"rendered":"<p>Impressum Impressum Impressum 1. Das Unternehmen Sonkraft SA mit Sitz in Via Maggio 1\/C, 6900 Lugano, Handelsregisternummer CHE-338.510.825, USt-IdNr. CHE-338.510.825 IVA 2. Die Website Die Website seasolar.ch (die \u201eWebsite\u201c) ist Eigentum der Sonkraft SA (\u201eUnternehmen\u201c) und wurde zu Informations-, Werbe- und Marketingzwecken f\u00fcr den Gesch\u00e4ftsbereich Seasolar Swiss erstellt. Seasolar Swiss arbeitet mit Erzeugern und Verbrauchern<br \/><a class=\"moretag\" href=\"https:\/\/seasolar.ch\/de\/note-legali\/\">+ Read More<\/a><\/p>\n","protected":false},"author":1,"featured_media":8,"parent":0,"menu_order":0,"comment_status":"closed","ping_status":"closed","template":"","meta":{"footnotes":""},"class_list":["post-817","page","type-page","status-publish","has-post-thumbnail","hentry"],"yoast_head":"<!-- This site is optimized with the Yoast SEO Premium plugin v26.7 (Yoast SEO v27.4) - https:\/\/yoast.com\/product\/yoast-seo-premium-wordpress\/ -->\n<title>Seasolar Swiss - Note legali<\/title>\n<meta name=\"description\" content=\"Seasolar Swiss offre servizi di consulenza nell&#039;ambito dell&#039;efficienza energetica, della gestione e ottimizzazione dei consumi per le aziende\" \/>\n<meta name=\"robots\" content=\"noindex, nofollow\" \/>\n<meta property=\"og:locale\" content=\"de_DE\" \/>\n<meta property=\"og:type\" content=\"article\" \/>\n<meta property=\"og:title\" content=\"[:it]Note legali[:en]Imprint[:de]Impressum[:fr]Mention l\u00e9gale[:es]Aviso legal[:]\" \/>\n<meta property=\"og:description\" content=\"Seasolar Swiss offre servizi di consulenza nell&#039;ambito dell&#039;efficienza energetica, della gestione e ottimizzazione dei consumi per le aziende\" \/>\n<meta property=\"og:url\" content=\"https:\/\/seasolar.ch\/note-legali\/\" \/>\n<meta property=\"og:site_name\" content=\"Seasolar Swiss\" \/>\n<meta property=\"article:publisher\" content=\"https:\/\/www.facebook.com\/seasolargroup\" \/>\n<meta property=\"article:modified_time\" content=\"2025-09-20T18:32:05+00:00\" \/>\n<meta property=\"og:image\" content=\"https:\/\/seasolar.ch\/wp-content\/uploads\/2025\/08\/cropped-seasolar_logo_2024_social.png\" \/>\n\t<meta property=\"og:image:width\" content=\"512\" \/>\n\t<meta property=\"og:image:height\" content=\"512\" \/>\n\t<meta property=\"og:image:type\" content=\"image\/png\" \/>\n<meta name=\"twitter:card\" content=\"summary_large_image\" \/>\n<meta name=\"twitter:site\" content=\"@seasolargroup\" \/>\n<meta name=\"twitter:label1\" content=\"Gesch\u00e4tzte Lesezeit\" \/>\n\t<meta name=\"twitter:data1\" content=\"4\u00a0Minuten\" \/>\n<script type=\"application\/ld+json\" class=\"yoast-schema-graph\">{\"@context\":\"https:\\\/\\\/schema.org\",\"@graph\":[{\"@type\":\"WebPage\",\"@id\":\"https:\\\/\\\/seasolar.ch\\\/note-legali\\\/\",\"url\":\"https:\\\/\\\/seasolar.ch\\\/note-legali\\\/\",\"name\":\"Seasolar Swiss - Note legali\",\"isPartOf\":{\"@id\":\"https:\\\/\\\/seasolar.ch\\\/#website\"},\"primaryImageOfPage\":{\"@id\":\"https:\\\/\\\/seasolar.ch\\\/note-legali\\\/#primaryimage\"},\"image\":{\"@id\":\"https:\\\/\\\/seasolar.ch\\\/note-legali\\\/#primaryimage\"},\"thumbnailUrl\":\"https:\\\/\\\/i0.wp.com\\\/seasolar.ch\\\/wp-content\\\/uploads\\\/2025\\\/08\\\/cropped-seasolar_logo_2024_social.png?fit=512%2C512&ssl=1\",\"datePublished\":\"2025-09-20T18:21:32+00:00\",\"dateModified\":\"2025-09-20T18:32:05+00:00\",\"description\":\"Seasolar Swiss offre servizi di consulenza nell'ambito dell'efficienza energetica, della gestione e ottimizzazione dei consumi per le aziende\",\"breadcrumb\":{\"@id\":\"https:\\\/\\\/seasolar.ch\\\/note-legali\\\/#breadcrumb\"},\"inLanguage\":\"de\",\"potentialAction\":[{\"@type\":\"ReadAction\",\"target\":[\"https:\\\/\\\/seasolar.ch\\\/note-legali\\\/\"]}]},{\"@type\":\"ImageObject\",\"inLanguage\":\"de\",\"@id\":\"https:\\\/\\\/seasolar.ch\\\/note-legali\\\/#primaryimage\",\"url\":\"https:\\\/\\\/i0.wp.com\\\/seasolar.ch\\\/wp-content\\\/uploads\\\/2025\\\/08\\\/cropped-seasolar_logo_2024_social.png?fit=512%2C512&ssl=1\",\"contentUrl\":\"https:\\\/\\\/i0.wp.com\\\/seasolar.ch\\\/wp-content\\\/uploads\\\/2025\\\/08\\\/cropped-seasolar_logo_2024_social.png?fit=512%2C512&ssl=1\",\"width\":512,\"height\":512,\"caption\":\"Seasolar Swiss\"},{\"@type\":\"BreadcrumbList\",\"@id\":\"https:\\\/\\\/seasolar.ch\\\/note-legali\\\/#breadcrumb\",\"itemListElement\":[{\"@type\":\"ListItem\",\"position\":1,\"name\":\"Home\",\"item\":\"https:\\\/\\\/seasolar.ch\\\/\"},{\"@type\":\"ListItem\",\"position\":2,\"name\":\"Note legali\"}]},{\"@type\":\"WebSite\",\"@id\":\"https:\\\/\\\/seasolar.ch\\\/#website\",\"url\":\"https:\\\/\\\/seasolar.ch\\\/\",\"name\":\"Seasolar Swiss\",\"description\":\"Dal 2008 impianti fotovoltaici &quot;chiavi in mano&quot;\",\"publisher\":{\"@id\":\"https:\\\/\\\/seasolar.ch\\\/#organization\"},\"potentialAction\":[{\"@type\":\"SearchAction\",\"target\":{\"@type\":\"EntryPoint\",\"urlTemplate\":\"https:\\\/\\\/seasolar.ch\\\/?s={search_term_string}\"},\"query-input\":{\"@type\":\"PropertyValueSpecification\",\"valueRequired\":true,\"valueName\":\"search_term_string\"}}],\"inLanguage\":\"de\"},{\"@type\":\"Organization\",\"@id\":\"https:\\\/\\\/seasolar.ch\\\/#organization\",\"name\":\"Seasolar Swiss\",\"url\":\"https:\\\/\\\/seasolar.ch\\\/\",\"logo\":{\"@type\":\"ImageObject\",\"inLanguage\":\"de\",\"@id\":\"https:\\\/\\\/seasolar.ch\\\/#\\\/schema\\\/logo\\\/image\\\/\",\"url\":\"https:\\\/\\\/seasolar.ch\\\/wp-content\\\/uploads\\\/2025\\\/08\\\/cropped-seasolar_logo_2024_social.png\",\"contentUrl\":\"https:\\\/\\\/seasolar.ch\\\/wp-content\\\/uploads\\\/2025\\\/08\\\/cropped-seasolar_logo_2024_social.png\",\"width\":512,\"height\":512,\"caption\":\"Seasolar Swiss\"},\"image\":{\"@id\":\"https:\\\/\\\/seasolar.ch\\\/#\\\/schema\\\/logo\\\/image\\\/\"},\"sameAs\":[\"https:\\\/\\\/www.facebook.com\\\/seasolargroup\",\"https:\\\/\\\/x.com\\\/seasolargroup\",\"https:\\\/\\\/www.linkedin.com\\\/in\\\/seasolar-group-news\\\/\",\"https:\\\/\\\/www.youtube.com\\\/channel\\\/UCVrmhrGih_bFnpj0as_vDuQ\",\"https:\\\/\\\/www.instagram.com\\\/fotovoltaico_seasolar\\\/\"]}]}<\/script>\n<!-- \/ Yoast SEO Premium plugin. -->","yoast_head_json":{"title":"Seasolar Swiss - Note legali","description":"Seasolar Swiss offre servizi di consulenza nell'ambito dell'efficienza energetica, della gestione e ottimizzazione dei consumi per le aziende","robots":{"index":"noindex","follow":"nofollow"},"og_locale":"de_DE","og_type":"article","og_title":"[:it]Note legali[:en]Imprint[:de]Impressum[:fr]Mention l\u00e9gale[:es]Aviso legal[:]","og_description":"Seasolar Swiss offre servizi di consulenza nell'ambito dell'efficienza energetica, della gestione e ottimizzazione dei consumi per le aziende","og_url":"https:\/\/seasolar.ch\/note-legali\/","og_site_name":"Seasolar Swiss","article_publisher":"https:\/\/www.facebook.com\/seasolargroup","article_modified_time":"2025-09-20T18:32:05+00:00","og_image":[{"width":512,"height":512,"url":"https:\/\/seasolar.ch\/wp-content\/uploads\/2025\/08\/cropped-seasolar_logo_2024_social.png","type":"image\/png"}],"twitter_card":"summary_large_image","twitter_site":"@seasolargroup","twitter_misc":{"Gesch\u00e4tzte Lesezeit":"4\u00a0Minuten"},"schema":{"@context":"https:\/\/schema.org","@graph":[{"@type":"WebPage","@id":"https:\/\/seasolar.ch\/note-legali\/","url":"https:\/\/seasolar.ch\/note-legali\/","name":"Seasolar Swiss - Note legali","isPartOf":{"@id":"https:\/\/seasolar.ch\/#website"},"primaryImageOfPage":{"@id":"https:\/\/seasolar.ch\/note-legali\/#primaryimage"},"image":{"@id":"https:\/\/seasolar.ch\/note-legali\/#primaryimage"},"thumbnailUrl":"https:\/\/i0.wp.com\/seasolar.ch\/wp-content\/uploads\/2025\/08\/cropped-seasolar_logo_2024_social.png?fit=512%2C512&ssl=1","datePublished":"2025-09-20T18:21:32+00:00","dateModified":"2025-09-20T18:32:05+00:00","description":"Seasolar Swiss offre servizi di consulenza nell'ambito dell'efficienza energetica, della gestione e ottimizzazione dei consumi per le aziende","breadcrumb":{"@id":"https:\/\/seasolar.ch\/note-legali\/#breadcrumb"},"inLanguage":"de","potentialAction":[{"@type":"ReadAction","target":["https:\/\/seasolar.ch\/note-legali\/"]}]},{"@type":"ImageObject","inLanguage":"de","@id":"https:\/\/seasolar.ch\/note-legali\/#primaryimage","url":"https:\/\/i0.wp.com\/seasolar.ch\/wp-content\/uploads\/2025\/08\/cropped-seasolar_logo_2024_social.png?fit=512%2C512&ssl=1","contentUrl":"https:\/\/i0.wp.com\/seasolar.ch\/wp-content\/uploads\/2025\/08\/cropped-seasolar_logo_2024_social.png?fit=512%2C512&ssl=1","width":512,"height":512,"caption":"Seasolar Swiss"},{"@type":"BreadcrumbList","@id":"https:\/\/seasolar.ch\/note-legali\/#breadcrumb","itemListElement":[{"@type":"ListItem","position":1,"name":"Home","item":"https:\/\/seasolar.ch\/"},{"@type":"ListItem","position":2,"name":"Note legali"}]},{"@type":"WebSite","@id":"https:\/\/seasolar.ch\/#website","url":"https:\/\/seasolar.ch\/","name":"Seasolar Swiss","description":"Dal 2008 impianti fotovoltaici &quot;chiavi in mano&quot;","publisher":{"@id":"https:\/\/seasolar.ch\/#organization"},"potentialAction":[{"@type":"SearchAction","target":{"@type":"EntryPoint","urlTemplate":"https:\/\/seasolar.ch\/?s={search_term_string}"},"query-input":{"@type":"PropertyValueSpecification","valueRequired":true,"valueName":"search_term_string"}}],"inLanguage":"de"},{"@type":"Organization","@id":"https:\/\/seasolar.ch\/#organization","name":"Seasolar Swiss","url":"https:\/\/seasolar.ch\/","logo":{"@type":"ImageObject","inLanguage":"de","@id":"https:\/\/seasolar.ch\/#\/schema\/logo\/image\/","url":"https:\/\/seasolar.ch\/wp-content\/uploads\/2025\/08\/cropped-seasolar_logo_2024_social.png","contentUrl":"https:\/\/seasolar.ch\/wp-content\/uploads\/2025\/08\/cropped-seasolar_logo_2024_social.png","width":512,"height":512,"caption":"Seasolar Swiss"},"image":{"@id":"https:\/\/seasolar.ch\/#\/schema\/logo\/image\/"},"sameAs":["https:\/\/www.facebook.com\/seasolargroup","https:\/\/x.com\/seasolargroup","https:\/\/www.linkedin.com\/in\/seasolar-group-news\/","https:\/\/www.youtube.com\/channel\/UCVrmhrGih_bFnpj0as_vDuQ","https:\/\/www.instagram.com\/fotovoltaico_seasolar\/"]}]}},"jetpack_likes_enabled":true,"jetpack-related-posts":[],"jetpack_sharing_enabled":true,"_links":{"self":[{"href":"https:\/\/seasolar.ch\/de\/wp-json\/wp\/v2\/pages\/817","targetHints":{"allow":["GET"]}}],"collection":[{"href":"https:\/\/seasolar.ch\/de\/wp-json\/wp\/v2\/pages"}],"about":[{"href":"https:\/\/seasolar.ch\/de\/wp-json\/wp\/v2\/types\/page"}],"author":[{"embeddable":true,"href":"https:\/\/seasolar.ch\/de\/wp-json\/wp\/v2\/users\/1"}],"replies":[{"embeddable":true,"href":"https:\/\/seasolar.ch\/de\/wp-json\/wp\/v2\/comments?post=817"}],"version-history":[{"count":3,"href":"https:\/\/seasolar.ch\/de\/wp-json\/wp\/v2\/pages\/817\/revisions"}],"predecessor-version":[{"id":820,"href":"https:\/\/seasolar.ch\/de\/wp-json\/wp\/v2\/pages\/817\/revisions\/820"}],"wp:featuredmedia":[{"embeddable":true,"href":"https:\/\/seasolar.ch\/de\/wp-json\/wp\/v2\/media\/8"}],"wp:attachment":[{"href":"https:\/\/seasolar.ch\/de\/wp-json\/wp\/v2\/media?parent=817"}],"curies":[{"name":"wp","href":"https:\/\/api.w.org\/{rel}","templated":true}]}}