{"id":1464,"date":"2018-08-05T00:00:00","date_gmt":"2018-08-04T23:00:00","guid":{"rendered":"https:\/\/seasolar.ch\/prodotto\/varta-pulse-6\/"},"modified":"2025-11-02T15:15:01","modified_gmt":"2025-11-02T14:15:01","slug":"varta-pulse-6","status":"publish","type":"product","link":"https:\/\/seasolar.ch\/de\/prodotto\/varta-pulse-6\/","title":{"rendered":"VARTA PULSE 6"},"content":{"rendered":"<p><img data-recalc-dims=\"1\" loading=\"lazy\" decoding=\"async\" data-id=\"3491\"  src=\"https:\/\/i0.wp.com\/seasolar.ch\/wp-content\/uploads\/2025\/09\/VARTA-PULSE.png?resize=650%2C900&#038;ssl=1\" alt=\"\" width=\"650\" height=\"900\" class=\"aligncenter size-full wp-image-3491\" \/><br \/>\n\r\n\t\t<div class=\"divider4\"><span><\/span><\/div>\r\n\t\t<\/p>\n<h2>Downloads<\/h2>\n<p><a href=\"https:\/\/seasolargroup.com\/wp-content\/uploads\/2018\/08\/VARTA-pulse-Datasheet-EN-7.pdf\" target=\"_blank\" rel=\"noopener noreferrer\">VARTA-pulse-Datasheet-EN-7<\/a><br \/>\n&nbsp;<br \/>\n<a href=\"https:\/\/seasolargroup.com\/wp-content\/uploads\/2018\/08\/Instruction_Manual_VARTA_pulse_UK.pdf\" target=\"_blank\" rel=\"noopener noreferrer\">Instruction_Manual_VARTA_pulse_UK<\/a><br \/>\n&nbsp;<br \/>\n<a href=\"https:\/\/seasolargroup.com\/wp-content\/uploads\/2018\/08\/Herstellergarantie_VARTA_pulse-1.pdf\" target=\"_blank\" rel=\"noopener noreferrer\">Herstellergarantie_VARTA_pulse<\/a><br \/>\n\r\n\t\t<div class=\"divider4\"><span><\/span><\/div>\r\n\t\t<\/p>\n<h2>Related offers<\/h2>\n<p><a href=\"https:\/\/seasolargroup.com\/tag\/VARTA\/\">Offers for VARTA<\/a><br \/>\n\r\n\t\t<div class=\"divider4\"><span><\/span><\/div>\r\n\t\t<\/p>\n<h2>Related projects<\/h2>\n\r\n\t\t<div class=\"divider4\"><span><\/span><\/div>\r\n\t\t\n<h2>Related videos<\/h2>\n<p><span class=\"embed-youtube\" style=\"text-align:center; display: block;\"><iframe loading=\"lazy\" class=\"youtube-player\" width=\"640\" height=\"360\" src=\"https:\/\/www.youtube.com\/embed\/U-5xSSAmccA?version=3&#038;rel=1&#038;showsearch=0&#038;showinfo=1&#038;iv_load_policy=1&#038;fs=1&#038;hl=de-DE&#038;autohide=2&#038;wmode=transparent&#038;listType=playlist&#038;list=PLwqK5bEOfjvJAOTNkzhXAiD42WBafeSkd\" allowfullscreen=\"true\" style=\"border:0;\" sandbox=\"allow-scripts allow-same-origin allow-popups allow-presentation allow-popups-to-escape-sandbox\"><\/iframe><\/span><br \/>\n\r\n\t\t<div class=\"divider4\"><span><\/span><\/div>\r\n\t\t<\/p>\n<h2>Contact<\/h2>\n<p>Please contact us with any questions you might have related to our offers or our products. We look forward to hearing how we can make the difference to you \/ Vi preghiamo di contattarci per eventuali domande relative alle nostre offerte o ai nostri prodotti. Non vediamo l&#8217;ora di sentire come possiamo fare la differenza per voi \/ Bitte kontaktieren Sie uns, wenn Sie Fragen zu unseren Angeboten oder unseren Produkten haben. Wir freuen uns zu h\u00f6ren, wie wir den Unterschied f\u00fcr Sie machen k\u00f6nnen\/N&#8217;h\u00e9sitez pas \u00e0 nous contacter pour toute question concernant nos offres ou nos produits. Nous avons h\u00e2te d&#8217;entendre comment nous pouvons faire la diff\u00e9rence pour vous \/ Por favor cont\u00e1ctenos con cualquier pregunta que pueda tener relacionada con nuestras ofertas o nuestros productos. Esperamos escuchar c\u00f3mo podemos marcar la diferencia para usted.<br \/>\n&nbsp;<br \/>\n\n<div class=\"wpcf7 no-js\" id=\"wpcf7-f391-o3\" lang=\"en-US\" dir=\"ltr\" data-wpcf7-id=\"391\">\n<div class=\"screen-reader-response\"><p role=\"status\" aria-live=\"polite\" aria-atomic=\"true\"><\/p> <ul><\/ul><\/div>\n<form action=\"\/de\/wp-json\/wp\/v2\/product\/1464#wpcf7-f391-o3\" method=\"post\" class=\"wpcf7-form init\" aria-label=\"Contact form\" novalidate=\"novalidate\" data-status=\"init\">\n<fieldset class=\"hidden-fields-container\"><input type=\"hidden\" name=\"_wpcf7\" value=\"391\" \/><input type=\"hidden\" name=\"_wpcf7_version\" value=\"6.1.5\" \/><input type=\"hidden\" name=\"_wpcf7_locale\" value=\"en_US\" \/><input type=\"hidden\" name=\"_wpcf7_unit_tag\" value=\"wpcf7-f391-o3\" \/><input type=\"hidden\" name=\"_wpcf7_container_post\" value=\"0\" \/><input type=\"hidden\" name=\"_wpcf7_posted_data_hash\" value=\"\" \/>\n<\/fieldset>\n<p><label> <\/label>\n<\/p>\n<h2>Kontakt\n<\/h2>\n<p>&nbsp;<br \/>\n<label> Bitte kontaktieren Sie uns, wenn Sie Fragen zu unseren Angeboten oder unseren Produkten haben <\/label>\n<\/p>\n<p><label> Schreiben Sie an <a href=\"mailto:info@seasolar.ch\">info@seasolar.ch<\/a> oder f\u00fcllen Sie das folgende Formular aus und wir werden Sie kontaktieren: <\/label>\n<\/p>\n<p><label> Name *<br \/>\n<span class=\"wpcf7-form-control-wrap\" data-name=\"your-name\"><input size=\"40\" maxlength=\"400\" class=\"wpcf7-form-control wpcf7-text wpcf7-validates-as-required\" aria-required=\"true\" aria-invalid=\"false\" value=\"\" type=\"text\" name=\"your-name\" \/><\/span><\/label>\n<\/p>\n<p><label> Telefonnummer *<br \/>\n<span class=\"wpcf7-form-control-wrap\" data-name=\"tel-826\"><input size=\"40\" maxlength=\"400\" class=\"wpcf7-form-control wpcf7-tel wpcf7-validates-as-required wpcf7-text wpcf7-validates-as-tel\" aria-required=\"true\" aria-invalid=\"false\" value=\"\" type=\"tel\" name=\"tel-826\" \/><\/span><\/label>\n<\/p>\n<p><label> Deine E-Mail *<br \/>\n<span class=\"wpcf7-form-control-wrap\" data-name=\"your-email\"><input size=\"40\" maxlength=\"400\" class=\"wpcf7-form-control wpcf7-email wpcf7-validates-as-required wpcf7-text wpcf7-validates-as-email\" aria-required=\"true\" aria-invalid=\"false\" value=\"\" type=\"email\" name=\"your-email\" \/><\/span><\/label>\n<\/p>\n<p><label> Thema *<br \/>\n<span class=\"wpcf7-form-control-wrap\" data-name=\"your-subject\"><input size=\"40\" maxlength=\"400\" class=\"wpcf7-form-control wpcf7-text wpcf7-validates-as-required\" aria-required=\"true\" aria-invalid=\"false\" value=\"\" type=\"text\" name=\"your-subject\" \/><\/span> <\/label>\n<\/p>\n<p><label> Nachricht *<br \/>\n<span class=\"wpcf7-form-control-wrap\" data-name=\"your-message\"><textarea cols=\"40\" rows=\"10\" maxlength=\"2000\" class=\"wpcf7-form-control wpcf7-textarea wpcf7-validates-as-required\" aria-required=\"true\" aria-invalid=\"false\" name=\"your-message\"><\/textarea><\/span> <\/label>\n<\/p>\n<p><label> * Pflichtfeld <\/label>\n<\/p>\n<p><input class=\"wpcf7-form-control wpcf7-submit has-spinner\" type=\"submit\" value=\"SENDEN\" \/>\n<\/p>\n<p><label><\/label>\n<\/p><div class=\"wpcf7-response-output\" aria-hidden=\"true\"><\/div>\n<\/form>\n<\/div>\n<br \/>\n&nbsp;<\/p>\n<!-- sktbuilder starter --><script type=\"text\/javascript\" src=\"https:\/\/seasolar.ch\/wp-content\/plugins\/skt-builder\/sktbuilder\/sktbuilder-frontend-starter.js\"><\/script><script type=\"text\/javascript\" src=\"https:\/\/seasolar.ch\/wp-content\/plugins\/skt-builder\/sktbuilder-wordpress-driver.js\"><\/script><script type=\"text\/javascript\"> var starter = new SktbuilderStarter({\"mode\": \"prod\", \"skip\":[\"jquery\",\"underscore\",\"backbone\"],\"sktbuilderUrl\": \"https:\/\/seasolar.ch\/wp-content\/plugins\/skt-builder\/sktbuilder\/\", \"driver\": new SktbuilderWordpressDriver({\"ajaxUrl\": \"https:\/\/seasolar.ch\/wp-admin\/admin-ajax.php\", \"iframeUrl\": \"https:\/\/seasolar.ch\/de\/prodotto\/varta-pulse-6\/?sktbuilder=true\", \"pageId\": 1464,  \"nonce\": \"798197eec9\", \"pages\": [], \"page\": \"VARTA PULSE 6\" }) });<\/script><!-- end sktbuilder starter -->","protected":false},"excerpt":{"rendered":"<p>Lithium-Ion battery<br \/>\nWith VARTA pulse everyone can become an energy supplier on attractive conditions and with top VARTA quality.<br \/>\nVARTA pulse is our attractive entry-level storage solution. It is perfect for all those who want to bundle high energy density in small or medium-sized premises, such as an apartment or a family house. Available in two classes (3.3 kWh and 6.5 kWh), this model prevails through its safety, reliability, easy mounting and a compact size. Attached to the wall it does not take much space and is practically invisible. Through Plug &#038; Play, our wall-mounted energy storage is instantly ready-to-use and can be combined with all renewable energy sources.<\/p>\n","protected":false},"featured_media":0,"comment_status":"closed","ping_status":"closed","template":"","meta":[],"product_brand":[338],"product_cat":[217],"product_tag":[],"class_list":{"0":"post-1464","1":"product","2":"type-product","3":"status-publish","5":"product_brand-varta","6":"product_cat-accumulo-retrofit","8":"first","9":"outofstock","10":"taxable","11":"shipping-taxable","12":"product-type-simple"},"yoast_head":"<!-- This site is optimized with the Yoast SEO Premium plugin v26.7 (Yoast SEO v27.3) - https:\/\/yoast.com\/product\/yoast-seo-premium-wordpress\/ -->\n<title>VARTA PULSE 6 - Seasolar Swiss<\/title>\n<meta name=\"robots\" content=\"index, follow, max-snippet:-1, max-image-preview:large, max-video-preview:-1\" \/>\n<link rel=\"canonical\" href=\"https:\/\/seasolar.ch\/prodotto\/varta-pulse-6\/\" \/>\n<meta property=\"og:locale\" content=\"de_DE\" \/>\n<meta property=\"og:type\" content=\"article\" \/>\n<meta property=\"og:title\" content=\"VARTA PULSE 6\" \/>\n<meta property=\"og:description\" content=\"Lithium-Ion battery With VARTA pulse everyone can become an energy supplier on attractive conditions and with top VARTA quality. VARTA pulse is our attractive entry-level storage solution. It is perfect for all those who want to bundle high energy density in small or medium-sized premises, such as an apartment or a family house. Available in two classes (3.3 kWh and 6.5 kWh), this model prevails through its safety, reliability, easy mounting and a compact size. Attached to the wall it does not take much space and is practically invisible. Through Plug &amp; Play, our wall-mounted energy storage is instantly ready-to-use and can be combined with all renewable energy sources.\" \/>\n<meta property=\"og:url\" content=\"https:\/\/seasolar.ch\/prodotto\/varta-pulse-6\/\" \/>\n<meta property=\"og:site_name\" content=\"Seasolar Swiss\" \/>\n<meta property=\"article:publisher\" content=\"https:\/\/www.facebook.com\/seasolargroup\" \/>\n<meta property=\"article:modified_time\" content=\"2025-11-02T14:15:01+00:00\" \/>\n<meta property=\"og:image\" content=\"https:\/\/seasolar.ch\/wp-content\/uploads\/2025\/09\/VARTA-PULSE.png\" \/>\n<meta name=\"twitter:card\" content=\"summary_large_image\" \/>\n<meta name=\"twitter:site\" content=\"@seasolargroup\" \/>\n<meta name=\"twitter:label1\" content=\"Preis\" \/>\n\t<meta name=\"twitter:data1\" content=\"\" \/>\n\t<meta name=\"twitter:label2\" content=\"Verf\u00fcgbarkeit\" \/>\n\t<meta name=\"twitter:data2\" content=\"ausverkauft\" \/>\n<script type=\"application\/ld+json\" class=\"yoast-schema-graph\">{\"@context\":\"https:\\\/\\\/schema.org\",\"@graph\":[{\"@type\":\"WebPage\",\"@id\":\"https:\\\/\\\/seasolar.ch\\\/prodotto\\\/varta-pulse-6\\\/\",\"url\":\"https:\\\/\\\/seasolar.ch\\\/prodotto\\\/varta-pulse-6\\\/\",\"name\":\"VARTA PULSE 6 - Seasolar Swiss\",\"isPartOf\":{\"@id\":\"https:\\\/\\\/seasolar.ch\\\/#website\"},\"primaryImageOfPage\":{\"@id\":\"https:\\\/\\\/seasolar.ch\\\/prodotto\\\/varta-pulse-6\\\/#primaryimage\"},\"image\":{\"@id\":\"https:\\\/\\\/seasolar.ch\\\/prodotto\\\/varta-pulse-6\\\/#primaryimage\"},\"thumbnailUrl\":\"https:\\\/\\\/seasolar.ch\\\/wp-content\\\/uploads\\\/2025\\\/09\\\/VARTA-PULSE.png\",\"datePublished\":\"2018-08-04T23:00:00+00:00\",\"dateModified\":\"2025-11-02T14:15:01+00:00\",\"breadcrumb\":{\"@id\":\"https:\\\/\\\/seasolar.ch\\\/prodotto\\\/varta-pulse-6\\\/#breadcrumb\"},\"inLanguage\":\"de\",\"potentialAction\":[{\"@type\":\"ReadAction\",\"target\":[\"https:\\\/\\\/seasolar.ch\\\/prodotto\\\/varta-pulse-6\\\/\"]}]},{\"@type\":\"ImageObject\",\"inLanguage\":\"de\",\"@id\":\"https:\\\/\\\/seasolar.ch\\\/prodotto\\\/varta-pulse-6\\\/#primaryimage\",\"url\":\"https:\\\/\\\/seasolar.ch\\\/wp-content\\\/uploads\\\/2025\\\/09\\\/VARTA-PULSE.png\",\"contentUrl\":\"https:\\\/\\\/seasolar.ch\\\/wp-content\\\/uploads\\\/2025\\\/09\\\/VARTA-PULSE.png\"},{\"@type\":\"BreadcrumbList\",\"@id\":\"https:\\\/\\\/seasolar.ch\\\/prodotto\\\/varta-pulse-6\\\/#breadcrumb\",\"itemListElement\":[{\"@type\":\"ListItem\",\"position\":1,\"name\":\"Home\",\"item\":\"https:\\\/\\\/seasolar.ch\\\/\"},{\"@type\":\"ListItem\",\"position\":2,\"name\":\"Prodotti\",\"item\":\"https:\\\/\\\/seasolar.ch\\\/prodotti\\\/\"},{\"@type\":\"ListItem\",\"position\":3,\"name\":\"VARTA PULSE 6\"}]},{\"@type\":\"WebSite\",\"@id\":\"https:\\\/\\\/seasolar.ch\\\/#website\",\"url\":\"https:\\\/\\\/seasolar.ch\\\/\",\"name\":\"Seasolar Swiss\",\"description\":\"Dal 2008 impianti fotovoltaici &quot;chiavi in mano&quot;\",\"publisher\":{\"@id\":\"https:\\\/\\\/seasolar.ch\\\/#organization\"},\"potentialAction\":[{\"@type\":\"SearchAction\",\"target\":{\"@type\":\"EntryPoint\",\"urlTemplate\":\"https:\\\/\\\/seasolar.ch\\\/?s={search_term_string}\"},\"query-input\":{\"@type\":\"PropertyValueSpecification\",\"valueRequired\":true,\"valueName\":\"search_term_string\"}}],\"inLanguage\":\"de\"},{\"@type\":\"Organization\",\"@id\":\"https:\\\/\\\/seasolar.ch\\\/#organization\",\"name\":\"Seasolar Swiss\",\"url\":\"https:\\\/\\\/seasolar.ch\\\/\",\"logo\":{\"@type\":\"ImageObject\",\"inLanguage\":\"de\",\"@id\":\"https:\\\/\\\/seasolar.ch\\\/#\\\/schema\\\/logo\\\/image\\\/\",\"url\":\"https:\\\/\\\/seasolar.ch\\\/wp-content\\\/uploads\\\/2025\\\/08\\\/cropped-seasolar_logo_2024_social.png\",\"contentUrl\":\"https:\\\/\\\/seasolar.ch\\\/wp-content\\\/uploads\\\/2025\\\/08\\\/cropped-seasolar_logo_2024_social.png\",\"width\":512,\"height\":512,\"caption\":\"Seasolar Swiss\"},\"image\":{\"@id\":\"https:\\\/\\\/seasolar.ch\\\/#\\\/schema\\\/logo\\\/image\\\/\"},\"sameAs\":[\"https:\\\/\\\/www.facebook.com\\\/seasolargroup\",\"https:\\\/\\\/x.com\\\/seasolargroup\",\"https:\\\/\\\/www.linkedin.com\\\/in\\\/seasolar-group-news\\\/\",\"https:\\\/\\\/www.youtube.com\\\/channel\\\/UCVrmhrGih_bFnpj0as_vDuQ\",\"https:\\\/\\\/www.instagram.com\\\/fotovoltaico_seasolar\\\/\"]}]}<\/script>\n<meta property=\"product:brand\" content=\"VARTA\" \/>\n<meta property=\"product:price:currency\" content=\"CHF\" \/>\n<meta property=\"og:availability\" content=\"out of stock\" \/>\n<meta property=\"product:availability\" content=\"out of stock\" \/>\n<meta property=\"product:condition\" content=\"new\" \/>\n<!-- \/ Yoast SEO Premium plugin. -->","yoast_head_json":{"title":"VARTA PULSE 6 - Seasolar Swiss","robots":{"index":"index","follow":"follow","max-snippet":"max-snippet:-1","max-image-preview":"max-image-preview:large","max-video-preview":"max-video-preview:-1"},"canonical":"https:\/\/seasolar.ch\/prodotto\/varta-pulse-6\/","og_locale":"de_DE","og_type":"article","og_title":"VARTA PULSE 6","og_description":"Lithium-Ion battery With VARTA pulse everyone can become an energy supplier on attractive conditions and with top VARTA quality. VARTA pulse is our attractive entry-level storage solution. It is perfect for all those who want to bundle high energy density in small or medium-sized premises, such as an apartment or a family house. Available in two classes (3.3 kWh and 6.5 kWh), this model prevails through its safety, reliability, easy mounting and a compact size. Attached to the wall it does not take much space and is practically invisible. Through Plug & Play, our wall-mounted energy storage is instantly ready-to-use and can be combined with all renewable energy sources.","og_url":"https:\/\/seasolar.ch\/prodotto\/varta-pulse-6\/","og_site_name":"Seasolar Swiss","article_publisher":"https:\/\/www.facebook.com\/seasolargroup","article_modified_time":"2025-11-02T14:15:01+00:00","og_image":[{"url":"https:\/\/seasolar.ch\/wp-content\/uploads\/2025\/09\/VARTA-PULSE.png","type":"","width":"","height":""}],"twitter_card":"summary_large_image","twitter_site":"@seasolargroup","twitter_misc":{"Preis":"","Verf\u00fcgbarkeit":"ausverkauft"},"schema":{"@context":"https:\/\/schema.org","@graph":[{"@type":"WebPage","@id":"https:\/\/seasolar.ch\/prodotto\/varta-pulse-6\/","url":"https:\/\/seasolar.ch\/prodotto\/varta-pulse-6\/","name":"VARTA PULSE 6 - Seasolar Swiss","isPartOf":{"@id":"https:\/\/seasolar.ch\/#website"},"primaryImageOfPage":{"@id":"https:\/\/seasolar.ch\/prodotto\/varta-pulse-6\/#primaryimage"},"image":{"@id":"https:\/\/seasolar.ch\/prodotto\/varta-pulse-6\/#primaryimage"},"thumbnailUrl":"https:\/\/seasolar.ch\/wp-content\/uploads\/2025\/09\/VARTA-PULSE.png","datePublished":"2018-08-04T23:00:00+00:00","dateModified":"2025-11-02T14:15:01+00:00","breadcrumb":{"@id":"https:\/\/seasolar.ch\/prodotto\/varta-pulse-6\/#breadcrumb"},"inLanguage":"de","potentialAction":[{"@type":"ReadAction","target":["https:\/\/seasolar.ch\/prodotto\/varta-pulse-6\/"]}]},{"@type":"ImageObject","inLanguage":"de","@id":"https:\/\/seasolar.ch\/prodotto\/varta-pulse-6\/#primaryimage","url":"https:\/\/seasolar.ch\/wp-content\/uploads\/2025\/09\/VARTA-PULSE.png","contentUrl":"https:\/\/seasolar.ch\/wp-content\/uploads\/2025\/09\/VARTA-PULSE.png"},{"@type":"BreadcrumbList","@id":"https:\/\/seasolar.ch\/prodotto\/varta-pulse-6\/#breadcrumb","itemListElement":[{"@type":"ListItem","position":1,"name":"Home","item":"https:\/\/seasolar.ch\/"},{"@type":"ListItem","position":2,"name":"Prodotti","item":"https:\/\/seasolar.ch\/prodotti\/"},{"@type":"ListItem","position":3,"name":"VARTA PULSE 6"}]},{"@type":"WebSite","@id":"https:\/\/seasolar.ch\/#website","url":"https:\/\/seasolar.ch\/","name":"Seasolar Swiss","description":"Dal 2008 impianti fotovoltaici &quot;chiavi in mano&quot;","publisher":{"@id":"https:\/\/seasolar.ch\/#organization"},"potentialAction":[{"@type":"SearchAction","target":{"@type":"EntryPoint","urlTemplate":"https:\/\/seasolar.ch\/?s={search_term_string}"},"query-input":{"@type":"PropertyValueSpecification","valueRequired":true,"valueName":"search_term_string"}}],"inLanguage":"de"},{"@type":"Organization","@id":"https:\/\/seasolar.ch\/#organization","name":"Seasolar Swiss","url":"https:\/\/seasolar.ch\/","logo":{"@type":"ImageObject","inLanguage":"de","@id":"https:\/\/seasolar.ch\/#\/schema\/logo\/image\/","url":"https:\/\/seasolar.ch\/wp-content\/uploads\/2025\/08\/cropped-seasolar_logo_2024_social.png","contentUrl":"https:\/\/seasolar.ch\/wp-content\/uploads\/2025\/08\/cropped-seasolar_logo_2024_social.png","width":512,"height":512,"caption":"Seasolar Swiss"},"image":{"@id":"https:\/\/seasolar.ch\/#\/schema\/logo\/image\/"},"sameAs":["https:\/\/www.facebook.com\/seasolargroup","https:\/\/x.com\/seasolargroup","https:\/\/www.linkedin.com\/in\/seasolar-group-news\/","https:\/\/www.youtube.com\/channel\/UCVrmhrGih_bFnpj0as_vDuQ","https:\/\/www.instagram.com\/fotovoltaico_seasolar\/"]}]},"product_brand":"VARTA","product_price_currency":"CHF","og_availability":"out of stock","product_availability":"out of stock","product_condition":"new"},"jetpack_likes_enabled":true,"jetpack-related-posts":[],"jetpack_sharing_enabled":true,"_links":{"self":[{"href":"https:\/\/seasolar.ch\/de\/wp-json\/wp\/v2\/product\/1464","targetHints":{"allow":["GET"]}}],"collection":[{"href":"https:\/\/seasolar.ch\/de\/wp-json\/wp\/v2\/product"}],"about":[{"href":"https:\/\/seasolar.ch\/de\/wp-json\/wp\/v2\/types\/product"}],"replies":[{"embeddable":true,"href":"https:\/\/seasolar.ch\/de\/wp-json\/wp\/v2\/comments?post=1464"}],"wp:attachment":[{"href":"https:\/\/seasolar.ch\/de\/wp-json\/wp\/v2\/media?parent=1464"}],"wp:term":[{"taxonomy":"product_brand","embeddable":true,"href":"https:\/\/seasolar.ch\/de\/wp-json\/wp\/v2\/product_brand?post=1464"},{"taxonomy":"product_cat","embeddable":true,"href":"https:\/\/seasolar.ch\/de\/wp-json\/wp\/v2\/product_cat?post=1464"},{"taxonomy":"product_tag","embeddable":true,"href":"https:\/\/seasolar.ch\/de\/wp-json\/wp\/v2\/product_tag?post=1464"}],"curies":[{"name":"wp","href":"https:\/\/api.w.org\/{rel}","templated":true}]}}