{"id":1663,"date":"2018-08-09T00:00:00","date_gmt":"2018-08-08T23:00:00","guid":{"rendered":"https:\/\/seasolar.ch\/prodotto\/goodwe-gw3648d-es\/"},"modified":"2025-11-02T15:34:08","modified_gmt":"2025-11-02T14:34:08","slug":"goodwe-gw3648d-es","status":"publish","type":"product","link":"https:\/\/seasolar.ch\/de\/prodotto\/goodwe-gw3648d-es\/","title":{"rendered":"GOODWE GW3648D-ES"},"content":{"rendered":"<p><img data-recalc-dims=\"1\" loading=\"lazy\" decoding=\"async\" data-id=\"3771\"  src=\"https:\/\/i0.wp.com\/seasolar.ch\/wp-content\/uploads\/2025\/09\/goodwe-es-1.png?resize=1069%2C1450&#038;ssl=1\" alt=\"\" width=\"1069\" height=\"1450\" class=\"aligncenter size-full wp-image-3771\" \/><br \/>\n<img data-recalc-dims=\"1\" loading=\"lazy\" decoding=\"async\" data-id=\"3772\"  src=\"https:\/\/i0.wp.com\/seasolar.ch\/wp-content\/uploads\/2025\/09\/goodwe-es-2.png?resize=992%2C1415&#038;ssl=1\" alt=\"\" width=\"992\" height=\"1415\" class=\"aligncenter size-full wp-image-3772\" \/><br \/>\n\r\n\t\t<div class=\"divider4\"><span><\/span><\/div>\r\n\t\t<\/p>\n<h2>Downloads<\/h2>\n<p><a href=\"https:\/\/seasolargroup.com\/wp-content\/uploads\/2018\/08\/GoodWE-product-flyer_ES.pdf\" target=\"_blank\" rel=\"noopener noreferrer\">GoodWE product flyer_ES<\/a><br \/>\n&nbsp;<br \/>\n<a href=\"https:\/\/seasolargroup.com\/wp-content\/uploads\/2018\/08\/ES-USER-MANUAL.pdf\" target=\"_blank\" rel=\"noopener noreferrer\">ES USER MANUAL<\/a><br \/>\n&nbsp;<br \/>\n<a href=\"https:\/\/seasolargroup.com\/wp-content\/uploads\/2018\/08\/QUICK-INSTALLATION-INSTRUCTIONS_ES.pdf\" target=\"_blank\" rel=\"noopener noreferrer\">QUICK INSTALLATION INSTRUCTIONS_ES<\/a><br \/>\n&nbsp;<br \/>\n<a href=\"https:\/\/seasolargroup.com\/wp-content\/uploads\/2018\/08\/Approved-Battery-Option-Statement.pdf\" target=\"_blank\" rel=\"noopener noreferrer\">Approved Battery Option Statement<\/a><br \/>\n&nbsp;<br \/>\n<a href=\"https:\/\/seasolargroup.com\/wp-content\/uploads\/2018\/08\/Goodwe-Warranty.pdf\" target=\"_blank\" rel=\"noopener noreferrer\">Goodwe &#8211; Warranty<\/a><br \/>\n&nbsp;<br \/>\n<a href=\"https:\/\/seasolargroup.com\/wp-content\/uploads\/2018\/08\/PV-Master-OPERATION-INSTRUCTIONS.pdf\">PV Master Operation Instructions<\/a><br \/>\n&nbsp;<br \/>\n<a href=\"https:\/\/seasolargroup.com\/wp-content\/uploads\/2018\/08\/Wi-Fi-Connection-Guide-v04.pdf\">Wi-Fi Connection Guide v04<\/a><br \/>\n&nbsp;<br \/>\n<a href=\"https:\/\/seasolargroup.com\/wp-content\/uploads\/2018\/08\/Smart-Meter-User-Manual.pdf\">Smart Meter User Manual<\/a><br \/>\n&nbsp;<br \/>\n<a href=\"https:\/\/seasolargroup.com\/wp-content\/uploads\/2018\/12\/Fast-Operation-Guide-of-SEMS-Portal-v1.2.pdf\" target=\"_blank\" rel=\"noopener noreferrer\">Fast Operation Guide of SEMS Portal &#8211; v1.2<\/a><br \/>\n\r\n\t\t<div class=\"divider4\"><span><\/span><\/div>\r\n\t\t<\/p>\n<h2>Related offers<\/h2>\n<p><a href=\"https:\/\/seasolargroup.com\/tag\/GOODWE\/\">Offers for GOODWE<\/a><br \/>\n\r\n\t\t<div class=\"divider4\"><span><\/span><\/div>\r\n\t\t<\/p>\n<h2>Related projects<\/h2>\n<p><br \/>\n&nbsp;<br \/>\n<br \/>\n&nbsp;<br \/>\n<br \/>\n\r\n\t\t<div class=\"divider4\"><span><\/span><\/div>\r\n\t\t<\/p>\n<h2>Related videos<\/h2>\n<p><span class=\"embed-youtube\" style=\"text-align:center; display: block;\"><iframe loading=\"lazy\" class=\"youtube-player\" width=\"640\" height=\"360\" src=\"https:\/\/www.youtube.com\/embed\/nKME4hseAvI?version=3&#038;rel=1&#038;showsearch=0&#038;showinfo=1&#038;iv_load_policy=1&#038;fs=1&#038;hl=de-DE&#038;autohide=2&#038;wmode=transparent&#038;listType=playlist&#038;list=PLwqK5bEOfjvJUNhvXy9LcZDMHPQWILPpD\" allowfullscreen=\"true\" style=\"border:0;\" sandbox=\"allow-scripts allow-same-origin allow-popups allow-presentation allow-popups-to-escape-sandbox\"><\/iframe><\/span><br \/>\n\r\n\t\t<div class=\"divider4\"><span><\/span><\/div>\r\n\t\t<\/p>\n<h2>Contact<\/h2>\n<p>Please contact us with any questions you might have related to our offers or our products. We look forward to hearing how we can make the difference to you \/ Vi preghiamo di contattarci per eventuali domande relative alle nostre offerte o ai nostri prodotti. Non vediamo l&#8217;ora di sentire come possiamo fare la differenza per voi \/ Bitte kontaktieren Sie uns, wenn Sie Fragen zu unseren Angeboten oder unseren Produkten haben. Wir freuen uns zu h\u00f6ren, wie wir den Unterschied f\u00fcr Sie machen k\u00f6nnen\/N&#8217;h\u00e9sitez pas \u00e0 nous contacter pour toute question concernant nos offres ou nos produits. Nous avons h\u00e2te d&#8217;entendre comment nous pouvons faire la diff\u00e9rence pour vous \/ Por favor cont\u00e1ctenos con cualquier pregunta que pueda tener relacionada con nuestras ofertas o nuestros productos. Esperamos escuchar c\u00f3mo podemos marcar la diferencia para usted.<br \/>\n&nbsp;<br \/>\n\n<div class=\"wpcf7 no-js\" id=\"wpcf7-f391-o1\" lang=\"en-US\" dir=\"ltr\" data-wpcf7-id=\"391\">\n<div class=\"screen-reader-response\"><p role=\"status\" aria-live=\"polite\" aria-atomic=\"true\"><\/p> <ul><\/ul><\/div>\n<form action=\"\/de\/wp-json\/wp\/v2\/product\/1663#wpcf7-f391-o1\" method=\"post\" class=\"wpcf7-form init\" aria-label=\"Contact form\" novalidate=\"novalidate\" data-status=\"init\">\n<fieldset class=\"hidden-fields-container\"><input type=\"hidden\" name=\"_wpcf7\" value=\"391\" \/><input type=\"hidden\" name=\"_wpcf7_version\" value=\"6.1.5\" \/><input type=\"hidden\" name=\"_wpcf7_locale\" value=\"en_US\" \/><input type=\"hidden\" name=\"_wpcf7_unit_tag\" value=\"wpcf7-f391-o1\" \/><input type=\"hidden\" name=\"_wpcf7_container_post\" value=\"0\" \/><input type=\"hidden\" name=\"_wpcf7_posted_data_hash\" value=\"\" \/>\n<\/fieldset>\n<p><label> <\/label>\n<\/p>\n<h2>Kontakt\n<\/h2>\n<p>&nbsp;<br \/>\n<label> Bitte kontaktieren Sie uns, wenn Sie Fragen zu unseren Angeboten oder unseren Produkten haben <\/label>\n<\/p>\n<p><label> Schreiben Sie an <a href=\"mailto:info@seasolar.ch\">info@seasolar.ch<\/a> oder f\u00fcllen Sie das folgende Formular aus und wir werden Sie kontaktieren: <\/label>\n<\/p>\n<p><label> Name *<br \/>\n<span class=\"wpcf7-form-control-wrap\" data-name=\"your-name\"><input size=\"40\" maxlength=\"400\" class=\"wpcf7-form-control wpcf7-text wpcf7-validates-as-required\" aria-required=\"true\" aria-invalid=\"false\" value=\"\" type=\"text\" name=\"your-name\" \/><\/span><\/label>\n<\/p>\n<p><label> Telefonnummer *<br \/>\n<span class=\"wpcf7-form-control-wrap\" data-name=\"tel-826\"><input size=\"40\" maxlength=\"400\" class=\"wpcf7-form-control wpcf7-tel wpcf7-validates-as-required wpcf7-text wpcf7-validates-as-tel\" aria-required=\"true\" aria-invalid=\"false\" value=\"\" type=\"tel\" name=\"tel-826\" \/><\/span><\/label>\n<\/p>\n<p><label> Deine E-Mail *<br \/>\n<span class=\"wpcf7-form-control-wrap\" data-name=\"your-email\"><input size=\"40\" maxlength=\"400\" class=\"wpcf7-form-control wpcf7-email wpcf7-validates-as-required wpcf7-text wpcf7-validates-as-email\" aria-required=\"true\" aria-invalid=\"false\" value=\"\" type=\"email\" name=\"your-email\" \/><\/span><\/label>\n<\/p>\n<p><label> Thema *<br \/>\n<span class=\"wpcf7-form-control-wrap\" data-name=\"your-subject\"><input size=\"40\" maxlength=\"400\" class=\"wpcf7-form-control wpcf7-text wpcf7-validates-as-required\" aria-required=\"true\" aria-invalid=\"false\" value=\"\" type=\"text\" name=\"your-subject\" \/><\/span> <\/label>\n<\/p>\n<p><label> Nachricht *<br \/>\n<span class=\"wpcf7-form-control-wrap\" data-name=\"your-message\"><textarea cols=\"40\" rows=\"10\" maxlength=\"2000\" class=\"wpcf7-form-control wpcf7-textarea wpcf7-validates-as-required\" aria-required=\"true\" aria-invalid=\"false\" name=\"your-message\"><\/textarea><\/span> <\/label>\n<\/p>\n<p><label> * Pflichtfeld <\/label>\n<\/p>\n<p><input class=\"wpcf7-form-control wpcf7-submit has-spinner\" type=\"submit\" value=\"SENDEN\" \/>\n<\/p>\n<p><label><\/label>\n<\/p><div class=\"wpcf7-response-output\" aria-hidden=\"true\"><\/div>\n<\/form>\n<\/div>\n<br \/>\n&nbsp;<\/p>\n<!-- sktbuilder starter --><script type=\"text\/javascript\" src=\"https:\/\/seasolar.ch\/wp-content\/plugins\/skt-builder\/sktbuilder\/sktbuilder-frontend-starter.js\"><\/script><script type=\"text\/javascript\" src=\"https:\/\/seasolar.ch\/wp-content\/plugins\/skt-builder\/sktbuilder-wordpress-driver.js\"><\/script><script type=\"text\/javascript\"> var starter = new SktbuilderStarter({\"mode\": \"prod\", \"skip\":[\"jquery\",\"underscore\",\"backbone\"],\"sktbuilderUrl\": \"https:\/\/seasolar.ch\/wp-content\/plugins\/skt-builder\/sktbuilder\/\", \"driver\": new SktbuilderWordpressDriver({\"ajaxUrl\": \"https:\/\/seasolar.ch\/wp-admin\/admin-ajax.php\", \"iframeUrl\": \"https:\/\/seasolar.ch\/de\/prodotto\/goodwe-gw3648d-es\/?sktbuilder=true\", \"pageId\": 1663,  \"nonce\": \"798197eec9\", \"pages\": [], \"page\": \"GOODWE GW3648D-ES\" }) });<\/script><!-- end sktbuilder starter -->","protected":false},"excerpt":{"rendered":"<p>Single-Phase \u2013 Off-grid Inverter<br \/>\nThe GoodWe ES series bi-directional energy storage inverter is applicable with both on-grid and off-grid PV systems. It can control the flow of energy intelligently. During daytime, the PV plant generates electricity which can be provided to the loads, fed into the grid or charge the battery. The electricity stored can be released when the loads require it during the night. Additionally, the power grid can also charge the storage devices via the inverter.<\/p>\n","protected":false},"featured_media":1666,"comment_status":"closed","ping_status":"open","template":"","meta":[],"product_brand":[326],"product_cat":[200,222],"product_tag":[223],"class_list":{"0":"post-1663","1":"product","2":"type-product","3":"status-publish","4":"has-post-thumbnail","6":"product_brand-goodwe","7":"product_cat-inverter","8":"product_cat-inverter-batteria","9":"product_tag-goodwe","11":"first","12":"outofstock","13":"taxable","14":"shipping-taxable","15":"product-type-simple"},"yoast_head":"<!-- This site is optimized with the Yoast SEO Premium plugin v26.7 (Yoast SEO v27.3) - https:\/\/yoast.com\/product\/yoast-seo-premium-wordpress\/ -->\n<title>GOODWE GW3648D-ES - Seasolar Swiss<\/title>\n<meta name=\"robots\" content=\"index, follow, max-snippet:-1, max-image-preview:large, max-video-preview:-1\" \/>\n<link rel=\"canonical\" href=\"https:\/\/seasolar.ch\/prodotto\/goodwe-gw3648d-es\/\" \/>\n<meta property=\"og:locale\" content=\"de_DE\" \/>\n<meta property=\"og:type\" content=\"article\" \/>\n<meta property=\"og:title\" content=\"GOODWE GW3648D-ES\" \/>\n<meta property=\"og:description\" content=\"Single-Phase \u2013 Off-grid Inverter The GoodWe ES series bi-directional energy storage inverter is applicable with both on-grid and off-grid PV systems. It can control the flow of energy intelligently. During daytime, the PV plant generates electricity which can be provided to the loads, fed into the grid or charge the battery. The electricity stored can be released when the loads require it during the night. Additionally, the power grid can also charge the storage devices via the inverter.\" \/>\n<meta property=\"og:url\" content=\"https:\/\/seasolar.ch\/prodotto\/goodwe-gw3648d-es\/\" \/>\n<meta property=\"og:site_name\" content=\"Seasolar Swiss\" \/>\n<meta property=\"article:publisher\" content=\"https:\/\/www.facebook.com\/seasolargroup\" \/>\n<meta property=\"article:modified_time\" content=\"2025-11-02T14:34:08+00:00\" \/>\n<meta property=\"og:image\" content=\"https:\/\/seasolar.ch\/wp-content\/uploads\/2025\/09\/5a3874779a41b.png\" \/>\n\t<meta property=\"og:image:width\" content=\"315\" \/>\n\t<meta property=\"og:image:height\" content=\"315\" \/>\n\t<meta property=\"og:image:type\" content=\"image\/png\" \/>\n<meta name=\"twitter:card\" content=\"summary_large_image\" \/>\n<meta name=\"twitter:site\" content=\"@seasolargroup\" \/>\n<meta name=\"twitter:label1\" content=\"Preis\" \/>\n\t<meta name=\"twitter:data1\" content=\"\" \/>\n\t<meta name=\"twitter:label2\" content=\"Verf\u00fcgbarkeit\" \/>\n\t<meta name=\"twitter:data2\" content=\"ausverkauft\" \/>\n<script type=\"application\/ld+json\" class=\"yoast-schema-graph\">{\"@context\":\"https:\\\/\\\/schema.org\",\"@graph\":[{\"@type\":\"WebPage\",\"@id\":\"https:\\\/\\\/seasolar.ch\\\/prodotto\\\/goodwe-gw3648d-es\\\/\",\"url\":\"https:\\\/\\\/seasolar.ch\\\/prodotto\\\/goodwe-gw3648d-es\\\/\",\"name\":\"GOODWE GW3648D-ES - Seasolar Swiss\",\"isPartOf\":{\"@id\":\"https:\\\/\\\/seasolar.ch\\\/#website\"},\"primaryImageOfPage\":{\"@id\":\"https:\\\/\\\/seasolar.ch\\\/prodotto\\\/goodwe-gw3648d-es\\\/#primaryimage\"},\"image\":{\"@id\":\"https:\\\/\\\/seasolar.ch\\\/prodotto\\\/goodwe-gw3648d-es\\\/#primaryimage\"},\"thumbnailUrl\":\"https:\\\/\\\/i0.wp.com\\\/seasolar.ch\\\/wp-content\\\/uploads\\\/2025\\\/09\\\/5a3874779a41b.png?fit=315%2C315&ssl=1\",\"datePublished\":\"2018-08-08T23:00:00+00:00\",\"dateModified\":\"2025-11-02T14:34:08+00:00\",\"breadcrumb\":{\"@id\":\"https:\\\/\\\/seasolar.ch\\\/prodotto\\\/goodwe-gw3648d-es\\\/#breadcrumb\"},\"inLanguage\":\"de\",\"potentialAction\":[{\"@type\":\"ReadAction\",\"target\":[\"https:\\\/\\\/seasolar.ch\\\/prodotto\\\/goodwe-gw3648d-es\\\/\"]}]},{\"@type\":\"ImageObject\",\"inLanguage\":\"de\",\"@id\":\"https:\\\/\\\/seasolar.ch\\\/prodotto\\\/goodwe-gw3648d-es\\\/#primaryimage\",\"url\":\"https:\\\/\\\/i0.wp.com\\\/seasolar.ch\\\/wp-content\\\/uploads\\\/2025\\\/09\\\/5a3874779a41b.png?fit=315%2C315&ssl=1\",\"contentUrl\":\"https:\\\/\\\/i0.wp.com\\\/seasolar.ch\\\/wp-content\\\/uploads\\\/2025\\\/09\\\/5a3874779a41b.png?fit=315%2C315&ssl=1\",\"width\":315,\"height\":315},{\"@type\":\"BreadcrumbList\",\"@id\":\"https:\\\/\\\/seasolar.ch\\\/prodotto\\\/goodwe-gw3648d-es\\\/#breadcrumb\",\"itemListElement\":[{\"@type\":\"ListItem\",\"position\":1,\"name\":\"Home\",\"item\":\"https:\\\/\\\/seasolar.ch\\\/\"},{\"@type\":\"ListItem\",\"position\":2,\"name\":\"Prodotti\",\"item\":\"https:\\\/\\\/seasolar.ch\\\/prodotti\\\/\"},{\"@type\":\"ListItem\",\"position\":3,\"name\":\"GOODWE GW3648D-ES\"}]},{\"@type\":\"WebSite\",\"@id\":\"https:\\\/\\\/seasolar.ch\\\/#website\",\"url\":\"https:\\\/\\\/seasolar.ch\\\/\",\"name\":\"Seasolar Swiss\",\"description\":\"Dal 2008 impianti fotovoltaici &quot;chiavi in mano&quot;\",\"publisher\":{\"@id\":\"https:\\\/\\\/seasolar.ch\\\/#organization\"},\"potentialAction\":[{\"@type\":\"SearchAction\",\"target\":{\"@type\":\"EntryPoint\",\"urlTemplate\":\"https:\\\/\\\/seasolar.ch\\\/?s={search_term_string}\"},\"query-input\":{\"@type\":\"PropertyValueSpecification\",\"valueRequired\":true,\"valueName\":\"search_term_string\"}}],\"inLanguage\":\"de\"},{\"@type\":\"Organization\",\"@id\":\"https:\\\/\\\/seasolar.ch\\\/#organization\",\"name\":\"Seasolar Swiss\",\"url\":\"https:\\\/\\\/seasolar.ch\\\/\",\"logo\":{\"@type\":\"ImageObject\",\"inLanguage\":\"de\",\"@id\":\"https:\\\/\\\/seasolar.ch\\\/#\\\/schema\\\/logo\\\/image\\\/\",\"url\":\"https:\\\/\\\/seasolar.ch\\\/wp-content\\\/uploads\\\/2025\\\/08\\\/cropped-seasolar_logo_2024_social.png\",\"contentUrl\":\"https:\\\/\\\/seasolar.ch\\\/wp-content\\\/uploads\\\/2025\\\/08\\\/cropped-seasolar_logo_2024_social.png\",\"width\":512,\"height\":512,\"caption\":\"Seasolar Swiss\"},\"image\":{\"@id\":\"https:\\\/\\\/seasolar.ch\\\/#\\\/schema\\\/logo\\\/image\\\/\"},\"sameAs\":[\"https:\\\/\\\/www.facebook.com\\\/seasolargroup\",\"https:\\\/\\\/x.com\\\/seasolargroup\",\"https:\\\/\\\/www.linkedin.com\\\/in\\\/seasolar-group-news\\\/\",\"https:\\\/\\\/www.youtube.com\\\/channel\\\/UCVrmhrGih_bFnpj0as_vDuQ\",\"https:\\\/\\\/www.instagram.com\\\/fotovoltaico_seasolar\\\/\"]}]}<\/script>\n<meta property=\"product:brand\" content=\"GOODWE\" \/>\n<meta property=\"product:price:currency\" content=\"CHF\" \/>\n<meta property=\"og:availability\" content=\"out of stock\" \/>\n<meta property=\"product:availability\" content=\"out of stock\" \/>\n<meta property=\"product:condition\" content=\"new\" \/>\n<!-- \/ Yoast SEO Premium plugin. -->","yoast_head_json":{"title":"GOODWE GW3648D-ES - Seasolar Swiss","robots":{"index":"index","follow":"follow","max-snippet":"max-snippet:-1","max-image-preview":"max-image-preview:large","max-video-preview":"max-video-preview:-1"},"canonical":"https:\/\/seasolar.ch\/prodotto\/goodwe-gw3648d-es\/","og_locale":"de_DE","og_type":"article","og_title":"GOODWE GW3648D-ES","og_description":"Single-Phase \u2013 Off-grid Inverter The GoodWe ES series bi-directional energy storage inverter is applicable with both on-grid and off-grid PV systems. It can control the flow of energy intelligently. During daytime, the PV plant generates electricity which can be provided to the loads, fed into the grid or charge the battery. The electricity stored can be released when the loads require it during the night. Additionally, the power grid can also charge the storage devices via the inverter.","og_url":"https:\/\/seasolar.ch\/prodotto\/goodwe-gw3648d-es\/","og_site_name":"Seasolar Swiss","article_publisher":"https:\/\/www.facebook.com\/seasolargroup","article_modified_time":"2025-11-02T14:34:08+00:00","og_image":[{"width":315,"height":315,"url":"https:\/\/seasolar.ch\/wp-content\/uploads\/2025\/09\/5a3874779a41b.png","type":"image\/png"}],"twitter_card":"summary_large_image","twitter_site":"@seasolargroup","twitter_misc":{"Preis":"","Verf\u00fcgbarkeit":"ausverkauft"},"schema":{"@context":"https:\/\/schema.org","@graph":[{"@type":"WebPage","@id":"https:\/\/seasolar.ch\/prodotto\/goodwe-gw3648d-es\/","url":"https:\/\/seasolar.ch\/prodotto\/goodwe-gw3648d-es\/","name":"GOODWE GW3648D-ES - Seasolar Swiss","isPartOf":{"@id":"https:\/\/seasolar.ch\/#website"},"primaryImageOfPage":{"@id":"https:\/\/seasolar.ch\/prodotto\/goodwe-gw3648d-es\/#primaryimage"},"image":{"@id":"https:\/\/seasolar.ch\/prodotto\/goodwe-gw3648d-es\/#primaryimage"},"thumbnailUrl":"https:\/\/i0.wp.com\/seasolar.ch\/wp-content\/uploads\/2025\/09\/5a3874779a41b.png?fit=315%2C315&ssl=1","datePublished":"2018-08-08T23:00:00+00:00","dateModified":"2025-11-02T14:34:08+00:00","breadcrumb":{"@id":"https:\/\/seasolar.ch\/prodotto\/goodwe-gw3648d-es\/#breadcrumb"},"inLanguage":"de","potentialAction":[{"@type":"ReadAction","target":["https:\/\/seasolar.ch\/prodotto\/goodwe-gw3648d-es\/"]}]},{"@type":"ImageObject","inLanguage":"de","@id":"https:\/\/seasolar.ch\/prodotto\/goodwe-gw3648d-es\/#primaryimage","url":"https:\/\/i0.wp.com\/seasolar.ch\/wp-content\/uploads\/2025\/09\/5a3874779a41b.png?fit=315%2C315&ssl=1","contentUrl":"https:\/\/i0.wp.com\/seasolar.ch\/wp-content\/uploads\/2025\/09\/5a3874779a41b.png?fit=315%2C315&ssl=1","width":315,"height":315},{"@type":"BreadcrumbList","@id":"https:\/\/seasolar.ch\/prodotto\/goodwe-gw3648d-es\/#breadcrumb","itemListElement":[{"@type":"ListItem","position":1,"name":"Home","item":"https:\/\/seasolar.ch\/"},{"@type":"ListItem","position":2,"name":"Prodotti","item":"https:\/\/seasolar.ch\/prodotti\/"},{"@type":"ListItem","position":3,"name":"GOODWE GW3648D-ES"}]},{"@type":"WebSite","@id":"https:\/\/seasolar.ch\/#website","url":"https:\/\/seasolar.ch\/","name":"Seasolar Swiss","description":"Dal 2008 impianti fotovoltaici &quot;chiavi in mano&quot;","publisher":{"@id":"https:\/\/seasolar.ch\/#organization"},"potentialAction":[{"@type":"SearchAction","target":{"@type":"EntryPoint","urlTemplate":"https:\/\/seasolar.ch\/?s={search_term_string}"},"query-input":{"@type":"PropertyValueSpecification","valueRequired":true,"valueName":"search_term_string"}}],"inLanguage":"de"},{"@type":"Organization","@id":"https:\/\/seasolar.ch\/#organization","name":"Seasolar Swiss","url":"https:\/\/seasolar.ch\/","logo":{"@type":"ImageObject","inLanguage":"de","@id":"https:\/\/seasolar.ch\/#\/schema\/logo\/image\/","url":"https:\/\/seasolar.ch\/wp-content\/uploads\/2025\/08\/cropped-seasolar_logo_2024_social.png","contentUrl":"https:\/\/seasolar.ch\/wp-content\/uploads\/2025\/08\/cropped-seasolar_logo_2024_social.png","width":512,"height":512,"caption":"Seasolar Swiss"},"image":{"@id":"https:\/\/seasolar.ch\/#\/schema\/logo\/image\/"},"sameAs":["https:\/\/www.facebook.com\/seasolargroup","https:\/\/x.com\/seasolargroup","https:\/\/www.linkedin.com\/in\/seasolar-group-news\/","https:\/\/www.youtube.com\/channel\/UCVrmhrGih_bFnpj0as_vDuQ","https:\/\/www.instagram.com\/fotovoltaico_seasolar\/"]}]},"product_brand":"GOODWE","product_price_currency":"CHF","og_availability":"out of stock","product_availability":"out of stock","product_condition":"new"},"jetpack_likes_enabled":true,"jetpack-related-posts":[],"jetpack_sharing_enabled":true,"_links":{"self":[{"href":"https:\/\/seasolar.ch\/de\/wp-json\/wp\/v2\/product\/1663","targetHints":{"allow":["GET"]}}],"collection":[{"href":"https:\/\/seasolar.ch\/de\/wp-json\/wp\/v2\/product"}],"about":[{"href":"https:\/\/seasolar.ch\/de\/wp-json\/wp\/v2\/types\/product"}],"replies":[{"embeddable":true,"href":"https:\/\/seasolar.ch\/de\/wp-json\/wp\/v2\/comments?post=1663"}],"wp:featuredmedia":[{"embeddable":true,"href":"https:\/\/seasolar.ch\/de\/wp-json\/wp\/v2\/media\/1666"}],"wp:attachment":[{"href":"https:\/\/seasolar.ch\/de\/wp-json\/wp\/v2\/media?parent=1663"}],"wp:term":[{"taxonomy":"product_brand","embeddable":true,"href":"https:\/\/seasolar.ch\/de\/wp-json\/wp\/v2\/product_brand?post=1663"},{"taxonomy":"product_cat","embeddable":true,"href":"https:\/\/seasolar.ch\/de\/wp-json\/wp\/v2\/product_cat?post=1663"},{"taxonomy":"product_tag","embeddable":true,"href":"https:\/\/seasolar.ch\/de\/wp-json\/wp\/v2\/product_tag?post=1663"}],"curies":[{"name":"wp","href":"https:\/\/api.w.org\/{rel}","templated":true}]}}