{"id":2069,"date":"2019-11-07T00:00:00","date_gmt":"2019-11-06T23:00:00","guid":{"rendered":"https:\/\/seasolar.ch\/prodotto\/evbox-elvi-11kw\/"},"modified":"2025-11-02T13:12:30","modified_gmt":"2025-11-02T12:12:30","slug":"evbox-elvi-11kw","status":"publish","type":"product","link":"https:\/\/seasolar.ch\/de\/prodotto\/evbox-elvi-11kw\/","title":{"rendered":"EVBOX ELVI 11KW"},"content":{"rendered":"<p><img data-recalc-dims=\"1\" loading=\"lazy\" decoding=\"async\" data-id=\"7076\"  src=\"https:\/\/i0.wp.com\/seasolar.ch\/wp-content\/uploads\/2025\/09\/ELVI.png?resize=1000%2C1044&#038;ssl=1\" alt=\"\" width=\"1000\" height=\"1044\" class=\"aligncenter size-full wp-image-7076\" \/><br \/>\n\r\n\t\t<div class=\"divider4\"><span><\/span><\/div>\r\n\t\t<\/p>\n<h2>Downloads<\/h2>\n<p><a href=\"https:\/\/seasolargroup.com\/wp-content\/uploads\/2019\/11\/EN_Product-Brochure_EVBox-Elvi.pdf\" target=\"_blank\" rel=\"noopener noreferrer\">Datasheet EVBox Elvi<\/a><br \/>\n&nbsp;<br \/>\n<a href=\"https:\/\/seasolargroup.com\/wp-content\/uploads\/2019\/11\/USER_ELVI_DIGITAL_V3.pdf\" target=\"_blank\" rel=\"noopener noreferrer\">User Manual &#8211; Manuale d&#8217;uso ELVI_DIGITAL_V3<\/a><br \/>\n&nbsp;<br \/>\n<a href=\"https:\/\/seasolargroup.com\/wp-content\/uploads\/2019\/11\/INSTALLATION_ELVI_IT.pdf\" target=\"_blank\" rel=\"noopener noreferrer\">Manuale Installazione ELVI_IT<\/a><br \/>\n&nbsp;<br \/>\n<a href=\"https:\/\/seasolargroup.com\/wp-content\/uploads\/2019\/11\/INSTALLATION_ELVI_Digital_EN.pdf\" target=\"_blank\" rel=\"noopener noreferrer\">Installation Manual ELVI_Digital_EN<\/a><br \/>\n&nbsp;<br \/>\n<a href=\"https:\/\/seasolargroup.com\/wp-content\/uploads\/2019\/11\/USER_EVBOX-CONNECT-APP_EU.pdf\" target=\"_blank\" rel=\"noopener noreferrer\">User Manual &#8211; Manuale d&#8217;uso EVBOX CONNECT APP_EU<\/a><br \/>\n&nbsp;<br \/>\n<a href=\"https:\/\/seasolargroup.com\/wp-content\/uploads\/2019\/11\/EVBox-Brochure-INTL_DIGITAL-compressed.pdf\" target=\"_blank\" rel=\"noopener noreferrer\">EVBox Brochure INTL_DIGITAL-compressed<\/a><br \/>\n\r\n\t\t<div class=\"divider4\"><span><\/span><\/div>\r\n\t\t<\/p>\n<h2>Related offers<\/h2>\n<p><a href=\"https:\/\/seasolargroup.com\/tag\/evbox\/\">Offers for EVBOX<\/a><br \/>\n\r\n\t\t<div class=\"divider4\"><span><\/span><\/div>\r\n\t\t<\/p>\n<h2>Related projects<\/h2>\n\r\n\t\t<div class=\"divider4\"><span><\/span><\/div>\r\n\t\t\n<h2>Related videos<\/h2>\n<p><span class=\"embed-youtube\" style=\"text-align:center; display: block;\"><iframe loading=\"lazy\" class=\"youtube-player\" width=\"640\" height=\"360\" src=\"https:\/\/www.youtube.com\/embed\/ZuJqXT-IFeE?version=3&#038;rel=1&#038;showsearch=0&#038;showinfo=1&#038;iv_load_policy=1&#038;fs=1&#038;hl=de-DE&#038;autohide=2&#038;wmode=transparent&#038;listType=playlist&#038;list=PLwqK5bEOfjvLC4aqVmYFXXX-ut3ZnN4Tj\" allowfullscreen=\"true\" style=\"border:0;\" sandbox=\"allow-scripts allow-same-origin allow-popups allow-presentation allow-popups-to-escape-sandbox\"><\/iframe><\/span><br \/>\n\r\n\t\t<div class=\"divider4\"><span><\/span><\/div>\r\n\t\t<\/p>\n<h2>Contact<\/h2>\n<p>Please contact us with any questions you might have related to our offers or our products. We look forward to hearing how we can make the difference to you<br \/>\n&nbsp;<br \/>\nVi preghiamo di contattarci per eventuali domande relative alle nostre offerte o ai nostri prodotti. Non vediamo l&#8217;ora di sentire come possiamo fare la differenza per voi<br \/>\n&nbsp;<br \/>\nBitte kontaktieren Sie uns, wenn Sie Fragen zu unseren Angeboten oder unseren Produkten haben. Wir freuen uns zu h\u00f6ren, wie wir den Unterschied f\u00fcr Sie machen k\u00f6nnen<br \/>\n&nbsp;<br \/>\nN&#8217;h\u00e9sitez pas \u00e0 nous contacter pour toute question concernant nos offres ou nos produits. Nous avons h\u00e2te d&#8217;entendre comment nous pouvons faire la diff\u00e9rence pour vous<br \/>\n&nbsp;<br \/>\nPor favor cont\u00e1ctenos con cualquier pregunta que pueda tener relacionada con nuestras ofertas o nuestros productos. Esperamos escuchar c\u00f3mo podemos marcar la diferencia para usted.<br \/>\n&nbsp;<br \/>\n\n<div class=\"wpcf7 no-js\" id=\"wpcf7-f391-o1\" lang=\"en-US\" dir=\"ltr\" data-wpcf7-id=\"391\">\n<div class=\"screen-reader-response\"><p role=\"status\" aria-live=\"polite\" aria-atomic=\"true\"><\/p> <ul><\/ul><\/div>\n<form action=\"\/de\/wp-json\/wp\/v2\/product\/2069#wpcf7-f391-o1\" method=\"post\" class=\"wpcf7-form init\" aria-label=\"Contact form\" novalidate=\"novalidate\" data-status=\"init\">\n<fieldset class=\"hidden-fields-container\"><input type=\"hidden\" name=\"_wpcf7\" value=\"391\" \/><input type=\"hidden\" name=\"_wpcf7_version\" value=\"6.1.5\" \/><input type=\"hidden\" name=\"_wpcf7_locale\" value=\"en_US\" \/><input type=\"hidden\" name=\"_wpcf7_unit_tag\" value=\"wpcf7-f391-o1\" \/><input type=\"hidden\" name=\"_wpcf7_container_post\" value=\"0\" \/><input type=\"hidden\" name=\"_wpcf7_posted_data_hash\" value=\"\" \/>\n<\/fieldset>\n<p><label> <\/label>\n<\/p>\n<h2>Kontakt\n<\/h2>\n<p>&nbsp;<br \/>\n<label> Bitte kontaktieren Sie uns, wenn Sie Fragen zu unseren Angeboten oder unseren Produkten haben <\/label>\n<\/p>\n<p><label> Schreiben Sie an <a href=\"mailto:info@seasolar.ch\">info@seasolar.ch<\/a> oder f\u00fcllen Sie das folgende Formular aus und wir werden Sie kontaktieren: <\/label>\n<\/p>\n<p><label> Name *<br \/>\n<span class=\"wpcf7-form-control-wrap\" data-name=\"your-name\"><input size=\"40\" maxlength=\"400\" class=\"wpcf7-form-control wpcf7-text wpcf7-validates-as-required\" aria-required=\"true\" aria-invalid=\"false\" value=\"\" type=\"text\" name=\"your-name\" \/><\/span><\/label>\n<\/p>\n<p><label> Telefonnummer *<br \/>\n<span class=\"wpcf7-form-control-wrap\" data-name=\"tel-826\"><input size=\"40\" maxlength=\"400\" class=\"wpcf7-form-control wpcf7-tel wpcf7-validates-as-required wpcf7-text wpcf7-validates-as-tel\" aria-required=\"true\" aria-invalid=\"false\" value=\"\" type=\"tel\" name=\"tel-826\" \/><\/span><\/label>\n<\/p>\n<p><label> Deine E-Mail *<br \/>\n<span class=\"wpcf7-form-control-wrap\" data-name=\"your-email\"><input size=\"40\" maxlength=\"400\" class=\"wpcf7-form-control wpcf7-email wpcf7-validates-as-required wpcf7-text wpcf7-validates-as-email\" aria-required=\"true\" aria-invalid=\"false\" value=\"\" type=\"email\" name=\"your-email\" \/><\/span><\/label>\n<\/p>\n<p><label> Thema *<br \/>\n<span class=\"wpcf7-form-control-wrap\" data-name=\"your-subject\"><input size=\"40\" maxlength=\"400\" class=\"wpcf7-form-control wpcf7-text wpcf7-validates-as-required\" aria-required=\"true\" aria-invalid=\"false\" value=\"\" type=\"text\" name=\"your-subject\" \/><\/span> <\/label>\n<\/p>\n<p><label> Nachricht *<br \/>\n<span class=\"wpcf7-form-control-wrap\" data-name=\"your-message\"><textarea cols=\"40\" rows=\"10\" maxlength=\"2000\" class=\"wpcf7-form-control wpcf7-textarea wpcf7-validates-as-required\" aria-required=\"true\" aria-invalid=\"false\" name=\"your-message\"><\/textarea><\/span> <\/label>\n<\/p>\n<p><label> * Pflichtfeld <\/label>\n<\/p>\n<p><input class=\"wpcf7-form-control wpcf7-submit has-spinner\" type=\"submit\" value=\"SENDEN\" \/>\n<\/p>\n<p><label><\/label>\n<\/p><div class=\"wpcf7-response-output\" aria-hidden=\"true\"><\/div>\n<\/form>\n<\/div>\n<\/p>\n<!-- sktbuilder starter --><script type=\"text\/javascript\" src=\"https:\/\/seasolar.ch\/wp-content\/plugins\/skt-builder\/sktbuilder\/sktbuilder-frontend-starter.js\"><\/script><script type=\"text\/javascript\" src=\"https:\/\/seasolar.ch\/wp-content\/plugins\/skt-builder\/sktbuilder-wordpress-driver.js\"><\/script><script type=\"text\/javascript\"> var starter = new SktbuilderStarter({\"mode\": \"prod\", \"skip\":[\"jquery\",\"underscore\",\"backbone\"],\"sktbuilderUrl\": \"https:\/\/seasolar.ch\/wp-content\/plugins\/skt-builder\/sktbuilder\/\", \"driver\": new SktbuilderWordpressDriver({\"ajaxUrl\": \"https:\/\/seasolar.ch\/wp-admin\/admin-ajax.php\", \"iframeUrl\": \"https:\/\/seasolar.ch\/de\/prodotto\/evbox-elvi-11kw\/?sktbuilder=true\", \"pageId\": 2069,  \"nonce\": \"65b94b0f8f\", \"pages\": [], \"page\": \"EVBOX ELVI 11KW\" }) });<\/script><!-- end sktbuilder starter -->","protected":false},"excerpt":{"rendered":"<p>Wallbox<br \/>\nWith more than 50,000 charging points worldwide, EVBox is the largest supplier of EV charging stations worldwide. Each Elvi wallbox offers completely new standards thanks to the integrated WLAN and the free Hey by EVBox app as well as the online portal. Elvi means maximum flexibility, simplicity and speed, as well as connectivity. The EV-Box Elvi charging stations are compatible with any electric vehicle.<br \/>\nBenefits EVBox Elvi:<br \/>\n-Full control over all loads<br \/>\n-Helpful insights into the charging data directly from the smartphone and the computer<br \/>\n-Easy measurement of charging sessions by MID certified kW meter<br \/>\n-Efficient and responsible use of energy<br \/>\n-Load balancing<br \/>\n-Peak shaving<br \/>\n-Integration with Energy Management and Solar Energy through EVBox Smart Charging<br \/>\n-RFID authentication<br \/>\nProduct features:<br \/>\n-Modular expandable from 3.7 to 11 kW charging power<br \/>\n-4 meter charging cable (type 2) included<br \/>\n-easy installation due to modular click technology<br \/>\n-compact dimensions: 161 x 186 x 328 (W x D x H)<br \/>\n-Weight: depending on the station type 3-11 kg<br \/>\n-Housing color: Polar White<br \/>\n-CE certified<br \/>\n-Temperature range from -25 \u00b0 C to + 60 \u00b0 C<br \/>\n-Cable holder is not included<\/p>\n","protected":false},"featured_media":2071,"comment_status":"closed","ping_status":"closed","template":"","meta":[],"product_brand":[334],"product_cat":[227,228],"product_tag":[231],"class_list":{"0":"post-2069","1":"product","2":"type-product","3":"status-publish","4":"has-post-thumbnail","6":"product_brand-evbox","7":"product_cat-mobilita-elettrica","8":"product_cat-wallbox","9":"product_tag-evbox","11":"first","12":"outofstock","13":"taxable","14":"shipping-taxable","15":"product-type-simple"},"yoast_head":"<!-- This site is optimized with the Yoast SEO Premium plugin v26.7 (Yoast SEO v27.3) - https:\/\/yoast.com\/product\/yoast-seo-premium-wordpress\/ -->\n<title>EVBOX ELVI 11KW - Seasolar Swiss<\/title>\n<meta name=\"robots\" content=\"index, follow, max-snippet:-1, max-image-preview:large, max-video-preview:-1\" \/>\n<link rel=\"canonical\" href=\"https:\/\/seasolar.ch\/prodotto\/evbox-elvi-11kw\/\" \/>\n<meta property=\"og:locale\" content=\"de_DE\" \/>\n<meta property=\"og:type\" content=\"article\" \/>\n<meta property=\"og:title\" content=\"EVBOX ELVI 11KW\" \/>\n<meta property=\"og:description\" content=\"Wallbox With more than 50,000 charging points worldwide, EVBox is the largest supplier of EV charging stations worldwide. Each Elvi wallbox offers completely new standards thanks to the integrated WLAN and the free Hey by EVBox app as well as the online portal. Elvi means maximum flexibility, simplicity and speed, as well as connectivity. The EV-Box Elvi charging stations are compatible with any electric vehicle. Benefits EVBox Elvi: -Full control over all loads -Helpful insights into the charging data directly from the smartphone and the computer -Easy measurement of charging sessions by MID certified kW meter -Efficient and responsible use of energy -Load balancing -Peak shaving -Integration with Energy Management and Solar Energy through EVBox Smart Charging -RFID authentication Product features: -Modular expandable from 3.7 to 11 kW charging power -4 meter charging cable (type 2) included -easy installation due to modular click technology -compact dimensions: 161 x 186 x 328 (W x D x H) -Weight: depending on the station type 3-11 kg -Housing color: Polar White -CE certified -Temperature range from -25 \u00b0 C to + 60 \u00b0 C -Cable holder is not included\" \/>\n<meta property=\"og:url\" content=\"https:\/\/seasolar.ch\/prodotto\/evbox-elvi-11kw\/\" \/>\n<meta property=\"og:site_name\" content=\"Seasolar Swiss\" \/>\n<meta property=\"article:publisher\" content=\"https:\/\/www.facebook.com\/seasolargroup\" \/>\n<meta property=\"article:modified_time\" content=\"2025-11-02T12:12:30+00:00\" \/>\n<meta property=\"og:image\" content=\"https:\/\/seasolar.ch\/wp-content\/uploads\/2025\/09\/elvi4.png\" \/>\n\t<meta property=\"og:image:width\" content=\"1200\" \/>\n\t<meta property=\"og:image:height\" content=\"1200\" \/>\n\t<meta property=\"og:image:type\" content=\"image\/png\" \/>\n<meta name=\"twitter:card\" content=\"summary_large_image\" \/>\n<meta name=\"twitter:site\" content=\"@seasolargroup\" \/>\n<meta name=\"twitter:label1\" content=\"Preis\" \/>\n\t<meta name=\"twitter:data1\" content=\"\" \/>\n\t<meta name=\"twitter:label2\" content=\"Verf\u00fcgbarkeit\" \/>\n\t<meta name=\"twitter:data2\" content=\"ausverkauft\" \/>\n<script type=\"application\/ld+json\" class=\"yoast-schema-graph\">{\"@context\":\"https:\\\/\\\/schema.org\",\"@graph\":[{\"@type\":\"WebPage\",\"@id\":\"https:\\\/\\\/seasolar.ch\\\/prodotto\\\/evbox-elvi-11kw\\\/\",\"url\":\"https:\\\/\\\/seasolar.ch\\\/prodotto\\\/evbox-elvi-11kw\\\/\",\"name\":\"EVBOX ELVI 11KW - Seasolar Swiss\",\"isPartOf\":{\"@id\":\"https:\\\/\\\/seasolar.ch\\\/#website\"},\"primaryImageOfPage\":{\"@id\":\"https:\\\/\\\/seasolar.ch\\\/prodotto\\\/evbox-elvi-11kw\\\/#primaryimage\"},\"image\":{\"@id\":\"https:\\\/\\\/seasolar.ch\\\/prodotto\\\/evbox-elvi-11kw\\\/#primaryimage\"},\"thumbnailUrl\":\"https:\\\/\\\/i0.wp.com\\\/seasolar.ch\\\/wp-content\\\/uploads\\\/2025\\\/09\\\/elvi4.png?fit=1200%2C1200&ssl=1\",\"datePublished\":\"2019-11-06T23:00:00+00:00\",\"dateModified\":\"2025-11-02T12:12:30+00:00\",\"breadcrumb\":{\"@id\":\"https:\\\/\\\/seasolar.ch\\\/prodotto\\\/evbox-elvi-11kw\\\/#breadcrumb\"},\"inLanguage\":\"de\",\"potentialAction\":[{\"@type\":\"ReadAction\",\"target\":[\"https:\\\/\\\/seasolar.ch\\\/prodotto\\\/evbox-elvi-11kw\\\/\"]}]},{\"@type\":\"ImageObject\",\"inLanguage\":\"de\",\"@id\":\"https:\\\/\\\/seasolar.ch\\\/prodotto\\\/evbox-elvi-11kw\\\/#primaryimage\",\"url\":\"https:\\\/\\\/i0.wp.com\\\/seasolar.ch\\\/wp-content\\\/uploads\\\/2025\\\/09\\\/elvi4.png?fit=1200%2C1200&ssl=1\",\"contentUrl\":\"https:\\\/\\\/i0.wp.com\\\/seasolar.ch\\\/wp-content\\\/uploads\\\/2025\\\/09\\\/elvi4.png?fit=1200%2C1200&ssl=1\",\"width\":1200,\"height\":1200},{\"@type\":\"BreadcrumbList\",\"@id\":\"https:\\\/\\\/seasolar.ch\\\/prodotto\\\/evbox-elvi-11kw\\\/#breadcrumb\",\"itemListElement\":[{\"@type\":\"ListItem\",\"position\":1,\"name\":\"Home\",\"item\":\"https:\\\/\\\/seasolar.ch\\\/\"},{\"@type\":\"ListItem\",\"position\":2,\"name\":\"Prodotti\",\"item\":\"https:\\\/\\\/seasolar.ch\\\/prodotti\\\/\"},{\"@type\":\"ListItem\",\"position\":3,\"name\":\"EVBOX ELVI 11KW\"}]},{\"@type\":\"WebSite\",\"@id\":\"https:\\\/\\\/seasolar.ch\\\/#website\",\"url\":\"https:\\\/\\\/seasolar.ch\\\/\",\"name\":\"Seasolar Swiss\",\"description\":\"Dal 2008 impianti fotovoltaici &quot;chiavi in mano&quot;\",\"publisher\":{\"@id\":\"https:\\\/\\\/seasolar.ch\\\/#organization\"},\"potentialAction\":[{\"@type\":\"SearchAction\",\"target\":{\"@type\":\"EntryPoint\",\"urlTemplate\":\"https:\\\/\\\/seasolar.ch\\\/?s={search_term_string}\"},\"query-input\":{\"@type\":\"PropertyValueSpecification\",\"valueRequired\":true,\"valueName\":\"search_term_string\"}}],\"inLanguage\":\"de\"},{\"@type\":\"Organization\",\"@id\":\"https:\\\/\\\/seasolar.ch\\\/#organization\",\"name\":\"Seasolar Swiss\",\"url\":\"https:\\\/\\\/seasolar.ch\\\/\",\"logo\":{\"@type\":\"ImageObject\",\"inLanguage\":\"de\",\"@id\":\"https:\\\/\\\/seasolar.ch\\\/#\\\/schema\\\/logo\\\/image\\\/\",\"url\":\"https:\\\/\\\/seasolar.ch\\\/wp-content\\\/uploads\\\/2025\\\/08\\\/cropped-seasolar_logo_2024_social.png\",\"contentUrl\":\"https:\\\/\\\/seasolar.ch\\\/wp-content\\\/uploads\\\/2025\\\/08\\\/cropped-seasolar_logo_2024_social.png\",\"width\":512,\"height\":512,\"caption\":\"Seasolar Swiss\"},\"image\":{\"@id\":\"https:\\\/\\\/seasolar.ch\\\/#\\\/schema\\\/logo\\\/image\\\/\"},\"sameAs\":[\"https:\\\/\\\/www.facebook.com\\\/seasolargroup\",\"https:\\\/\\\/x.com\\\/seasolargroup\",\"https:\\\/\\\/www.linkedin.com\\\/in\\\/seasolar-group-news\\\/\",\"https:\\\/\\\/www.youtube.com\\\/channel\\\/UCVrmhrGih_bFnpj0as_vDuQ\",\"https:\\\/\\\/www.instagram.com\\\/fotovoltaico_seasolar\\\/\"]}]}<\/script>\n<meta property=\"product:brand\" content=\"EVBOX\" \/>\n<meta property=\"product:price:currency\" content=\"CHF\" \/>\n<meta property=\"og:availability\" content=\"out of stock\" \/>\n<meta property=\"product:availability\" content=\"out of stock\" \/>\n<meta property=\"product:condition\" content=\"new\" \/>\n<!-- \/ Yoast SEO Premium plugin. -->","yoast_head_json":{"title":"EVBOX ELVI 11KW - Seasolar Swiss","robots":{"index":"index","follow":"follow","max-snippet":"max-snippet:-1","max-image-preview":"max-image-preview:large","max-video-preview":"max-video-preview:-1"},"canonical":"https:\/\/seasolar.ch\/prodotto\/evbox-elvi-11kw\/","og_locale":"de_DE","og_type":"article","og_title":"EVBOX ELVI 11KW","og_description":"Wallbox With more than 50,000 charging points worldwide, EVBox is the largest supplier of EV charging stations worldwide. Each Elvi wallbox offers completely new standards thanks to the integrated WLAN and the free Hey by EVBox app as well as the online portal. Elvi means maximum flexibility, simplicity and speed, as well as connectivity. The EV-Box Elvi charging stations are compatible with any electric vehicle. Benefits EVBox Elvi: -Full control over all loads -Helpful insights into the charging data directly from the smartphone and the computer -Easy measurement of charging sessions by MID certified kW meter -Efficient and responsible use of energy -Load balancing -Peak shaving -Integration with Energy Management and Solar Energy through EVBox Smart Charging -RFID authentication Product features: -Modular expandable from 3.7 to 11 kW charging power -4 meter charging cable (type 2) included -easy installation due to modular click technology -compact dimensions: 161 x 186 x 328 (W x D x H) -Weight: depending on the station type 3-11 kg -Housing color: Polar White -CE certified -Temperature range from -25 \u00b0 C to + 60 \u00b0 C -Cable holder is not included","og_url":"https:\/\/seasolar.ch\/prodotto\/evbox-elvi-11kw\/","og_site_name":"Seasolar Swiss","article_publisher":"https:\/\/www.facebook.com\/seasolargroup","article_modified_time":"2025-11-02T12:12:30+00:00","og_image":[{"width":1200,"height":1200,"url":"https:\/\/seasolar.ch\/wp-content\/uploads\/2025\/09\/elvi4.png","type":"image\/png"}],"twitter_card":"summary_large_image","twitter_site":"@seasolargroup","twitter_misc":{"Preis":"","Verf\u00fcgbarkeit":"ausverkauft"},"schema":{"@context":"https:\/\/schema.org","@graph":[{"@type":"WebPage","@id":"https:\/\/seasolar.ch\/prodotto\/evbox-elvi-11kw\/","url":"https:\/\/seasolar.ch\/prodotto\/evbox-elvi-11kw\/","name":"EVBOX ELVI 11KW - Seasolar Swiss","isPartOf":{"@id":"https:\/\/seasolar.ch\/#website"},"primaryImageOfPage":{"@id":"https:\/\/seasolar.ch\/prodotto\/evbox-elvi-11kw\/#primaryimage"},"image":{"@id":"https:\/\/seasolar.ch\/prodotto\/evbox-elvi-11kw\/#primaryimage"},"thumbnailUrl":"https:\/\/i0.wp.com\/seasolar.ch\/wp-content\/uploads\/2025\/09\/elvi4.png?fit=1200%2C1200&ssl=1","datePublished":"2019-11-06T23:00:00+00:00","dateModified":"2025-11-02T12:12:30+00:00","breadcrumb":{"@id":"https:\/\/seasolar.ch\/prodotto\/evbox-elvi-11kw\/#breadcrumb"},"inLanguage":"de","potentialAction":[{"@type":"ReadAction","target":["https:\/\/seasolar.ch\/prodotto\/evbox-elvi-11kw\/"]}]},{"@type":"ImageObject","inLanguage":"de","@id":"https:\/\/seasolar.ch\/prodotto\/evbox-elvi-11kw\/#primaryimage","url":"https:\/\/i0.wp.com\/seasolar.ch\/wp-content\/uploads\/2025\/09\/elvi4.png?fit=1200%2C1200&ssl=1","contentUrl":"https:\/\/i0.wp.com\/seasolar.ch\/wp-content\/uploads\/2025\/09\/elvi4.png?fit=1200%2C1200&ssl=1","width":1200,"height":1200},{"@type":"BreadcrumbList","@id":"https:\/\/seasolar.ch\/prodotto\/evbox-elvi-11kw\/#breadcrumb","itemListElement":[{"@type":"ListItem","position":1,"name":"Home","item":"https:\/\/seasolar.ch\/"},{"@type":"ListItem","position":2,"name":"Prodotti","item":"https:\/\/seasolar.ch\/prodotti\/"},{"@type":"ListItem","position":3,"name":"EVBOX ELVI 11KW"}]},{"@type":"WebSite","@id":"https:\/\/seasolar.ch\/#website","url":"https:\/\/seasolar.ch\/","name":"Seasolar Swiss","description":"Dal 2008 impianti fotovoltaici &quot;chiavi in mano&quot;","publisher":{"@id":"https:\/\/seasolar.ch\/#organization"},"potentialAction":[{"@type":"SearchAction","target":{"@type":"EntryPoint","urlTemplate":"https:\/\/seasolar.ch\/?s={search_term_string}"},"query-input":{"@type":"PropertyValueSpecification","valueRequired":true,"valueName":"search_term_string"}}],"inLanguage":"de"},{"@type":"Organization","@id":"https:\/\/seasolar.ch\/#organization","name":"Seasolar Swiss","url":"https:\/\/seasolar.ch\/","logo":{"@type":"ImageObject","inLanguage":"de","@id":"https:\/\/seasolar.ch\/#\/schema\/logo\/image\/","url":"https:\/\/seasolar.ch\/wp-content\/uploads\/2025\/08\/cropped-seasolar_logo_2024_social.png","contentUrl":"https:\/\/seasolar.ch\/wp-content\/uploads\/2025\/08\/cropped-seasolar_logo_2024_social.png","width":512,"height":512,"caption":"Seasolar Swiss"},"image":{"@id":"https:\/\/seasolar.ch\/#\/schema\/logo\/image\/"},"sameAs":["https:\/\/www.facebook.com\/seasolargroup","https:\/\/x.com\/seasolargroup","https:\/\/www.linkedin.com\/in\/seasolar-group-news\/","https:\/\/www.youtube.com\/channel\/UCVrmhrGih_bFnpj0as_vDuQ","https:\/\/www.instagram.com\/fotovoltaico_seasolar\/"]}]},"product_brand":"EVBOX","product_price_currency":"CHF","og_availability":"out of stock","product_availability":"out of stock","product_condition":"new"},"jetpack_likes_enabled":true,"jetpack-related-posts":[],"jetpack_sharing_enabled":true,"_links":{"self":[{"href":"https:\/\/seasolar.ch\/de\/wp-json\/wp\/v2\/product\/2069","targetHints":{"allow":["GET"]}}],"collection":[{"href":"https:\/\/seasolar.ch\/de\/wp-json\/wp\/v2\/product"}],"about":[{"href":"https:\/\/seasolar.ch\/de\/wp-json\/wp\/v2\/types\/product"}],"replies":[{"embeddable":true,"href":"https:\/\/seasolar.ch\/de\/wp-json\/wp\/v2\/comments?post=2069"}],"wp:featuredmedia":[{"embeddable":true,"href":"https:\/\/seasolar.ch\/de\/wp-json\/wp\/v2\/media\/2071"}],"wp:attachment":[{"href":"https:\/\/seasolar.ch\/de\/wp-json\/wp\/v2\/media?parent=2069"}],"wp:term":[{"taxonomy":"product_brand","embeddable":true,"href":"https:\/\/seasolar.ch\/de\/wp-json\/wp\/v2\/product_brand?post=2069"},{"taxonomy":"product_cat","embeddable":true,"href":"https:\/\/seasolar.ch\/de\/wp-json\/wp\/v2\/product_cat?post=2069"},{"taxonomy":"product_tag","embeddable":true,"href":"https:\/\/seasolar.ch\/de\/wp-json\/wp\/v2\/product_tag?post=2069"}],"curies":[{"name":"wp","href":"https:\/\/api.w.org\/{rel}","templated":true}]}}