{"id":2060,"date":"2019-11-06T00:00:00","date_gmt":"2019-11-05T23:00:00","guid":{"rendered":"https:\/\/seasolar.ch\/prodotto\/mennekes-amtron-xtra-11-c2\/"},"modified":"2025-11-02T13:13:51","modified_gmt":"2025-11-02T12:13:51","slug":"mennekes-amtron-xtra-11-c2","status":"publish","type":"product","link":"https:\/\/seasolar.ch\/en\/prodotto\/mennekes-amtron-xtra-11-c2\/","title":{"rendered":"MENNEKES AMTRON XTRA 11 C2"},"content":{"rendered":"<p><img data-recalc-dims=\"1\" loading=\"lazy\" decoding=\"async\" data-id=\"7057\"  src=\"https:\/\/i0.wp.com\/seasolar.ch\/wp-content\/uploads\/2025\/09\/amtron-xtra-premium.png?resize=1049%2C1184&#038;ssl=1\" alt=\"\" width=\"1049\" height=\"1184\" class=\"aligncenter size-full wp-image-7057\" \/><br \/>\n\r\n\t\t<div class=\"divider4\"><span><\/span><\/div>\r\n\t\t<\/p>\n<h2>Downloads<\/h2>\n<p><a href=\"https:\/\/seasolargroup.com\/wp-content\/uploads\/2019\/11\/DB_-AMTRON__PREMIUM-XTRA_Stand-07-2019.pdf\" target=\"_blank\" rel=\"noopener noreferrer\">Datasheet DB_ AMTRON__PREMIUM, XTRA_Stand-07-2019<\/a><br \/>\n&nbsp;<br \/>\n<a href=\"https:\/\/seasolargroup.com\/wp-content\/uploads\/2019\/11\/104000DS-1_BA_AMTRON_Premium-Xtra_v00_07-05-2018.pdf\" target=\"_blank\" rel=\"noopener noreferrer\">Operating Manual 104000DS-1_BA_AMTRON_Premium-Xtra_v00_07-05-2018<\/a><br \/>\n&nbsp;<br \/>\n<a href=\"https:\/\/seasolargroup.com\/wp-content\/uploads\/2019\/11\/109000DS-1_IA_AMTRON_Premium-Xtra_v00_07-05-2018.pdf\" target=\"_blank\" rel=\"noopener noreferrer\">Installation Manual 109000DS-1_IA_AMTRON_Premium-Xtra_v00_07-05-2018<\/a><br \/>\n&nbsp;<br \/>\n<a href=\"https:\/\/seasolargroup.com\/wp-content\/uploads\/2019\/11\/00045606_0.pdf\" target=\"_blank\" rel=\"noopener noreferrer\">EU DECLARATION OF CONFORMITY 00045606_0<\/a><br \/>\n&nbsp;<br \/>\n<a href=\"https:\/\/seasolargroup.com\/wp-content\/uploads\/2019\/11\/amtron_brochure_it.pdf\" target=\"_blank\" rel=\"noopener noreferrer\">Brochure amtron_brochure_it<\/a><br \/>\n&nbsp;<br \/>\n<a href=\"https:\/\/seasolargroup.com\/wp-content\/uploads\/2019\/11\/BR_EV_ChargeUpAtWork_GB_20180705.pdf\" target=\"_blank\" rel=\"noopener noreferrer\">Brochure BR_EV_ChargeUpAtWork_GB_20180705<\/a><br \/>\n&nbsp;<br \/>\n<a href=\"https:\/\/seasolargroup.com\/wp-content\/uploads\/2019\/11\/BR_EV_ChargeUpInControl_GB_20180913.pdf\" target=\"_blank\" rel=\"noopener noreferrer\">Brochure BR_EV_ChargeUpInControl_GB_20180913<\/a><br \/>\n\r\n\t\t<div class=\"divider4\"><span><\/span><\/div>\r\n\t\t<\/p>\n<h2>Related offers<\/h2>\n<p><a href=\"https:\/\/seasolargroup.com\/tag\/mennekes\/\">Offers for MENNEKES<\/a><br \/>\n\r\n\t\t<div class=\"divider4\"><span><\/span><\/div>\r\n\t\t<\/p>\n<h2>Related projects<\/h2>\n\r\n\t\t<div class=\"divider4\"><span><\/span><\/div>\r\n\t\t\n<h2>Related videos<\/h2>\n<p><span class=\"embed-youtube\" style=\"text-align:center; display: block;\"><iframe loading=\"lazy\" class=\"youtube-player\" width=\"640\" height=\"360\" src=\"https:\/\/www.youtube.com\/embed\/MRBkWvf_bd8?version=3&#038;rel=1&#038;showsearch=0&#038;showinfo=1&#038;iv_load_policy=1&#038;fs=1&#038;hl=en-US&#038;autohide=2&#038;wmode=transparent&#038;listType=playlist&#038;list=PLwqK5bEOfjvJ0eNF_NKTLxzIus7ey4myn\" allowfullscreen=\"true\" style=\"border:0;\" sandbox=\"allow-scripts allow-same-origin allow-popups allow-presentation allow-popups-to-escape-sandbox\"><\/iframe><\/span><br \/>\n\r\n\t\t<div class=\"divider4\"><span><\/span><\/div>\r\n\t\t<\/p>\n<h2>Contact<\/h2>\n<p>Please contact us with any questions you might have related to our offers or our products. We look forward to hearing how we can make the difference to you<br \/>\n&nbsp;<br \/>\nVi preghiamo di contattarci per eventuali domande relative alle nostre offerte o ai nostri prodotti. Non vediamo l&#8217;ora di sentire come possiamo fare la differenza per voi<br \/>\n&nbsp;<br \/>\nBitte kontaktieren Sie uns, wenn Sie Fragen zu unseren Angeboten oder unseren Produkten haben. Wir freuen uns zu h\u00f6ren, wie wir den Unterschied f\u00fcr Sie machen k\u00f6nnen<br \/>\n&nbsp;<br \/>\nN&#8217;h\u00e9sitez pas \u00e0 nous contacter pour toute question concernant nos offres ou nos produits. Nous avons h\u00e2te d&#8217;entendre comment nous pouvons faire la diff\u00e9rence pour vous<br \/>\n&nbsp;<br \/>\nPor favor cont\u00e1ctenos con cualquier pregunta que pueda tener relacionada con nuestras ofertas o nuestros productos. Esperamos escuchar c\u00f3mo podemos marcar la diferencia para usted.<br \/>\n&nbsp;<br \/>\n\n<div class=\"wpcf7 no-js\" id=\"wpcf7-f391-o1\" lang=\"en-US\" dir=\"ltr\" data-wpcf7-id=\"391\">\n<div class=\"screen-reader-response\"><p role=\"status\" aria-live=\"polite\" aria-atomic=\"true\"><\/p> <ul><\/ul><\/div>\n<form action=\"\/en\/wp-json\/wp\/v2\/product\/2060#wpcf7-f391-o1\" method=\"post\" class=\"wpcf7-form init\" aria-label=\"Contact form\" novalidate=\"novalidate\" data-status=\"init\">\n<fieldset class=\"hidden-fields-container\"><input type=\"hidden\" name=\"_wpcf7\" value=\"391\" \/><input type=\"hidden\" name=\"_wpcf7_version\" value=\"6.1.5\" \/><input type=\"hidden\" name=\"_wpcf7_locale\" value=\"en_US\" \/><input type=\"hidden\" name=\"_wpcf7_unit_tag\" value=\"wpcf7-f391-o1\" \/><input type=\"hidden\" name=\"_wpcf7_container_post\" value=\"0\" \/><input type=\"hidden\" name=\"_wpcf7_posted_data_hash\" value=\"\" \/>\n<\/fieldset>\n<p><label> <\/label>\n<\/p>\n<h2>Contact\n<\/h2>\n<p>&nbsp;<br \/>\n<label> Please contact us with any questions you might have related to our offers or our products <\/label>\n<\/p>\n<p><label> Write to <a href=\"mailto:info@seasolar.ch\">info@seasolar.ch<\/a> or fill in the following form and we will contact you: <\/label>\n<\/p>\n<p><label> Your Name *<br \/>\n<span class=\"wpcf7-form-control-wrap\" data-name=\"your-name\"><input size=\"40\" maxlength=\"400\" class=\"wpcf7-form-control wpcf7-text wpcf7-validates-as-required\" aria-required=\"true\" aria-invalid=\"false\" value=\"\" type=\"text\" name=\"your-name\" \/><\/span><\/label>\n<\/p>\n<p><label> Your Telephone number *<br \/>\n<span class=\"wpcf7-form-control-wrap\" data-name=\"tel-826\"><input size=\"40\" maxlength=\"400\" class=\"wpcf7-form-control wpcf7-tel wpcf7-validates-as-required wpcf7-text wpcf7-validates-as-tel\" aria-required=\"true\" aria-invalid=\"false\" value=\"\" type=\"tel\" name=\"tel-826\" \/><\/span><\/label>\n<\/p>\n<p><label> Your E-mail *<br \/>\n<span class=\"wpcf7-form-control-wrap\" data-name=\"your-email\"><input size=\"40\" maxlength=\"400\" class=\"wpcf7-form-control wpcf7-email wpcf7-validates-as-required wpcf7-text wpcf7-validates-as-email\" aria-required=\"true\" aria-invalid=\"false\" value=\"\" type=\"email\" name=\"your-email\" \/><\/span><\/label>\n<\/p>\n<p><label> Subject *<br \/>\n<span class=\"wpcf7-form-control-wrap\" data-name=\"your-subject\"><input size=\"40\" maxlength=\"400\" class=\"wpcf7-form-control wpcf7-text wpcf7-validates-as-required\" aria-required=\"true\" aria-invalid=\"false\" value=\"\" type=\"text\" name=\"your-subject\" \/><\/span> <\/label>\n<\/p>\n<p><label> Your Message *<br \/>\n<span class=\"wpcf7-form-control-wrap\" data-name=\"your-message\"><textarea cols=\"40\" rows=\"10\" maxlength=\"2000\" class=\"wpcf7-form-control wpcf7-textarea wpcf7-validates-as-required\" aria-required=\"true\" aria-invalid=\"false\" name=\"your-message\"><\/textarea><\/span> <\/label>\n<\/p>\n<p><label> * required field <\/label>\n<\/p>\n<p><input class=\"wpcf7-form-control wpcf7-submit has-spinner\" type=\"submit\" value=\"SEND\" \/>\n<\/p>\n<p><label><\/label>\n<\/p><div class=\"wpcf7-response-output\" aria-hidden=\"true\"><\/div>\n<\/form>\n<\/div>\n<\/p>\n<!-- sktbuilder starter --><script type=\"text\/javascript\" src=\"https:\/\/seasolar.ch\/wp-content\/plugins\/skt-builder\/sktbuilder\/sktbuilder-frontend-starter.js\"><\/script><script type=\"text\/javascript\" src=\"https:\/\/seasolar.ch\/wp-content\/plugins\/skt-builder\/sktbuilder-wordpress-driver.js\"><\/script><script type=\"text\/javascript\"> var starter = new SktbuilderStarter({\"mode\": \"prod\", \"skip\":[\"jquery\",\"underscore\",\"backbone\"],\"sktbuilderUrl\": \"https:\/\/seasolar.ch\/wp-content\/plugins\/skt-builder\/sktbuilder\/\", \"driver\": new SktbuilderWordpressDriver({\"ajaxUrl\": \"https:\/\/seasolar.ch\/wp-admin\/admin-ajax.php\", \"iframeUrl\": \"https:\/\/seasolar.ch\/en\/prodotto\/mennekes-amtron-xtra-11-c2\/?sktbuilder=true\", \"pageId\": 2060,  \"nonce\": \"8d5a39e2e0\", \"pages\": [], \"page\": \"MENNEKES AMTRON XTRA 11 C2\" }) });<\/script><!-- end sktbuilder starter -->","protected":false},"excerpt":{"rendered":"<p>Wallbox<br \/>\nUser-friendly, comfortable, safe: The AMTRON\u00ae Wallboxes for charging your electric vehicle at home. With the MENNEKES Charge App you integrate electric mobility optimally into your intelligent house installation. And you can fill up on the sun by simply connecting the AMTRON\u00ae to your solar system.<br \/>\nAdvantages of Mennekes Amtron Xtra 11 C2:<br \/>\n-High quality and functional design<br \/>\n-4 LED status display<br \/>\n-Integrated cable suspension<br \/>\n-Protection class IP 44<br \/>\n-Cable length 5m with charging coupling type 2 for mode 3 charging<br \/>\n-Display of the amount of energy per charge via the MENNEKES\u00ae Charge APP<br \/>\n-Residual current device FI TYPE B universal current sensitive<br \/>\n-LAN and WiFi<br \/>\n-Control via SMA Sunny Home Manager<\/p>\n","protected":false},"featured_media":2062,"comment_status":"closed","ping_status":"closed","template":"","meta":[],"product_brand":[332],"product_cat":[227,228],"product_tag":[230],"class_list":{"0":"post-2060","1":"product","2":"type-product","3":"status-publish","4":"has-post-thumbnail","6":"product_brand-mennekes","7":"product_cat-mobilita-elettrica","8":"product_cat-wallbox","9":"product_tag-mennekes","11":"first","12":"outofstock","13":"taxable","14":"shipping-taxable","15":"product-type-simple"},"yoast_head":"<!-- This site is optimized with the Yoast SEO Premium plugin v26.7 (Yoast SEO v27.3) - https:\/\/yoast.com\/product\/yoast-seo-premium-wordpress\/ -->\n<title>MENNEKES AMTRON XTRA 11 C2 - Seasolar Swiss<\/title>\n<meta name=\"robots\" content=\"index, follow, max-snippet:-1, max-image-preview:large, max-video-preview:-1\" \/>\n<link rel=\"canonical\" href=\"https:\/\/seasolar.ch\/prodotto\/mennekes-amtron-xtra-11-c2\/\" \/>\n<meta property=\"og:locale\" content=\"en_US\" \/>\n<meta property=\"og:type\" content=\"article\" \/>\n<meta property=\"og:title\" content=\"MENNEKES AMTRON XTRA 11 C2\" \/>\n<meta property=\"og:description\" content=\"Wallbox User-friendly, comfortable, safe: The AMTRON\u00ae Wallboxes for charging your electric vehicle at home. With the MENNEKES Charge App you integrate electric mobility optimally into your intelligent house installation. And you can fill up on the sun by simply connecting the AMTRON\u00ae to your solar system. Advantages of Mennekes Amtron Xtra 11 C2: -High quality and functional design -4 LED status display -Integrated cable suspension -Protection class IP 44 -Cable length 5m with charging coupling type 2 for mode 3 charging -Display of the amount of energy per charge via the MENNEKES\u00ae Charge APP -Residual current device FI TYPE B universal current sensitive -LAN and WiFi -Control via SMA Sunny Home Manager\" \/>\n<meta property=\"og:url\" content=\"https:\/\/seasolar.ch\/prodotto\/mennekes-amtron-xtra-11-c2\/\" \/>\n<meta property=\"og:site_name\" content=\"Seasolar Swiss\" \/>\n<meta property=\"article:publisher\" content=\"https:\/\/www.facebook.com\/seasolargroup\" \/>\n<meta property=\"article:modified_time\" content=\"2025-11-02T12:13:51+00:00\" \/>\n<meta property=\"og:image\" content=\"https:\/\/seasolar.ch\/wp-content\/uploads\/2025\/09\/1345200-582x1024-1.jpg\" \/>\n\t<meta property=\"og:image:width\" content=\"1024\" \/>\n\t<meta property=\"og:image:height\" content=\"1024\" \/>\n\t<meta property=\"og:image:type\" content=\"image\/jpeg\" \/>\n<meta name=\"twitter:card\" content=\"summary_large_image\" \/>\n<meta name=\"twitter:site\" content=\"@seasolargroup\" \/>\n<meta name=\"twitter:label1\" content=\"Price\" \/>\n\t<meta name=\"twitter:data1\" content=\"\" \/>\n\t<meta name=\"twitter:label2\" content=\"Availability\" \/>\n\t<meta name=\"twitter:data2\" content=\"Out of stock\" \/>\n<script type=\"application\/ld+json\" class=\"yoast-schema-graph\">{\"@context\":\"https:\\\/\\\/schema.org\",\"@graph\":[{\"@type\":\"WebPage\",\"@id\":\"https:\\\/\\\/seasolar.ch\\\/prodotto\\\/mennekes-amtron-xtra-11-c2\\\/\",\"url\":\"https:\\\/\\\/seasolar.ch\\\/prodotto\\\/mennekes-amtron-xtra-11-c2\\\/\",\"name\":\"MENNEKES AMTRON XTRA 11 C2 - Seasolar Swiss\",\"isPartOf\":{\"@id\":\"https:\\\/\\\/seasolar.ch\\\/#website\"},\"primaryImageOfPage\":{\"@id\":\"https:\\\/\\\/seasolar.ch\\\/prodotto\\\/mennekes-amtron-xtra-11-c2\\\/#primaryimage\"},\"image\":{\"@id\":\"https:\\\/\\\/seasolar.ch\\\/prodotto\\\/mennekes-amtron-xtra-11-c2\\\/#primaryimage\"},\"thumbnailUrl\":\"https:\\\/\\\/i0.wp.com\\\/seasolar.ch\\\/wp-content\\\/uploads\\\/2025\\\/09\\\/1345200-582x1024-1.jpg?fit=1024%2C1024&ssl=1\",\"datePublished\":\"2019-11-05T23:00:00+00:00\",\"dateModified\":\"2025-11-02T12:13:51+00:00\",\"breadcrumb\":{\"@id\":\"https:\\\/\\\/seasolar.ch\\\/prodotto\\\/mennekes-amtron-xtra-11-c2\\\/#breadcrumb\"},\"inLanguage\":\"en-US\",\"potentialAction\":[{\"@type\":\"ReadAction\",\"target\":[\"https:\\\/\\\/seasolar.ch\\\/prodotto\\\/mennekes-amtron-xtra-11-c2\\\/\"]}]},{\"@type\":\"ImageObject\",\"inLanguage\":\"en-US\",\"@id\":\"https:\\\/\\\/seasolar.ch\\\/prodotto\\\/mennekes-amtron-xtra-11-c2\\\/#primaryimage\",\"url\":\"https:\\\/\\\/i0.wp.com\\\/seasolar.ch\\\/wp-content\\\/uploads\\\/2025\\\/09\\\/1345200-582x1024-1.jpg?fit=1024%2C1024&ssl=1\",\"contentUrl\":\"https:\\\/\\\/i0.wp.com\\\/seasolar.ch\\\/wp-content\\\/uploads\\\/2025\\\/09\\\/1345200-582x1024-1.jpg?fit=1024%2C1024&ssl=1\",\"width\":1024,\"height\":1024},{\"@type\":\"BreadcrumbList\",\"@id\":\"https:\\\/\\\/seasolar.ch\\\/prodotto\\\/mennekes-amtron-xtra-11-c2\\\/#breadcrumb\",\"itemListElement\":[{\"@type\":\"ListItem\",\"position\":1,\"name\":\"Home\",\"item\":\"https:\\\/\\\/seasolar.ch\\\/\"},{\"@type\":\"ListItem\",\"position\":2,\"name\":\"Prodotti\",\"item\":\"https:\\\/\\\/seasolar.ch\\\/prodotti\\\/\"},{\"@type\":\"ListItem\",\"position\":3,\"name\":\"MENNEKES AMTRON XTRA 11 C2\"}]},{\"@type\":\"WebSite\",\"@id\":\"https:\\\/\\\/seasolar.ch\\\/#website\",\"url\":\"https:\\\/\\\/seasolar.ch\\\/\",\"name\":\"Seasolar Swiss\",\"description\":\"Dal 2008 impianti fotovoltaici &quot;chiavi in mano&quot;\",\"publisher\":{\"@id\":\"https:\\\/\\\/seasolar.ch\\\/#organization\"},\"potentialAction\":[{\"@type\":\"SearchAction\",\"target\":{\"@type\":\"EntryPoint\",\"urlTemplate\":\"https:\\\/\\\/seasolar.ch\\\/?s={search_term_string}\"},\"query-input\":{\"@type\":\"PropertyValueSpecification\",\"valueRequired\":true,\"valueName\":\"search_term_string\"}}],\"inLanguage\":\"en-US\"},{\"@type\":\"Organization\",\"@id\":\"https:\\\/\\\/seasolar.ch\\\/#organization\",\"name\":\"Seasolar Swiss\",\"url\":\"https:\\\/\\\/seasolar.ch\\\/\",\"logo\":{\"@type\":\"ImageObject\",\"inLanguage\":\"en-US\",\"@id\":\"https:\\\/\\\/seasolar.ch\\\/#\\\/schema\\\/logo\\\/image\\\/\",\"url\":\"https:\\\/\\\/seasolar.ch\\\/wp-content\\\/uploads\\\/2025\\\/08\\\/cropped-seasolar_logo_2024_social.png\",\"contentUrl\":\"https:\\\/\\\/seasolar.ch\\\/wp-content\\\/uploads\\\/2025\\\/08\\\/cropped-seasolar_logo_2024_social.png\",\"width\":512,\"height\":512,\"caption\":\"Seasolar Swiss\"},\"image\":{\"@id\":\"https:\\\/\\\/seasolar.ch\\\/#\\\/schema\\\/logo\\\/image\\\/\"},\"sameAs\":[\"https:\\\/\\\/www.facebook.com\\\/seasolargroup\",\"https:\\\/\\\/x.com\\\/seasolargroup\",\"https:\\\/\\\/www.linkedin.com\\\/in\\\/seasolar-group-news\\\/\",\"https:\\\/\\\/www.youtube.com\\\/channel\\\/UCVrmhrGih_bFnpj0as_vDuQ\",\"https:\\\/\\\/www.instagram.com\\\/fotovoltaico_seasolar\\\/\"]}]}<\/script>\n<meta property=\"product:brand\" content=\"MENNEKES\" \/>\n<meta property=\"product:price:currency\" content=\"CHF\" \/>\n<meta property=\"og:availability\" content=\"out of stock\" \/>\n<meta property=\"product:availability\" content=\"out of stock\" \/>\n<meta property=\"product:condition\" content=\"new\" \/>\n<!-- \/ Yoast SEO Premium plugin. -->","yoast_head_json":{"title":"MENNEKES AMTRON XTRA 11 C2 - Seasolar Swiss","robots":{"index":"index","follow":"follow","max-snippet":"max-snippet:-1","max-image-preview":"max-image-preview:large","max-video-preview":"max-video-preview:-1"},"canonical":"https:\/\/seasolar.ch\/prodotto\/mennekes-amtron-xtra-11-c2\/","og_locale":"en_US","og_type":"article","og_title":"MENNEKES AMTRON XTRA 11 C2","og_description":"Wallbox User-friendly, comfortable, safe: The AMTRON\u00ae Wallboxes for charging your electric vehicle at home. With the MENNEKES Charge App you integrate electric mobility optimally into your intelligent house installation. And you can fill up on the sun by simply connecting the AMTRON\u00ae to your solar system. Advantages of Mennekes Amtron Xtra 11 C2: -High quality and functional design -4 LED status display -Integrated cable suspension -Protection class IP 44 -Cable length 5m with charging coupling type 2 for mode 3 charging -Display of the amount of energy per charge via the MENNEKES\u00ae Charge APP -Residual current device FI TYPE B universal current sensitive -LAN and WiFi -Control via SMA Sunny Home Manager","og_url":"https:\/\/seasolar.ch\/prodotto\/mennekes-amtron-xtra-11-c2\/","og_site_name":"Seasolar Swiss","article_publisher":"https:\/\/www.facebook.com\/seasolargroup","article_modified_time":"2025-11-02T12:13:51+00:00","og_image":[{"width":1024,"height":1024,"url":"https:\/\/seasolar.ch\/wp-content\/uploads\/2025\/09\/1345200-582x1024-1.jpg","type":"image\/jpeg"}],"twitter_card":"summary_large_image","twitter_site":"@seasolargroup","twitter_misc":{"Price":"","Availability":"Out of stock"},"schema":{"@context":"https:\/\/schema.org","@graph":[{"@type":"WebPage","@id":"https:\/\/seasolar.ch\/prodotto\/mennekes-amtron-xtra-11-c2\/","url":"https:\/\/seasolar.ch\/prodotto\/mennekes-amtron-xtra-11-c2\/","name":"MENNEKES AMTRON XTRA 11 C2 - Seasolar Swiss","isPartOf":{"@id":"https:\/\/seasolar.ch\/#website"},"primaryImageOfPage":{"@id":"https:\/\/seasolar.ch\/prodotto\/mennekes-amtron-xtra-11-c2\/#primaryimage"},"image":{"@id":"https:\/\/seasolar.ch\/prodotto\/mennekes-amtron-xtra-11-c2\/#primaryimage"},"thumbnailUrl":"https:\/\/i0.wp.com\/seasolar.ch\/wp-content\/uploads\/2025\/09\/1345200-582x1024-1.jpg?fit=1024%2C1024&ssl=1","datePublished":"2019-11-05T23:00:00+00:00","dateModified":"2025-11-02T12:13:51+00:00","breadcrumb":{"@id":"https:\/\/seasolar.ch\/prodotto\/mennekes-amtron-xtra-11-c2\/#breadcrumb"},"inLanguage":"en-US","potentialAction":[{"@type":"ReadAction","target":["https:\/\/seasolar.ch\/prodotto\/mennekes-amtron-xtra-11-c2\/"]}]},{"@type":"ImageObject","inLanguage":"en-US","@id":"https:\/\/seasolar.ch\/prodotto\/mennekes-amtron-xtra-11-c2\/#primaryimage","url":"https:\/\/i0.wp.com\/seasolar.ch\/wp-content\/uploads\/2025\/09\/1345200-582x1024-1.jpg?fit=1024%2C1024&ssl=1","contentUrl":"https:\/\/i0.wp.com\/seasolar.ch\/wp-content\/uploads\/2025\/09\/1345200-582x1024-1.jpg?fit=1024%2C1024&ssl=1","width":1024,"height":1024},{"@type":"BreadcrumbList","@id":"https:\/\/seasolar.ch\/prodotto\/mennekes-amtron-xtra-11-c2\/#breadcrumb","itemListElement":[{"@type":"ListItem","position":1,"name":"Home","item":"https:\/\/seasolar.ch\/"},{"@type":"ListItem","position":2,"name":"Prodotti","item":"https:\/\/seasolar.ch\/prodotti\/"},{"@type":"ListItem","position":3,"name":"MENNEKES AMTRON XTRA 11 C2"}]},{"@type":"WebSite","@id":"https:\/\/seasolar.ch\/#website","url":"https:\/\/seasolar.ch\/","name":"Seasolar Swiss","description":"Dal 2008 impianti fotovoltaici &quot;chiavi in mano&quot;","publisher":{"@id":"https:\/\/seasolar.ch\/#organization"},"potentialAction":[{"@type":"SearchAction","target":{"@type":"EntryPoint","urlTemplate":"https:\/\/seasolar.ch\/?s={search_term_string}"},"query-input":{"@type":"PropertyValueSpecification","valueRequired":true,"valueName":"search_term_string"}}],"inLanguage":"en-US"},{"@type":"Organization","@id":"https:\/\/seasolar.ch\/#organization","name":"Seasolar Swiss","url":"https:\/\/seasolar.ch\/","logo":{"@type":"ImageObject","inLanguage":"en-US","@id":"https:\/\/seasolar.ch\/#\/schema\/logo\/image\/","url":"https:\/\/seasolar.ch\/wp-content\/uploads\/2025\/08\/cropped-seasolar_logo_2024_social.png","contentUrl":"https:\/\/seasolar.ch\/wp-content\/uploads\/2025\/08\/cropped-seasolar_logo_2024_social.png","width":512,"height":512,"caption":"Seasolar Swiss"},"image":{"@id":"https:\/\/seasolar.ch\/#\/schema\/logo\/image\/"},"sameAs":["https:\/\/www.facebook.com\/seasolargroup","https:\/\/x.com\/seasolargroup","https:\/\/www.linkedin.com\/in\/seasolar-group-news\/","https:\/\/www.youtube.com\/channel\/UCVrmhrGih_bFnpj0as_vDuQ","https:\/\/www.instagram.com\/fotovoltaico_seasolar\/"]}]},"product_brand":"MENNEKES","product_price_currency":"CHF","og_availability":"out of stock","product_availability":"out of stock","product_condition":"new"},"jetpack_likes_enabled":true,"jetpack-related-posts":[],"jetpack_sharing_enabled":true,"_links":{"self":[{"href":"https:\/\/seasolar.ch\/en\/wp-json\/wp\/v2\/product\/2060","targetHints":{"allow":["GET"]}}],"collection":[{"href":"https:\/\/seasolar.ch\/en\/wp-json\/wp\/v2\/product"}],"about":[{"href":"https:\/\/seasolar.ch\/en\/wp-json\/wp\/v2\/types\/product"}],"replies":[{"embeddable":true,"href":"https:\/\/seasolar.ch\/en\/wp-json\/wp\/v2\/comments?post=2060"}],"wp:featuredmedia":[{"embeddable":true,"href":"https:\/\/seasolar.ch\/en\/wp-json\/wp\/v2\/media\/2062"}],"wp:attachment":[{"href":"https:\/\/seasolar.ch\/en\/wp-json\/wp\/v2\/media?parent=2060"}],"wp:term":[{"taxonomy":"product_brand","embeddable":true,"href":"https:\/\/seasolar.ch\/en\/wp-json\/wp\/v2\/product_brand?post=2060"},{"taxonomy":"product_cat","embeddable":true,"href":"https:\/\/seasolar.ch\/en\/wp-json\/wp\/v2\/product_cat?post=2060"},{"taxonomy":"product_tag","embeddable":true,"href":"https:\/\/seasolar.ch\/en\/wp-json\/wp\/v2\/product_tag?post=2060"}],"curies":[{"name":"wp","href":"https:\/\/api.w.org\/{rel}","templated":true}]}}