{"id":2310,"date":"2024-01-05T00:00:00","date_gmt":"2024-01-04T23:00:00","guid":{"rendered":"https:\/\/seasolar.ch\/prodotto\/q-cells-q-peak-duo-m-g11s-405w\/"},"modified":"2025-11-02T11:48:59","modified_gmt":"2025-11-02T10:48:59","slug":"q-cells-q-peak-duo-m-g11s-405w","status":"publish","type":"product","link":"https:\/\/seasolar.ch\/en\/prodotto\/q-cells-q-peak-duo-m-g11s-405w\/","title":{"rendered":"Q-CELLS Q.PEAK DUO M-G11S 405W"},"content":{"rendered":"<p><span style=\"color: #ffffff;\">Q-CELLS Q.PEAK DUO M-G11S 405W<\/span><\/p>\n<p>Qcells sets new standards: With the new Q.ANTUM DUO Technology, Qcells launches an innovative cell interconnection that does not require any gaps in the individual cell rows. <\/p>\n<p>Combined with the \u201cmarket leading\u201d Q.ANTUM cell technology, our Q.PEAK DUO-G9 solar modules achieve a maximum output and thus ensures an increase in yield of your PV system. <\/p>\n<p>Benefit from cost-effective green electricity and excellent product quality!<\/p>\n<p><img data-recalc-dims=\"1\" loading=\"lazy\" decoding=\"async\" data-id=\"13791\"  src=\"https:\/\/i0.wp.com\/seasolar.ch\/wp-content\/uploads\/2025\/09\/M-G11S-EN-1.jpg?resize=1378%2C1948&#038;ssl=1\" alt=\"Q-CELLS Q.PEAK DUO M-G11S\" width=\"1378\" height=\"1948\" class=\"aligncenter size-full wp-image-13791\" \/><\/p>\n<p><img data-recalc-dims=\"1\" loading=\"lazy\" decoding=\"async\" data-id=\"13790\"  src=\"https:\/\/i0.wp.com\/seasolar.ch\/wp-content\/uploads\/2025\/09\/M-G11S-EN-2.jpg?resize=1376%2C1945&#038;ssl=1\" alt=\"Q-CELLS Q.PEAK DUO M-G11S\" width=\"1376\" height=\"1945\" class=\"aligncenter size-full wp-image-13790\" \/><\/p>\n\r\n\t\t<div class=\"divider4\"><span><\/span><\/div>\r\n\t\t\n<h2>Downloads<\/h2>\n<p><a href=\"https:\/\/seasolargroup.com\/wp-content\/uploads\/2023\/12\/Qcells_Specifiche_Q.PEAK_DUO_M-G11S_series_400-420_2023-03_Rev03_IT.pdf\" target=\"_blank\" rel=\"noopener noreferrer\">Qcells_Specifiche_Q.PEAK_DUO_M-G11S+_series_400-420_2023-03_Rev03_IT<\/a><\/p>\n<p><a href=\"https:\/\/seasolargroup.com\/wp-content\/uploads\/2023\/12\/Qcells_Data_sheet_Q.PEAK_DUO_M-G11S_series_400-420_2023-03_Rev03_EN.pdf\" target=\"_blank\" rel=\"noopener noreferrer\">Qcells_Data_sheet_Q.PEAK_DUO_M-G11S+_series_400-420_2023-03_Rev03_EN<\/a><\/p>\n<p><a href=\"https:\/\/seasolargroup.com\/wp-content\/uploads\/2023\/12\/Qcells_HQCQDC_Garanzie_Moduli_serie_di_Q.PEAK_DUO-G9-G11_2022-09_Rev03_IT.pdf\" target=\"_blank\" rel=\"noopener noreferrer\">Qcells_HQCQDC_Garanzie_Moduli_serie_di_Q.PEAK_DUO-G9-G11_2022-09_Rev03_IT<\/a><\/p>\n<p><a href=\"https:\/\/seasolargroup.com\/wp-content\/uploads\/2023\/12\/Qcells_Certificate_QCPV_PV_-60153211_2023-03_Rev10.pdf\" target=\"_blank\" rel=\"noopener noreferrer\">Qcells_Certificate_QCPV_PV_ 60153211_2023-03_Rev10<\/a><\/p>\n<p><a href=\"https:\/\/seasolargroup.com\/wp-content\/uploads\/2023\/12\/Qcells_Certificate_FIRE_UNI_9177_Q.PEAK_DUO_M-G11_series_IT.pdf\" target=\"_blank\" rel=\"noopener noreferrer\">Qcells_Certificate_FIRE_UNI_9177_Q.PEAK_DUO_M-G11_series_IT<\/a><\/p>\n\r\n\t\t<div class=\"divider4\"><span><\/span><\/div>\r\n\t\t\n<h2>Related offers<\/h2>\n<p><a href=\"https:\/\/seasolargroup.com\/tag\/q-cells\/\">Offers for Q-CELLS<\/a><br \/>\n\r\n\t\t<div class=\"divider4\"><span><\/span><\/div>\r\n\t\t<\/p>\n<h2>Related projects<\/h2>\n<p><br \/>\n<span style=\"color: #ffffff;\">Q-CELLS Q.PEAK DUO M-G11S 405W<\/span><br \/>\n<br \/>\n<span style=\"color: #ffffff;\"><\/span><br \/>\n<br \/>\n\r\n\t\t<div class=\"divider4\"><span><\/span><\/div>\r\n\t\t<\/p>\n<h2>Related videos<\/h2>\n<p><span class=\"embed-youtube\" style=\"text-align:center; display: block;\"><iframe loading=\"lazy\" class=\"youtube-player\" width=\"640\" height=\"360\" src=\"https:\/\/www.youtube.com\/embed\/8cr9a2G283U?version=3&#038;rel=1&#038;showsearch=0&#038;showinfo=1&#038;iv_load_policy=1&#038;fs=1&#038;hl=en-US&#038;autohide=2&#038;wmode=transparent&#038;listType=playlist&#038;list=PLwqK5bEOfjvKm1sTmdbOfbBNBU_czPbrY\" allowfullscreen=\"true\" style=\"border:0;\" sandbox=\"allow-scripts allow-same-origin allow-popups allow-presentation allow-popups-to-escape-sandbox\"><\/iframe><\/span><br \/>\n\r\n\t\t<div class=\"divider4\"><span><\/span><\/div>\r\n\t\t<br \/>\n\n<div class=\"wpcf7 no-js\" id=\"wpcf7-f391-o1\" lang=\"en-US\" dir=\"ltr\" data-wpcf7-id=\"391\">\n<div class=\"screen-reader-response\"><p role=\"status\" aria-live=\"polite\" aria-atomic=\"true\"><\/p> <ul><\/ul><\/div>\n<form action=\"\/en\/wp-json\/wp\/v2\/product\/2310#wpcf7-f391-o1\" method=\"post\" class=\"wpcf7-form init\" aria-label=\"Contact form\" novalidate=\"novalidate\" data-status=\"init\">\n<fieldset class=\"hidden-fields-container\"><input type=\"hidden\" name=\"_wpcf7\" value=\"391\" \/><input type=\"hidden\" name=\"_wpcf7_version\" value=\"6.1.5\" \/><input type=\"hidden\" name=\"_wpcf7_locale\" value=\"en_US\" \/><input type=\"hidden\" name=\"_wpcf7_unit_tag\" value=\"wpcf7-f391-o1\" \/><input type=\"hidden\" name=\"_wpcf7_container_post\" value=\"0\" \/><input type=\"hidden\" name=\"_wpcf7_posted_data_hash\" value=\"\" \/>\n<\/fieldset>\n<p><label> <\/label>\n<\/p>\n<h2>Contact\n<\/h2>\n<p>&nbsp;<br \/>\n<label> Please contact us with any questions you might have related to our offers or our products <\/label>\n<\/p>\n<p><label> Write to <a href=\"mailto:info@seasolar.ch\">info@seasolar.ch<\/a> or fill in the following form and we will contact you: <\/label>\n<\/p>\n<p><label> Your Name *<br \/>\n<span class=\"wpcf7-form-control-wrap\" data-name=\"your-name\"><input size=\"40\" maxlength=\"400\" class=\"wpcf7-form-control wpcf7-text wpcf7-validates-as-required\" aria-required=\"true\" aria-invalid=\"false\" value=\"\" type=\"text\" name=\"your-name\" \/><\/span><\/label>\n<\/p>\n<p><label> Your Telephone number *<br \/>\n<span class=\"wpcf7-form-control-wrap\" data-name=\"tel-826\"><input size=\"40\" maxlength=\"400\" class=\"wpcf7-form-control wpcf7-tel wpcf7-validates-as-required wpcf7-text wpcf7-validates-as-tel\" aria-required=\"true\" aria-invalid=\"false\" value=\"\" type=\"tel\" name=\"tel-826\" \/><\/span><\/label>\n<\/p>\n<p><label> Your E-mail *<br \/>\n<span class=\"wpcf7-form-control-wrap\" data-name=\"your-email\"><input size=\"40\" maxlength=\"400\" class=\"wpcf7-form-control wpcf7-email wpcf7-validates-as-required wpcf7-text wpcf7-validates-as-email\" aria-required=\"true\" aria-invalid=\"false\" value=\"\" type=\"email\" name=\"your-email\" \/><\/span><\/label>\n<\/p>\n<p><label> Subject *<br \/>\n<span class=\"wpcf7-form-control-wrap\" data-name=\"your-subject\"><input size=\"40\" maxlength=\"400\" class=\"wpcf7-form-control wpcf7-text wpcf7-validates-as-required\" aria-required=\"true\" aria-invalid=\"false\" value=\"\" type=\"text\" name=\"your-subject\" \/><\/span> <\/label>\n<\/p>\n<p><label> Your Message *<br \/>\n<span class=\"wpcf7-form-control-wrap\" data-name=\"your-message\"><textarea cols=\"40\" rows=\"10\" maxlength=\"2000\" class=\"wpcf7-form-control wpcf7-textarea wpcf7-validates-as-required\" aria-required=\"true\" aria-invalid=\"false\" name=\"your-message\"><\/textarea><\/span> <\/label>\n<\/p>\n<p><label> * required field <\/label>\n<\/p>\n<p><input class=\"wpcf7-form-control wpcf7-submit has-spinner\" type=\"submit\" value=\"SEND\" \/>\n<\/p>\n<p><label><\/label>\n<\/p><div class=\"wpcf7-response-output\" aria-hidden=\"true\"><\/div>\n<\/form>\n<\/div>\n<\/p>\n<!-- sktbuilder starter --><script type=\"text\/javascript\" src=\"https:\/\/seasolar.ch\/wp-content\/plugins\/skt-builder\/sktbuilder\/sktbuilder-frontend-starter.js\"><\/script><script type=\"text\/javascript\" src=\"https:\/\/seasolar.ch\/wp-content\/plugins\/skt-builder\/sktbuilder-wordpress-driver.js\"><\/script><script type=\"text\/javascript\"> var starter = new SktbuilderStarter({\"mode\": \"prod\", \"skip\":[\"jquery\",\"underscore\",\"backbone\"],\"sktbuilderUrl\": \"https:\/\/seasolar.ch\/wp-content\/plugins\/skt-builder\/sktbuilder\/\", \"driver\": new SktbuilderWordpressDriver({\"ajaxUrl\": \"https:\/\/seasolar.ch\/wp-admin\/admin-ajax.php\", \"iframeUrl\": \"https:\/\/seasolar.ch\/en\/prodotto\/q-cells-q-peak-duo-m-g11s-405w\/?sktbuilder=true\", \"pageId\": 2310,  \"nonce\": \"798197eec9\", \"pages\": [], \"page\": \"Q-CELLS Q.PEAK DUO M-G11S 405W\" }) });<\/script><!-- end sktbuilder starter -->","protected":false},"excerpt":{"rendered":"<p>Monocrystalline module 108 cells<br \/>\nThe Q-CELLS Q.PEAK DUO M-G11 is a monocrystalline solar module with power classes up to 420W and an efficiency of up to 21.5%<\/p>\n","protected":false},"featured_media":2311,"comment_status":"closed","ping_status":"closed","template":"","meta":[],"product_brand":[322],"product_cat":[180,183],"product_tag":[198],"class_list":{"0":"post-2310","1":"product","2":"type-product","3":"status-publish","4":"has-post-thumbnail","6":"product_brand-q-cells","7":"product_cat-modulo-fotovoltaico","8":"product_cat-modulo-monocristallino","9":"product_tag-q-cells","11":"first","12":"outofstock","13":"product-type-simple"},"yoast_head":"<!-- This site is optimized with the Yoast SEO Premium plugin v26.7 (Yoast SEO v27.3) - https:\/\/yoast.com\/product\/yoast-seo-premium-wordpress\/ -->\n<title>Q-CELLS Q.PEAK DUO M-G11S 405W - Seasolar Swiss<\/title>\n<meta name=\"robots\" content=\"index, follow, max-snippet:-1, max-image-preview:large, max-video-preview:-1\" \/>\n<link rel=\"canonical\" href=\"https:\/\/seasolar.ch\/prodotto\/q-cells-q-peak-duo-m-g11s-405w\/\" \/>\n<meta property=\"og:locale\" content=\"en_US\" \/>\n<meta property=\"og:type\" content=\"article\" \/>\n<meta property=\"og:title\" content=\"Q-CELLS Q.PEAK DUO M-G11S 405W\" \/>\n<meta property=\"og:description\" content=\"[:en]Monocrystalline module 108 cells The Q-CELLS Q.PEAK DUO M-G11 is a monocrystalline solar module with power classes up to 420W and an efficiency of up to 21.5%[:it]Modulo monocristallino 108 celle Il Q-CELLS Q.PEAK DUO M-G11 \u00e8 un modulo solare monocristallino con classi di potenza fino a 420 W e un&#039;efficienza fino al 21,5%[:de]Monokristallines Modul 108 Zellen Das Q-CELLS Q.PEAK DUO M-G11 ist ein monokristallines Solarmodul mit Leistungsklassen bis 420W und einem Wirkungsgrad von bis zu 21,5%[:fr]Module monocristallin 108 cellules Le Q-CELLS Q.PEAK DUO M-G11 est un module solaire monocristallin avec des classes de puissance jusqu&#039;\u00e0 420 W et un rendement jusqu&#039;\u00e0 21,5%[:es]M\u00f3dulo monocristalino 108 c\u00e9lulas. El Q-CELLS Q.PEAK DUO M-G11 es un m\u00f3dulo solar monocristalino con clases de potencia de hasta 420W y una eficiencia de hasta el 21,5%[:]\" \/>\n<meta property=\"og:url\" content=\"https:\/\/seasolar.ch\/prodotto\/q-cells-q-peak-duo-m-g11s-405w\/\" \/>\n<meta property=\"og:site_name\" content=\"Seasolar Swiss\" \/>\n<meta property=\"article:publisher\" content=\"https:\/\/www.facebook.com\/seasolargroup\" \/>\n<meta property=\"article:modified_time\" content=\"2025-11-02T10:48:59+00:00\" \/>\n<meta property=\"og:image\" content=\"https:\/\/seasolar.ch\/wp-content\/uploads\/2025\/09\/M-G11S-EN-1.jpg\" \/>\n\t<meta property=\"og:image:width\" content=\"1378\" \/>\n\t<meta property=\"og:image:height\" content=\"1948\" \/>\n\t<meta property=\"og:image:type\" content=\"image\/jpeg\" \/>\n<meta name=\"twitter:card\" content=\"summary_large_image\" \/>\n<meta name=\"twitter:site\" content=\"@seasolargroup\" \/>\n<meta name=\"twitter:label1\" content=\"Price\" \/>\n\t<meta name=\"twitter:data1\" content=\"\" \/>\n\t<meta name=\"twitter:label2\" content=\"Availability\" \/>\n\t<meta name=\"twitter:data2\" content=\"Out of stock\" \/>\n<script type=\"application\/ld+json\" class=\"yoast-schema-graph\">{\"@context\":\"https:\\\/\\\/schema.org\",\"@graph\":[{\"@type\":\"WebPage\",\"@id\":\"https:\\\/\\\/seasolar.ch\\\/prodotto\\\/q-cells-q-peak-duo-m-g11s-405w\\\/\",\"url\":\"https:\\\/\\\/seasolar.ch\\\/prodotto\\\/q-cells-q-peak-duo-m-g11s-405w\\\/\",\"name\":\"Q-CELLS Q.PEAK DUO M-G11S 405W - Seasolar Swiss\",\"isPartOf\":{\"@id\":\"https:\\\/\\\/seasolar.ch\\\/#website\"},\"primaryImageOfPage\":{\"@id\":\"https:\\\/\\\/seasolar.ch\\\/prodotto\\\/q-cells-q-peak-duo-m-g11s-405w\\\/#primaryimage\"},\"image\":{\"@id\":\"https:\\\/\\\/seasolar.ch\\\/prodotto\\\/q-cells-q-peak-duo-m-g11s-405w\\\/#primaryimage\"},\"thumbnailUrl\":\"https:\\\/\\\/i0.wp.com\\\/seasolar.ch\\\/wp-content\\\/uploads\\\/2025\\\/09\\\/M-G11S-EN-1.jpg?fit=1378%2C1948&ssl=1\",\"datePublished\":\"2024-01-04T23:00:00+00:00\",\"dateModified\":\"2025-11-02T10:48:59+00:00\",\"breadcrumb\":{\"@id\":\"https:\\\/\\\/seasolar.ch\\\/prodotto\\\/q-cells-q-peak-duo-m-g11s-405w\\\/#breadcrumb\"},\"inLanguage\":\"en-US\",\"potentialAction\":[{\"@type\":\"ReadAction\",\"target\":[\"https:\\\/\\\/seasolar.ch\\\/prodotto\\\/q-cells-q-peak-duo-m-g11s-405w\\\/\"]}]},{\"@type\":\"ImageObject\",\"inLanguage\":\"en-US\",\"@id\":\"https:\\\/\\\/seasolar.ch\\\/prodotto\\\/q-cells-q-peak-duo-m-g11s-405w\\\/#primaryimage\",\"url\":\"https:\\\/\\\/i0.wp.com\\\/seasolar.ch\\\/wp-content\\\/uploads\\\/2025\\\/09\\\/M-G11S-EN-1.jpg?fit=1378%2C1948&ssl=1\",\"contentUrl\":\"https:\\\/\\\/i0.wp.com\\\/seasolar.ch\\\/wp-content\\\/uploads\\\/2025\\\/09\\\/M-G11S-EN-1.jpg?fit=1378%2C1948&ssl=1\",\"width\":1378,\"height\":1948,\"caption\":\"Q-CELLS Q.PEAK DUO M-G11S\"},{\"@type\":\"BreadcrumbList\",\"@id\":\"https:\\\/\\\/seasolar.ch\\\/prodotto\\\/q-cells-q-peak-duo-m-g11s-405w\\\/#breadcrumb\",\"itemListElement\":[{\"@type\":\"ListItem\",\"position\":1,\"name\":\"Home\",\"item\":\"https:\\\/\\\/seasolar.ch\\\/\"},{\"@type\":\"ListItem\",\"position\":2,\"name\":\"Prodotti\",\"item\":\"https:\\\/\\\/seasolar.ch\\\/prodotti\\\/\"},{\"@type\":\"ListItem\",\"position\":3,\"name\":\"Q-CELLS Q.PEAK DUO M-G11S 405W\"}]},{\"@type\":\"WebSite\",\"@id\":\"https:\\\/\\\/seasolar.ch\\\/#website\",\"url\":\"https:\\\/\\\/seasolar.ch\\\/\",\"name\":\"Seasolar Swiss\",\"description\":\"Dal 2008 impianti fotovoltaici &quot;chiavi in mano&quot;\",\"publisher\":{\"@id\":\"https:\\\/\\\/seasolar.ch\\\/#organization\"},\"potentialAction\":[{\"@type\":\"SearchAction\",\"target\":{\"@type\":\"EntryPoint\",\"urlTemplate\":\"https:\\\/\\\/seasolar.ch\\\/?s={search_term_string}\"},\"query-input\":{\"@type\":\"PropertyValueSpecification\",\"valueRequired\":true,\"valueName\":\"search_term_string\"}}],\"inLanguage\":\"en-US\"},{\"@type\":\"Organization\",\"@id\":\"https:\\\/\\\/seasolar.ch\\\/#organization\",\"name\":\"Seasolar Swiss\",\"url\":\"https:\\\/\\\/seasolar.ch\\\/\",\"logo\":{\"@type\":\"ImageObject\",\"inLanguage\":\"en-US\",\"@id\":\"https:\\\/\\\/seasolar.ch\\\/#\\\/schema\\\/logo\\\/image\\\/\",\"url\":\"https:\\\/\\\/seasolar.ch\\\/wp-content\\\/uploads\\\/2025\\\/08\\\/cropped-seasolar_logo_2024_social.png\",\"contentUrl\":\"https:\\\/\\\/seasolar.ch\\\/wp-content\\\/uploads\\\/2025\\\/08\\\/cropped-seasolar_logo_2024_social.png\",\"width\":512,\"height\":512,\"caption\":\"Seasolar Swiss\"},\"image\":{\"@id\":\"https:\\\/\\\/seasolar.ch\\\/#\\\/schema\\\/logo\\\/image\\\/\"},\"sameAs\":[\"https:\\\/\\\/www.facebook.com\\\/seasolargroup\",\"https:\\\/\\\/x.com\\\/seasolargroup\",\"https:\\\/\\\/www.linkedin.com\\\/in\\\/seasolar-group-news\\\/\",\"https:\\\/\\\/www.youtube.com\\\/channel\\\/UCVrmhrGih_bFnpj0as_vDuQ\",\"https:\\\/\\\/www.instagram.com\\\/fotovoltaico_seasolar\\\/\"]}]}<\/script>\n<meta property=\"product:brand\" content=\"Q-CELLS\" \/>\n<meta property=\"product:price:currency\" content=\"CHF\" \/>\n<meta property=\"og:availability\" content=\"out of stock\" \/>\n<meta property=\"product:availability\" content=\"out of stock\" \/>\n<meta property=\"product:retailer_item_id\" content=\"HQC-MG11S-405\" \/>\n<meta property=\"product:condition\" content=\"new\" \/>\n<!-- \/ Yoast SEO Premium plugin. -->","yoast_head_json":{"title":"Q-CELLS Q.PEAK DUO M-G11S 405W - Seasolar Swiss","robots":{"index":"index","follow":"follow","max-snippet":"max-snippet:-1","max-image-preview":"max-image-preview:large","max-video-preview":"max-video-preview:-1"},"canonical":"https:\/\/seasolar.ch\/prodotto\/q-cells-q-peak-duo-m-g11s-405w\/","og_locale":"en_US","og_type":"article","og_title":"Q-CELLS Q.PEAK DUO M-G11S 405W","og_description":"[:en]Monocrystalline module 108 cells The Q-CELLS Q.PEAK DUO M-G11 is a monocrystalline solar module with power classes up to 420W and an efficiency of up to 21.5%[:it]Modulo monocristallino 108 celle Il Q-CELLS Q.PEAK DUO M-G11 \u00e8 un modulo solare monocristallino con classi di potenza fino a 420 W e un'efficienza fino al 21,5%[:de]Monokristallines Modul 108 Zellen Das Q-CELLS Q.PEAK DUO M-G11 ist ein monokristallines Solarmodul mit Leistungsklassen bis 420W und einem Wirkungsgrad von bis zu 21,5%[:fr]Module monocristallin 108 cellules Le Q-CELLS Q.PEAK DUO M-G11 est un module solaire monocristallin avec des classes de puissance jusqu'\u00e0 420 W et un rendement jusqu'\u00e0 21,5%[:es]M\u00f3dulo monocristalino 108 c\u00e9lulas. El Q-CELLS Q.PEAK DUO M-G11 es un m\u00f3dulo solar monocristalino con clases de potencia de hasta 420W y una eficiencia de hasta el 21,5%[:]","og_url":"https:\/\/seasolar.ch\/prodotto\/q-cells-q-peak-duo-m-g11s-405w\/","og_site_name":"Seasolar Swiss","article_publisher":"https:\/\/www.facebook.com\/seasolargroup","article_modified_time":"2025-11-02T10:48:59+00:00","og_image":[{"width":1378,"height":1948,"url":"https:\/\/seasolar.ch\/wp-content\/uploads\/2025\/09\/M-G11S-EN-1.jpg","type":"image\/jpeg"}],"twitter_card":"summary_large_image","twitter_site":"@seasolargroup","twitter_misc":{"Price":"","Availability":"Out of stock"},"schema":{"@context":"https:\/\/schema.org","@graph":[{"@type":"WebPage","@id":"https:\/\/seasolar.ch\/prodotto\/q-cells-q-peak-duo-m-g11s-405w\/","url":"https:\/\/seasolar.ch\/prodotto\/q-cells-q-peak-duo-m-g11s-405w\/","name":"Q-CELLS Q.PEAK DUO M-G11S 405W - Seasolar Swiss","isPartOf":{"@id":"https:\/\/seasolar.ch\/#website"},"primaryImageOfPage":{"@id":"https:\/\/seasolar.ch\/prodotto\/q-cells-q-peak-duo-m-g11s-405w\/#primaryimage"},"image":{"@id":"https:\/\/seasolar.ch\/prodotto\/q-cells-q-peak-duo-m-g11s-405w\/#primaryimage"},"thumbnailUrl":"https:\/\/i0.wp.com\/seasolar.ch\/wp-content\/uploads\/2025\/09\/M-G11S-EN-1.jpg?fit=1378%2C1948&ssl=1","datePublished":"2024-01-04T23:00:00+00:00","dateModified":"2025-11-02T10:48:59+00:00","breadcrumb":{"@id":"https:\/\/seasolar.ch\/prodotto\/q-cells-q-peak-duo-m-g11s-405w\/#breadcrumb"},"inLanguage":"en-US","potentialAction":[{"@type":"ReadAction","target":["https:\/\/seasolar.ch\/prodotto\/q-cells-q-peak-duo-m-g11s-405w\/"]}]},{"@type":"ImageObject","inLanguage":"en-US","@id":"https:\/\/seasolar.ch\/prodotto\/q-cells-q-peak-duo-m-g11s-405w\/#primaryimage","url":"https:\/\/i0.wp.com\/seasolar.ch\/wp-content\/uploads\/2025\/09\/M-G11S-EN-1.jpg?fit=1378%2C1948&ssl=1","contentUrl":"https:\/\/i0.wp.com\/seasolar.ch\/wp-content\/uploads\/2025\/09\/M-G11S-EN-1.jpg?fit=1378%2C1948&ssl=1","width":1378,"height":1948,"caption":"Q-CELLS Q.PEAK DUO M-G11S"},{"@type":"BreadcrumbList","@id":"https:\/\/seasolar.ch\/prodotto\/q-cells-q-peak-duo-m-g11s-405w\/#breadcrumb","itemListElement":[{"@type":"ListItem","position":1,"name":"Home","item":"https:\/\/seasolar.ch\/"},{"@type":"ListItem","position":2,"name":"Prodotti","item":"https:\/\/seasolar.ch\/prodotti\/"},{"@type":"ListItem","position":3,"name":"Q-CELLS Q.PEAK DUO M-G11S 405W"}]},{"@type":"WebSite","@id":"https:\/\/seasolar.ch\/#website","url":"https:\/\/seasolar.ch\/","name":"Seasolar Swiss","description":"Dal 2008 impianti fotovoltaici &quot;chiavi in mano&quot;","publisher":{"@id":"https:\/\/seasolar.ch\/#organization"},"potentialAction":[{"@type":"SearchAction","target":{"@type":"EntryPoint","urlTemplate":"https:\/\/seasolar.ch\/?s={search_term_string}"},"query-input":{"@type":"PropertyValueSpecification","valueRequired":true,"valueName":"search_term_string"}}],"inLanguage":"en-US"},{"@type":"Organization","@id":"https:\/\/seasolar.ch\/#organization","name":"Seasolar Swiss","url":"https:\/\/seasolar.ch\/","logo":{"@type":"ImageObject","inLanguage":"en-US","@id":"https:\/\/seasolar.ch\/#\/schema\/logo\/image\/","url":"https:\/\/seasolar.ch\/wp-content\/uploads\/2025\/08\/cropped-seasolar_logo_2024_social.png","contentUrl":"https:\/\/seasolar.ch\/wp-content\/uploads\/2025\/08\/cropped-seasolar_logo_2024_social.png","width":512,"height":512,"caption":"Seasolar Swiss"},"image":{"@id":"https:\/\/seasolar.ch\/#\/schema\/logo\/image\/"},"sameAs":["https:\/\/www.facebook.com\/seasolargroup","https:\/\/x.com\/seasolargroup","https:\/\/www.linkedin.com\/in\/seasolar-group-news\/","https:\/\/www.youtube.com\/channel\/UCVrmhrGih_bFnpj0as_vDuQ","https:\/\/www.instagram.com\/fotovoltaico_seasolar\/"]}]},"product_brand":"Q-CELLS","product_price_currency":"CHF","og_availability":"out of stock","product_availability":"out of stock","product_retailer_item_id":"HQC-MG11S-405","product_condition":"new"},"jetpack_likes_enabled":true,"jetpack-related-posts":[],"jetpack_sharing_enabled":true,"_links":{"self":[{"href":"https:\/\/seasolar.ch\/en\/wp-json\/wp\/v2\/product\/2310","targetHints":{"allow":["GET"]}}],"collection":[{"href":"https:\/\/seasolar.ch\/en\/wp-json\/wp\/v2\/product"}],"about":[{"href":"https:\/\/seasolar.ch\/en\/wp-json\/wp\/v2\/types\/product"}],"replies":[{"embeddable":true,"href":"https:\/\/seasolar.ch\/en\/wp-json\/wp\/v2\/comments?post=2310"}],"wp:featuredmedia":[{"embeddable":true,"href":"https:\/\/seasolar.ch\/en\/wp-json\/wp\/v2\/media\/2311"}],"wp:attachment":[{"href":"https:\/\/seasolar.ch\/en\/wp-json\/wp\/v2\/media?parent=2310"}],"wp:term":[{"taxonomy":"product_brand","embeddable":true,"href":"https:\/\/seasolar.ch\/en\/wp-json\/wp\/v2\/product_brand?post=2310"},{"taxonomy":"product_cat","embeddable":true,"href":"https:\/\/seasolar.ch\/en\/wp-json\/wp\/v2\/product_cat?post=2310"},{"taxonomy":"product_tag","embeddable":true,"href":"https:\/\/seasolar.ch\/en\/wp-json\/wp\/v2\/product_tag?post=2310"}],"curies":[{"name":"wp","href":"https:\/\/api.w.org\/{rel}","templated":true}]}}