{"id":376,"date":"2023-09-29T06:48:14","date_gmt":"2023-09-29T06:48:14","guid":{"rendered":"https:\/\/sktperfectdemo.com\/demos\/solarenergy\/?page_id=8"},"modified":"2026-02-14T11:58:02","modified_gmt":"2026-02-14T10:58:02","slug":"seasolar-swiss","status":"publish","type":"page","link":"https:\/\/seasolar.ch\/es\/","title":{"rendered":"Seasolar Swiss"},"content":{"rendered":"<p><span style=\"color: #ffffff;\">Seasolar Swiss<\/span><br \/>\n\r\n\t\t\t <div class=\"promo3\" style=\"background-color:#f7f7f7; border-bottom-color:#92c938;\">\r\n             \t<br \/>\n\r\n\t\t<div class=\"center-title\">\r\n\t\t\t<h2 style=\"color:#222222\">SOBRE\r\n\t\t\t<span style=\"color:#92c938\">NOSOTROS<\/span>\r\n\t\t\t<\/h2>\r\n\t\t\t<span style=\"border-bottom-color:#222222\"><\/span>\r\n\t\t\t\r\n\t\t<\/div>\r\n\t\t<\/p>\n<p style=\"text-align: center;\">El grupo Seasolar opera en el sector de las energ\u00edas renovables desde 2008. Seasolar Swiss ofrece servicios de consultor\u00eda en eficiencia energ\u00e9tica, gesti\u00f3n y optimizaci\u00f3n del consumo para empresas<\/p>\n<p>\r\n\t<div class=\"view-all-btn\" style=\"text-align:center; margin-top:0%; \">\r\n\t\t<a href=\"https:\/\/seasolar.ch\/es\/chi-siamo\/\" target=\"_parent\"  style=\"color:#ffffff; background:#92c938; \r\n\t\t\r\n\t\t  \">\r\n\t\t\t<span>\r\n\t\t\tLEE MAS\r\n\t\t\t \r\n\t\t\t<\/span>\r\n\t\t<\/a>\r\n\t<\/div><br \/>\n\r\n                \r\n             <\/div>\t\r\n\t\t<br \/>\n<span style=\"color: #ffffff;\">Seasolar Swiss<\/span><br \/>\n\r\n\t\t\t <div class=\"promo3\" style=\"background-color:#f7f7f7; border-bottom-color:#92c938;\">\r\n             \t<br \/>\n\r\n\t\t<div class=\"center-title\">\r\n\t\t\t<h2 style=\"color:#222222\">NUESTRAS\r\n\t\t\t<span style=\"color:#92c938\">MARCAS<\/span>\r\n\t\t\t<\/h2>\r\n\t\t\t<span style=\"border-bottom-color:#222222\"><\/span>\r\n\t\t\t\r\n\t\t<\/div>\r\n\t\t<br \/>\n<br \/>\n\r\n                \r\n             <\/div>\t\r\n\t\t<br \/>\n\r\n\t\t\t <div class=\"promo3\" style=\"background-color:#f7f7f7; border-bottom-color:#92c938;\">\r\n             \t<br \/>\n\r\n\t\t<div class=\"center-title\">\r\n\t\t\t<h2 style=\"color:#222222\">NUESTROS\r\n\t\t\t<span style=\"color:#92c938\">PRODUCTOS<\/span>\r\n\t\t\t<\/h2>\r\n\t\t\t<span style=\"border-bottom-color:#222222\"><\/span>\r\n\t\t\t\r\n\t\t<\/div>\r\n\t\t<br \/>\n<br \/>\n\r\n                \r\n             <\/div>\t\r\n\t\t<br \/>\n\r\n\t\t\t <div class=\"promo3\" style=\"background-color:#f7f7f7; border-bottom-color:#92c938;\">\r\n             \t<br \/>\n\r\n\t\t<div class=\"center-title\">\r\n\t\t\t<h2 style=\"color:#222222\">CANAL DE\r\n\t\t\t<span style=\"color:#92c938\">YouTube<\/span>\r\n\t\t\t<\/h2>\r\n\t\t\t<span style=\"border-bottom-color:#222222\"><\/span>\r\n\t\t\t\r\n\t\t<\/div>\r\n\t\t<br \/>\n<span class=\"embed-youtube\" style=\"text-align:center; display: block;\"><iframe loading=\"lazy\" class=\"youtube-player\" width=\"640\" height=\"360\" src=\"https:\/\/www.youtube.com\/embed\/GyfvYdZP_V0?version=3&#038;rel=1&#038;showsearch=0&#038;showinfo=1&#038;iv_load_policy=1&#038;fs=1&#038;hl=es-ES&#038;autohide=2&#038;wmode=transparent&#038;listType=playlist&#038;list=PLwqK5bEOfjvIZTYao-x2JOwedrsCmBUG9\" allowfullscreen=\"true\" style=\"border:0;\" sandbox=\"allow-scripts allow-same-origin allow-popups allow-presentation allow-popups-to-escape-sandbox\"><\/iframe><\/span><br \/>\n\r\n\t<div class=\"view-all-btn\" style=\"text-align:center; margin-top:0%; \">\r\n\t\t<a href=\"https:\/\/www.youtube.com\/channel\/UCVrmhrGih_bFnpj0as_vDuQ\" target=\"_blank\"  style=\"color:#ffffff; background:#92c938; \r\n\t\t\r\n\t\t  \">\r\n\t\t\t<span>\r\n\t\t\tLEE MAS\r\n\t\t\t \r\n\t\t\t<\/span>\r\n\t\t<\/a>\r\n\t<\/div><br \/>\n\r\n                \r\n             <\/div>\t\r\n\t\t<br \/>\n<div class=\"gglcptch gglcptch_v3\"><input type=\"hidden\" id=\"g-recaptcha-response\" name=\"g-recaptcha-response\" \/><br \/><div class=\"gglcptch_error_text\">El periodo de verificaci\u00f3n de reCAPTCHA ha caducado. Por favor, recarga la p\u00e1gina.<\/div><\/div><\/p>\n<!-- sktbuilder starter --><script type=\"text\/javascript\" src=\"https:\/\/seasolar.ch\/wp-content\/plugins\/skt-builder\/sktbuilder\/sktbuilder-frontend-starter.js\"><\/script><script type=\"text\/javascript\" src=\"https:\/\/seasolar.ch\/wp-content\/plugins\/skt-builder\/sktbuilder-wordpress-driver.js\"><\/script><script type=\"text\/javascript\"> var starter = new SktbuilderStarter({\"mode\": \"prod\", \"skip\":[\"jquery\",\"underscore\",\"backbone\"],\"sktbuilderUrl\": \"https:\/\/seasolar.ch\/wp-content\/plugins\/skt-builder\/sktbuilder\/\", \"driver\": new SktbuilderWordpressDriver({\"ajaxUrl\": \"https:\/\/seasolar.ch\/wp-admin\/admin-ajax.php\", \"iframeUrl\": \"https:\/\/seasolar.ch\/es\/?sktbuilder=true\", \"pageId\": 376,  \"nonce\": \"8d5a39e2e0\", \"pages\": [], \"page\": \"Seasolar Swiss\" }) });<\/script><!-- end sktbuilder starter -->","protected":false},"excerpt":{"rendered":"<p>Seasolar Swiss Seasolar Swiss<\/p>\n","protected":false},"author":1,"featured_media":7,"parent":0,"menu_order":0,"comment_status":"closed","ping_status":"closed","template":"templates\/page-fullwidth_template.php","meta":{"footnotes":""},"class_list":["post-376","page","type-page","status-publish","has-post-thumbnail","hentry"],"yoast_head":"<!-- This site is optimized with the Yoast SEO Premium plugin v26.7 (Yoast SEO v27.3) - https:\/\/yoast.com\/product\/yoast-seo-premium-wordpress\/ -->\n<title>Seasolar Swiss - Dal 2008 impianti fotovoltaici &quot;chiavi in mano&quot;<\/title>\n<meta name=\"description\" content=\"Seasolar Swiss opera dal 2008 al servizio di privati e imprese che desiderano realizzare un impianto fotovoltaico &quot;chiavi in mano&quot;\" \/>\n<meta name=\"robots\" content=\"index, follow, max-snippet:-1, max-image-preview:large, max-video-preview:-1\" \/>\n<link rel=\"canonical\" href=\"https:\/\/seasolar.ch\/\" \/>\n<meta property=\"og:locale\" content=\"es_ES\" \/>\n<meta property=\"og:type\" content=\"article\" \/>\n<meta property=\"og:title\" content=\"Seasolar Swiss\" \/>\n<meta property=\"og:description\" content=\"Seasolar Swiss opera dal 2008 al servizio di privati e imprese che desiderano realizzare un impianto fotovoltaico &quot;chiavi in mano&quot;\" \/>\n<meta property=\"og:url\" content=\"https:\/\/seasolar.ch\/\" \/>\n<meta property=\"og:site_name\" content=\"Seasolar Swiss\" \/>\n<meta property=\"article:publisher\" content=\"https:\/\/www.facebook.com\/seasolargroup\" \/>\n<meta property=\"article:modified_time\" content=\"2026-02-14T10:58:02+00:00\" \/>\n<meta property=\"og:image\" content=\"https:\/\/seasolar.ch\/wp-content\/uploads\/2025\/08\/seasolar_logo_2024_social.png\" \/>\n\t<meta property=\"og:image:width\" content=\"360\" \/>\n\t<meta property=\"og:image:height\" content=\"360\" \/>\n\t<meta property=\"og:image:type\" content=\"image\/png\" \/>\n<meta name=\"twitter:card\" content=\"summary_large_image\" \/>\n<meta name=\"twitter:site\" content=\"@seasolargroup\" \/>\n<meta name=\"twitter:label1\" content=\"Tiempo de lectura\" \/>\n\t<meta name=\"twitter:data1\" content=\"4 minutos\" \/>\n<script type=\"application\/ld+json\" class=\"yoast-schema-graph\">{\"@context\":\"https:\\\/\\\/schema.org\",\"@graph\":[{\"@type\":\"WebPage\",\"@id\":\"https:\\\/\\\/seasolar.ch\\\/\",\"url\":\"https:\\\/\\\/seasolar.ch\\\/\",\"name\":\"Seasolar Swiss - Dal 2008 impianti fotovoltaici \\\"chiavi in mano\\\"\",\"isPartOf\":{\"@id\":\"https:\\\/\\\/seasolar.ch\\\/#website\"},\"primaryImageOfPage\":{\"@id\":\"https:\\\/\\\/seasolar.ch\\\/#primaryimage\"},\"image\":{\"@id\":\"https:\\\/\\\/seasolar.ch\\\/#primaryimage\"},\"thumbnailUrl\":\"https:\\\/\\\/i0.wp.com\\\/seasolar.ch\\\/wp-content\\\/uploads\\\/2025\\\/08\\\/seasolar_logo_2024_social.png?fit=360%2C360&ssl=1\",\"datePublished\":\"2023-09-29T06:48:14+00:00\",\"dateModified\":\"2026-02-14T10:58:02+00:00\",\"description\":\"Seasolar Swiss opera dal 2008 al servizio di privati e imprese che desiderano realizzare un impianto fotovoltaico \\\"chiavi in mano\\\"\",\"breadcrumb\":{\"@id\":\"https:\\\/\\\/seasolar.ch\\\/#breadcrumb\"},\"inLanguage\":\"es\",\"potentialAction\":[{\"@type\":\"ReadAction\",\"target\":[\"https:\\\/\\\/seasolar.ch\\\/\"]}]},{\"@type\":\"ImageObject\",\"inLanguage\":\"es\",\"@id\":\"https:\\\/\\\/seasolar.ch\\\/#primaryimage\",\"url\":\"https:\\\/\\\/i0.wp.com\\\/seasolar.ch\\\/wp-content\\\/uploads\\\/2025\\\/08\\\/seasolar_logo_2024_social.png?fit=360%2C360&ssl=1\",\"contentUrl\":\"https:\\\/\\\/i0.wp.com\\\/seasolar.ch\\\/wp-content\\\/uploads\\\/2025\\\/08\\\/seasolar_logo_2024_social.png?fit=360%2C360&ssl=1\",\"width\":360,\"height\":360,\"caption\":\"Seasolar Swiss\"},{\"@type\":\"BreadcrumbList\",\"@id\":\"https:\\\/\\\/seasolar.ch\\\/#breadcrumb\",\"itemListElement\":[{\"@type\":\"ListItem\",\"position\":1,\"name\":\"Home\",\"item\":\"https:\\\/\\\/seasolar.ch\\\/\"},{\"@type\":\"ListItem\",\"position\":2,\"name\":\"Seasolar Swiss\"}]},{\"@type\":\"WebSite\",\"@id\":\"https:\\\/\\\/seasolar.ch\\\/#website\",\"url\":\"https:\\\/\\\/seasolar.ch\\\/\",\"name\":\"Seasolar Swiss\",\"description\":\"Dal 2008 impianti fotovoltaici &quot;chiavi in mano&quot;\",\"publisher\":{\"@id\":\"https:\\\/\\\/seasolar.ch\\\/#organization\"},\"potentialAction\":[{\"@type\":\"SearchAction\",\"target\":{\"@type\":\"EntryPoint\",\"urlTemplate\":\"https:\\\/\\\/seasolar.ch\\\/?s={search_term_string}\"},\"query-input\":{\"@type\":\"PropertyValueSpecification\",\"valueRequired\":true,\"valueName\":\"search_term_string\"}}],\"inLanguage\":\"es\"},{\"@type\":\"Organization\",\"@id\":\"https:\\\/\\\/seasolar.ch\\\/#organization\",\"name\":\"Seasolar Swiss\",\"url\":\"https:\\\/\\\/seasolar.ch\\\/\",\"logo\":{\"@type\":\"ImageObject\",\"inLanguage\":\"es\",\"@id\":\"https:\\\/\\\/seasolar.ch\\\/#\\\/schema\\\/logo\\\/image\\\/\",\"url\":\"https:\\\/\\\/seasolar.ch\\\/wp-content\\\/uploads\\\/2025\\\/08\\\/cropped-seasolar_logo_2024_social.png\",\"contentUrl\":\"https:\\\/\\\/seasolar.ch\\\/wp-content\\\/uploads\\\/2025\\\/08\\\/cropped-seasolar_logo_2024_social.png\",\"width\":512,\"height\":512,\"caption\":\"Seasolar Swiss\"},\"image\":{\"@id\":\"https:\\\/\\\/seasolar.ch\\\/#\\\/schema\\\/logo\\\/image\\\/\"},\"sameAs\":[\"https:\\\/\\\/www.facebook.com\\\/seasolargroup\",\"https:\\\/\\\/x.com\\\/seasolargroup\",\"https:\\\/\\\/www.linkedin.com\\\/in\\\/seasolar-group-news\\\/\",\"https:\\\/\\\/www.youtube.com\\\/channel\\\/UCVrmhrGih_bFnpj0as_vDuQ\",\"https:\\\/\\\/www.instagram.com\\\/fotovoltaico_seasolar\\\/\"]}]}<\/script>\n<!-- \/ Yoast SEO Premium plugin. -->","yoast_head_json":{"title":"Seasolar Swiss - Dal 2008 impianti fotovoltaici \"chiavi in mano\"","description":"Seasolar Swiss opera dal 2008 al servizio di privati e imprese che desiderano realizzare un impianto fotovoltaico \"chiavi in mano\"","robots":{"index":"index","follow":"follow","max-snippet":"max-snippet:-1","max-image-preview":"max-image-preview:large","max-video-preview":"max-video-preview:-1"},"canonical":"https:\/\/seasolar.ch\/","og_locale":"es_ES","og_type":"article","og_title":"Seasolar Swiss","og_description":"Seasolar Swiss opera dal 2008 al servizio di privati e imprese che desiderano realizzare un impianto fotovoltaico \"chiavi in mano\"","og_url":"https:\/\/seasolar.ch\/","og_site_name":"Seasolar Swiss","article_publisher":"https:\/\/www.facebook.com\/seasolargroup","article_modified_time":"2026-02-14T10:58:02+00:00","og_image":[{"width":360,"height":360,"url":"https:\/\/seasolar.ch\/wp-content\/uploads\/2025\/08\/seasolar_logo_2024_social.png","type":"image\/png"}],"twitter_card":"summary_large_image","twitter_site":"@seasolargroup","twitter_misc":{"Tiempo de lectura":"4 minutos"},"schema":{"@context":"https:\/\/schema.org","@graph":[{"@type":"WebPage","@id":"https:\/\/seasolar.ch\/","url":"https:\/\/seasolar.ch\/","name":"Seasolar Swiss - Dal 2008 impianti fotovoltaici \"chiavi in mano\"","isPartOf":{"@id":"https:\/\/seasolar.ch\/#website"},"primaryImageOfPage":{"@id":"https:\/\/seasolar.ch\/#primaryimage"},"image":{"@id":"https:\/\/seasolar.ch\/#primaryimage"},"thumbnailUrl":"https:\/\/i0.wp.com\/seasolar.ch\/wp-content\/uploads\/2025\/08\/seasolar_logo_2024_social.png?fit=360%2C360&ssl=1","datePublished":"2023-09-29T06:48:14+00:00","dateModified":"2026-02-14T10:58:02+00:00","description":"Seasolar Swiss opera dal 2008 al servizio di privati e imprese che desiderano realizzare un impianto fotovoltaico \"chiavi in mano\"","breadcrumb":{"@id":"https:\/\/seasolar.ch\/#breadcrumb"},"inLanguage":"es","potentialAction":[{"@type":"ReadAction","target":["https:\/\/seasolar.ch\/"]}]},{"@type":"ImageObject","inLanguage":"es","@id":"https:\/\/seasolar.ch\/#primaryimage","url":"https:\/\/i0.wp.com\/seasolar.ch\/wp-content\/uploads\/2025\/08\/seasolar_logo_2024_social.png?fit=360%2C360&ssl=1","contentUrl":"https:\/\/i0.wp.com\/seasolar.ch\/wp-content\/uploads\/2025\/08\/seasolar_logo_2024_social.png?fit=360%2C360&ssl=1","width":360,"height":360,"caption":"Seasolar Swiss"},{"@type":"BreadcrumbList","@id":"https:\/\/seasolar.ch\/#breadcrumb","itemListElement":[{"@type":"ListItem","position":1,"name":"Home","item":"https:\/\/seasolar.ch\/"},{"@type":"ListItem","position":2,"name":"Seasolar Swiss"}]},{"@type":"WebSite","@id":"https:\/\/seasolar.ch\/#website","url":"https:\/\/seasolar.ch\/","name":"Seasolar Swiss","description":"Dal 2008 impianti fotovoltaici &quot;chiavi in mano&quot;","publisher":{"@id":"https:\/\/seasolar.ch\/#organization"},"potentialAction":[{"@type":"SearchAction","target":{"@type":"EntryPoint","urlTemplate":"https:\/\/seasolar.ch\/?s={search_term_string}"},"query-input":{"@type":"PropertyValueSpecification","valueRequired":true,"valueName":"search_term_string"}}],"inLanguage":"es"},{"@type":"Organization","@id":"https:\/\/seasolar.ch\/#organization","name":"Seasolar Swiss","url":"https:\/\/seasolar.ch\/","logo":{"@type":"ImageObject","inLanguage":"es","@id":"https:\/\/seasolar.ch\/#\/schema\/logo\/image\/","url":"https:\/\/seasolar.ch\/wp-content\/uploads\/2025\/08\/cropped-seasolar_logo_2024_social.png","contentUrl":"https:\/\/seasolar.ch\/wp-content\/uploads\/2025\/08\/cropped-seasolar_logo_2024_social.png","width":512,"height":512,"caption":"Seasolar Swiss"},"image":{"@id":"https:\/\/seasolar.ch\/#\/schema\/logo\/image\/"},"sameAs":["https:\/\/www.facebook.com\/seasolargroup","https:\/\/x.com\/seasolargroup","https:\/\/www.linkedin.com\/in\/seasolar-group-news\/","https:\/\/www.youtube.com\/channel\/UCVrmhrGih_bFnpj0as_vDuQ","https:\/\/www.instagram.com\/fotovoltaico_seasolar\/"]}]}},"jetpack_likes_enabled":true,"jetpack-related-posts":[],"jetpack_sharing_enabled":true,"_links":{"self":[{"href":"https:\/\/seasolar.ch\/es\/wp-json\/wp\/v2\/pages\/376","targetHints":{"allow":["GET"]}}],"collection":[{"href":"https:\/\/seasolar.ch\/es\/wp-json\/wp\/v2\/pages"}],"about":[{"href":"https:\/\/seasolar.ch\/es\/wp-json\/wp\/v2\/types\/page"}],"author":[{"embeddable":true,"href":"https:\/\/seasolar.ch\/es\/wp-json\/wp\/v2\/users\/1"}],"replies":[{"embeddable":true,"href":"https:\/\/seasolar.ch\/es\/wp-json\/wp\/v2\/comments?post=376"}],"version-history":[{"count":21,"href":"https:\/\/seasolar.ch\/es\/wp-json\/wp\/v2\/pages\/376\/revisions"}],"predecessor-version":[{"id":3228,"href":"https:\/\/seasolar.ch\/es\/wp-json\/wp\/v2\/pages\/376\/revisions\/3228"}],"wp:featuredmedia":[{"embeddable":true,"href":"https:\/\/seasolar.ch\/es\/wp-json\/wp\/v2\/media\/7"}],"wp:attachment":[{"href":"https:\/\/seasolar.ch\/es\/wp-json\/wp\/v2\/media?parent=376"}],"curies":[{"name":"wp","href":"https:\/\/api.w.org\/{rel}","templated":true}]}}