{"id":817,"date":"2025-09-20T19:21:32","date_gmt":"2025-09-20T18:21:32","guid":{"rendered":"https:\/\/seasolar.ch\/?page_id=817"},"modified":"2025-09-20T19:32:05","modified_gmt":"2025-09-20T18:32:05","slug":"note-legali","status":"publish","type":"page","link":"https:\/\/seasolar.ch\/es\/note-legali\/","title":{"rendered":"Aviso legal"},"content":{"rendered":"<p><span style=\"color: #ffffff;\">Aviso legal<\/span><\/p>\n<h2>Aviso legal<\/h2>\n<p><span style=\"color: #ffffff;\">Aviso legal<\/span><\/p>\n<h3>1. La empresa<\/h3>\n<p>Sonkraft SA con domicilio social en Via Maggio 1\/C, 6900 Lugano, domicilio social CHE-338.510.825, N.I.F. CHE-338.510.825 IVA<\/p>\n<h3>2. El sitio web<\/h3>\n<p>El sitio web seasolar.ch (el \u00abSitio\u00bb) es propiedad de Sonkraft SA (la \u00abEmpresa\u00bb), que lo ha creado con fines informativos, comerciales y promocionales relacionados con la divisi\u00f3n Seasolar Swiss.<br \/>\nSeasolar Swiss colabora con productores y consumidores (Administraci\u00f3n P\u00fablica, Industria y Sector Terciario, Comunidades Locales) para el desarrollo energ\u00e9tico sostenible, implementando sistemas de gesti\u00f3n eficientes, transparentes e inteligentes. Con diferentes \u00e1reas de actuaci\u00f3n, ofrece un servicio completo y flexible a lo largo de toda la cadena energ\u00e9tica.<\/p>\n<p>La marca \u201cSeasolar\u201d, las marcas de la Compa\u00f1\u00eda que aparecen en las p\u00e1ginas del Sitio y todos los dem\u00e1s signos distintivos (denominativos y\/o figurativos) (las \u201cMarcas\u201d) son propiedad exclusiva de la Compa\u00f1\u00eda y\/o de otras empresas del grupo; cualquier uso o reproducci\u00f3n de las mismas, con cualquier fin o por cualquier medio, queda expresa y estrictamente prohibido y ser\u00e1 perseguido por la Compa\u00f1\u00eda conforme a la ley. Las marcas de terceros reproducidas en el Sitio son propiedad exclusiva de sus respectivos propietarios, quienes han autorizado su uso: cualquier reproducci\u00f3n est\u00e1 prohibida.<\/p>\n<p>Las p\u00e1ginas que conforman el Sitio y su contenido (incluyendo, entre otros, textos, im\u00e1genes, gr\u00e1ficos y sonidos) est\u00e1n protegidos por derechos de autor, de los cuales la Compa\u00f1\u00eda es titular, o incluyen material cuyo uso ha sido debidamente autorizado; por lo tanto, queda prohibida su reproducci\u00f3n, duplicaci\u00f3n, publicaci\u00f3n o transmisi\u00f3n (total o parcial) en cualquier forma o modo. Queda prohibida la venta o distribuci\u00f3n de la reproducci\u00f3n del Sitio o de partes del mismo con fines comerciales.<\/p>\n<p>La descarga del contenido del Sitio solo es l\u00edcita si se autoriza expresamente mediante una indicaci\u00f3n espec\u00edfica en el propio Sitio. Esta autorizaci\u00f3n se refiere exclusivamente al uso personal y no comercial del material descargado, quedando estrictamente prohibida cualquier otra forma de uso. Nada de lo contenido en el Sitio podr\u00e1 interpretarse como una licencia expresa o t\u00e1cita a favor de terceros para el uso de las Marcas, textos, im\u00e1genes, gr\u00e1ficos, sonidos y cualquier otro elemento objeto de los derechos exclusivos mencionados en los p\u00e1rrafos anteriores.<\/p>\n<h3>3. Responsabilidad<\/h3>\n<p>La Empresa trabaja con la m\u00e1xima diligencia para seleccionar y mantener actualizado el contenido del Sitio. En cualquier caso, la Empresa declina toda responsabilidad en caso de que la informaci\u00f3n proporcionada sea incompleta o contenga errores de cualquier tipo.<\/p>\n<p>En la medida en que lo permita la ley, la Compa\u00f1\u00eda tambi\u00e9n declina toda responsabilidad por cualquier da\u00f1o que pueda causarse a los usuarios y a sus bienes como resultado del acceso al Sitio, la imposibilidad de acceder al Sitio o la descarga de contenido del mismo cuando est\u00e9 permitido, incluyendo da\u00f1os a los equipos inform\u00e1ticos de los usuarios causados \u200b\u200bpor virus. La Compa\u00f1\u00eda es \u00fanica y exclusivamente responsable del contenido de su propio Sitio y no se responsabiliza del contenido de sitios web de terceros a los que se pueda acceder a trav\u00e9s de enlaces desde el propio Sitio, ya que no ejerce ning\u00fan control sobre ellos.<\/p>\n<h3>4. Accesibilidad<\/h3>\n<p>Nos esforzamos constantemente para que el Sitio sea lo m\u00e1s accesible y usable posible para todos los usuarios. Nuestro objetivo es eliminar cualquier dificultad al acceder a la informaci\u00f3n de este sitio web. Si tiene alg\u00fan problema, p\u00f3ngase en contacto con nosotros en: info@seasolar.ch<\/p>\n<h3>5. Sitios de terceros<\/h3>\n<p>Dado que el Sitio puede permitir el acceso a sitios propiedad de terceros y operados por ellos, tenga en cuenta que este aviso legal no se aplica a dichos sitios de terceros y que la Compa\u00f1\u00eda no se responsabiliza de las actividades que estos realicen. En estos casos, le sugerimos que lea atentamente los avisos legales de dichos sitios de terceros.<\/p>\n<h3>6. Cambios y actualizaciones<\/h3>\n<p>La Compa\u00f1\u00eda se reserva el derecho de modificar o actualizar, total o parcialmente, el contenido de este aviso legal (incluso como resultado de cambios en la legislaci\u00f3n aplicable). Los cambios se publicar\u00e1n en el Sitio y, si son sustanciales, se le comunicar\u00e1n por correo electr\u00f3nico. Por lo tanto, la Compa\u00f1\u00eda le invita a visitar esta secci\u00f3n peri\u00f3dicamente.<br \/>\nVersi\u00f3n actualizada en septiembre de 2025<br \/>\n\r\n\t\t<div class=\"divider4\"><span><\/span><\/div>\r\n\t\t<br \/>\n\n<div class=\"wpcf7 no-js\" id=\"wpcf7-f391-o5\" lang=\"en-US\" dir=\"ltr\" data-wpcf7-id=\"391\">\n<div class=\"screen-reader-response\"><p role=\"status\" aria-live=\"polite\" aria-atomic=\"true\"><\/p> <ul><\/ul><\/div>\n<form action=\"\/es\/wp-json\/wp\/v2\/pages\/817#wpcf7-f391-o5\" method=\"post\" class=\"wpcf7-form init\" aria-label=\"Contact form\" novalidate=\"novalidate\" data-status=\"init\">\n<fieldset class=\"hidden-fields-container\"><input type=\"hidden\" name=\"_wpcf7\" value=\"391\" \/><input type=\"hidden\" name=\"_wpcf7_version\" value=\"6.1.5\" \/><input type=\"hidden\" name=\"_wpcf7_locale\" value=\"en_US\" \/><input type=\"hidden\" name=\"_wpcf7_unit_tag\" value=\"wpcf7-f391-o5\" \/><input type=\"hidden\" name=\"_wpcf7_container_post\" value=\"0\" \/><input type=\"hidden\" name=\"_wpcf7_posted_data_hash\" value=\"\" \/>\n<\/fieldset>\n<p><label> <\/label>\n<\/p>\n<h2>Contacto\n<\/h2>\n<p>&nbsp;<br \/>\n<label> Por favor cont\u00e1ctenos con cualquier pregunta que pueda tener relacionada con nuestras ofertas o nuestros productos <\/label>\n<\/p>\n<p><label> Escriba a <a href=\"mailto:info@seasolar.ch\">info@seasolar.ch<\/a> o complete el siguiente formulario y nos pondremos en contacto con usted: <\/label>\n<\/p>\n<p><label> Nombre *<br \/>\n<span class=\"wpcf7-form-control-wrap\" data-name=\"your-name\"><input size=\"40\" maxlength=\"400\" class=\"wpcf7-form-control wpcf7-text wpcf7-validates-as-required\" aria-required=\"true\" aria-invalid=\"false\" value=\"\" type=\"text\" name=\"your-name\" \/><\/span><\/label>\n<\/p>\n<p><label> N\u00famero de tel\u00e9fono *<br \/>\n<span class=\"wpcf7-form-control-wrap\" data-name=\"tel-826\"><input size=\"40\" maxlength=\"400\" class=\"wpcf7-form-control wpcf7-tel wpcf7-validates-as-required wpcf7-text wpcf7-validates-as-tel\" aria-required=\"true\" aria-invalid=\"false\" value=\"\" type=\"tel\" name=\"tel-826\" \/><\/span><\/label>\n<\/p>\n<p><label> Tu correo electr\u00f3nico *<br \/>\n<span class=\"wpcf7-form-control-wrap\" data-name=\"your-email\"><input size=\"40\" maxlength=\"400\" class=\"wpcf7-form-control wpcf7-email wpcf7-validates-as-required wpcf7-text wpcf7-validates-as-email\" aria-required=\"true\" aria-invalid=\"false\" value=\"\" type=\"email\" name=\"your-email\" \/><\/span><\/label>\n<\/p>\n<p><label> Sujeto *<br \/>\n<span class=\"wpcf7-form-control-wrap\" data-name=\"your-subject\"><input size=\"40\" maxlength=\"400\" class=\"wpcf7-form-control wpcf7-text wpcf7-validates-as-required\" aria-required=\"true\" aria-invalid=\"false\" value=\"\" type=\"text\" name=\"your-subject\" \/><\/span> <\/label>\n<\/p>\n<p><label> Mensaje *<br \/>\n<span class=\"wpcf7-form-control-wrap\" data-name=\"your-message\"><textarea cols=\"40\" rows=\"10\" maxlength=\"2000\" class=\"wpcf7-form-control wpcf7-textarea wpcf7-validates-as-required\" aria-required=\"true\" aria-invalid=\"false\" name=\"your-message\"><\/textarea><\/span> <\/label>\n<\/p>\n<p><label> * campo requerido <\/label>\n<\/p>\n<p><input class=\"wpcf7-form-control wpcf7-submit has-spinner\" type=\"submit\" value=\"ENVIAR\" \/>\n<\/p>\n<p><label><\/label>\n<\/p><div class=\"wpcf7-response-output\" aria-hidden=\"true\"><\/div>\n<\/form>\n<\/div>\n<\/p>\n<!-- sktbuilder starter --><script type=\"text\/javascript\" src=\"https:\/\/seasolar.ch\/wp-content\/plugins\/skt-builder\/sktbuilder\/sktbuilder-frontend-starter.js\"><\/script><script type=\"text\/javascript\" src=\"https:\/\/seasolar.ch\/wp-content\/plugins\/skt-builder\/sktbuilder-wordpress-driver.js\"><\/script><script type=\"text\/javascript\"> var starter = new SktbuilderStarter({\"mode\": \"prod\", \"skip\":[\"jquery\",\"underscore\",\"backbone\"],\"sktbuilderUrl\": \"https:\/\/seasolar.ch\/wp-content\/plugins\/skt-builder\/sktbuilder\/\", \"driver\": new SktbuilderWordpressDriver({\"ajaxUrl\": \"https:\/\/seasolar.ch\/wp-admin\/admin-ajax.php\", \"iframeUrl\": \"https:\/\/seasolar.ch\/es\/note-legali\/?sktbuilder=true\", \"pageId\": 817,  \"nonce\": \"6ed2cd66d8\", \"pages\": [], \"page\": \"Aviso legal\" }) });<\/script><!-- end sktbuilder starter -->","protected":false},"excerpt":{"rendered":"<p>Aviso legal Aviso legal Aviso legal 1. La empresa Sonkraft SA con domicilio social en Via Maggio 1\/C, 6900 Lugano, domicilio social CHE-338.510.825, N.I.F. CHE-338.510.825 IVA 2. El sitio web El sitio web seasolar.ch (el \u00abSitio\u00bb) es propiedad de Sonkraft SA (la \u00abEmpresa\u00bb), que lo ha creado con fines informativos, comerciales y promocionales relacionados con<br \/><a class=\"moretag\" href=\"https:\/\/seasolar.ch\/es\/note-legali\/\">+ Read More<\/a><\/p>\n","protected":false},"author":1,"featured_media":8,"parent":0,"menu_order":0,"comment_status":"closed","ping_status":"closed","template":"","meta":{"footnotes":""},"class_list":["post-817","page","type-page","status-publish","has-post-thumbnail","hentry"],"yoast_head":"<!-- This site is optimized with the Yoast SEO Premium plugin v26.7 (Yoast SEO v27.3) - https:\/\/yoast.com\/product\/yoast-seo-premium-wordpress\/ -->\n<title>Seasolar Swiss - Note legali<\/title>\n<meta name=\"description\" content=\"Seasolar Swiss offre servizi di consulenza nell&#039;ambito dell&#039;efficienza energetica, della gestione e ottimizzazione dei consumi per le aziende\" \/>\n<meta name=\"robots\" content=\"noindex, nofollow\" \/>\n<meta property=\"og:locale\" content=\"es_ES\" \/>\n<meta property=\"og:type\" content=\"article\" \/>\n<meta property=\"og:title\" content=\"[:it]Note legali[:en]Imprint[:de]Impressum[:fr]Mention l\u00e9gale[:es]Aviso legal[:]\" \/>\n<meta property=\"og:description\" content=\"Seasolar Swiss offre servizi di consulenza nell&#039;ambito dell&#039;efficienza energetica, della gestione e ottimizzazione dei consumi per le aziende\" \/>\n<meta property=\"og:url\" content=\"https:\/\/seasolar.ch\/note-legali\/\" \/>\n<meta property=\"og:site_name\" content=\"Seasolar Swiss\" \/>\n<meta property=\"article:publisher\" content=\"https:\/\/www.facebook.com\/seasolargroup\" \/>\n<meta property=\"article:modified_time\" content=\"2025-09-20T18:32:05+00:00\" \/>\n<meta property=\"og:image\" content=\"https:\/\/seasolar.ch\/wp-content\/uploads\/2025\/08\/cropped-seasolar_logo_2024_social.png\" \/>\n\t<meta property=\"og:image:width\" content=\"512\" \/>\n\t<meta property=\"og:image:height\" content=\"512\" \/>\n\t<meta property=\"og:image:type\" content=\"image\/png\" \/>\n<meta name=\"twitter:card\" content=\"summary_large_image\" \/>\n<meta name=\"twitter:site\" content=\"@seasolargroup\" \/>\n<meta name=\"twitter:label1\" content=\"Tiempo de lectura\" \/>\n\t<meta name=\"twitter:data1\" content=\"4 minutos\" \/>\n<script type=\"application\/ld+json\" class=\"yoast-schema-graph\">{\"@context\":\"https:\\\/\\\/schema.org\",\"@graph\":[{\"@type\":\"WebPage\",\"@id\":\"https:\\\/\\\/seasolar.ch\\\/note-legali\\\/\",\"url\":\"https:\\\/\\\/seasolar.ch\\\/note-legali\\\/\",\"name\":\"Seasolar Swiss - Note legali\",\"isPartOf\":{\"@id\":\"https:\\\/\\\/seasolar.ch\\\/#website\"},\"primaryImageOfPage\":{\"@id\":\"https:\\\/\\\/seasolar.ch\\\/note-legali\\\/#primaryimage\"},\"image\":{\"@id\":\"https:\\\/\\\/seasolar.ch\\\/note-legali\\\/#primaryimage\"},\"thumbnailUrl\":\"https:\\\/\\\/i0.wp.com\\\/seasolar.ch\\\/wp-content\\\/uploads\\\/2025\\\/08\\\/cropped-seasolar_logo_2024_social.png?fit=512%2C512&ssl=1\",\"datePublished\":\"2025-09-20T18:21:32+00:00\",\"dateModified\":\"2025-09-20T18:32:05+00:00\",\"description\":\"Seasolar Swiss offre servizi di consulenza nell'ambito dell'efficienza energetica, della gestione e ottimizzazione dei consumi per le aziende\",\"breadcrumb\":{\"@id\":\"https:\\\/\\\/seasolar.ch\\\/note-legali\\\/#breadcrumb\"},\"inLanguage\":\"es\",\"potentialAction\":[{\"@type\":\"ReadAction\",\"target\":[\"https:\\\/\\\/seasolar.ch\\\/note-legali\\\/\"]}]},{\"@type\":\"ImageObject\",\"inLanguage\":\"es\",\"@id\":\"https:\\\/\\\/seasolar.ch\\\/note-legali\\\/#primaryimage\",\"url\":\"https:\\\/\\\/i0.wp.com\\\/seasolar.ch\\\/wp-content\\\/uploads\\\/2025\\\/08\\\/cropped-seasolar_logo_2024_social.png?fit=512%2C512&ssl=1\",\"contentUrl\":\"https:\\\/\\\/i0.wp.com\\\/seasolar.ch\\\/wp-content\\\/uploads\\\/2025\\\/08\\\/cropped-seasolar_logo_2024_social.png?fit=512%2C512&ssl=1\",\"width\":512,\"height\":512,\"caption\":\"Seasolar Swiss\"},{\"@type\":\"BreadcrumbList\",\"@id\":\"https:\\\/\\\/seasolar.ch\\\/note-legali\\\/#breadcrumb\",\"itemListElement\":[{\"@type\":\"ListItem\",\"position\":1,\"name\":\"Home\",\"item\":\"https:\\\/\\\/seasolar.ch\\\/\"},{\"@type\":\"ListItem\",\"position\":2,\"name\":\"Note legali\"}]},{\"@type\":\"WebSite\",\"@id\":\"https:\\\/\\\/seasolar.ch\\\/#website\",\"url\":\"https:\\\/\\\/seasolar.ch\\\/\",\"name\":\"Seasolar Swiss\",\"description\":\"Dal 2008 impianti fotovoltaici &quot;chiavi in mano&quot;\",\"publisher\":{\"@id\":\"https:\\\/\\\/seasolar.ch\\\/#organization\"},\"potentialAction\":[{\"@type\":\"SearchAction\",\"target\":{\"@type\":\"EntryPoint\",\"urlTemplate\":\"https:\\\/\\\/seasolar.ch\\\/?s={search_term_string}\"},\"query-input\":{\"@type\":\"PropertyValueSpecification\",\"valueRequired\":true,\"valueName\":\"search_term_string\"}}],\"inLanguage\":\"es\"},{\"@type\":\"Organization\",\"@id\":\"https:\\\/\\\/seasolar.ch\\\/#organization\",\"name\":\"Seasolar Swiss\",\"url\":\"https:\\\/\\\/seasolar.ch\\\/\",\"logo\":{\"@type\":\"ImageObject\",\"inLanguage\":\"es\",\"@id\":\"https:\\\/\\\/seasolar.ch\\\/#\\\/schema\\\/logo\\\/image\\\/\",\"url\":\"https:\\\/\\\/seasolar.ch\\\/wp-content\\\/uploads\\\/2025\\\/08\\\/cropped-seasolar_logo_2024_social.png\",\"contentUrl\":\"https:\\\/\\\/seasolar.ch\\\/wp-content\\\/uploads\\\/2025\\\/08\\\/cropped-seasolar_logo_2024_social.png\",\"width\":512,\"height\":512,\"caption\":\"Seasolar Swiss\"},\"image\":{\"@id\":\"https:\\\/\\\/seasolar.ch\\\/#\\\/schema\\\/logo\\\/image\\\/\"},\"sameAs\":[\"https:\\\/\\\/www.facebook.com\\\/seasolargroup\",\"https:\\\/\\\/x.com\\\/seasolargroup\",\"https:\\\/\\\/www.linkedin.com\\\/in\\\/seasolar-group-news\\\/\",\"https:\\\/\\\/www.youtube.com\\\/channel\\\/UCVrmhrGih_bFnpj0as_vDuQ\",\"https:\\\/\\\/www.instagram.com\\\/fotovoltaico_seasolar\\\/\"]}]}<\/script>\n<!-- \/ Yoast SEO Premium plugin. -->","yoast_head_json":{"title":"Seasolar Swiss - Note legali","description":"Seasolar Swiss offre servizi di consulenza nell'ambito dell'efficienza energetica, della gestione e ottimizzazione dei consumi per le aziende","robots":{"index":"noindex","follow":"nofollow"},"og_locale":"es_ES","og_type":"article","og_title":"[:it]Note legali[:en]Imprint[:de]Impressum[:fr]Mention l\u00e9gale[:es]Aviso legal[:]","og_description":"Seasolar Swiss offre servizi di consulenza nell'ambito dell'efficienza energetica, della gestione e ottimizzazione dei consumi per le aziende","og_url":"https:\/\/seasolar.ch\/note-legali\/","og_site_name":"Seasolar Swiss","article_publisher":"https:\/\/www.facebook.com\/seasolargroup","article_modified_time":"2025-09-20T18:32:05+00:00","og_image":[{"width":512,"height":512,"url":"https:\/\/seasolar.ch\/wp-content\/uploads\/2025\/08\/cropped-seasolar_logo_2024_social.png","type":"image\/png"}],"twitter_card":"summary_large_image","twitter_site":"@seasolargroup","twitter_misc":{"Tiempo de lectura":"4 minutos"},"schema":{"@context":"https:\/\/schema.org","@graph":[{"@type":"WebPage","@id":"https:\/\/seasolar.ch\/note-legali\/","url":"https:\/\/seasolar.ch\/note-legali\/","name":"Seasolar Swiss - Note legali","isPartOf":{"@id":"https:\/\/seasolar.ch\/#website"},"primaryImageOfPage":{"@id":"https:\/\/seasolar.ch\/note-legali\/#primaryimage"},"image":{"@id":"https:\/\/seasolar.ch\/note-legali\/#primaryimage"},"thumbnailUrl":"https:\/\/i0.wp.com\/seasolar.ch\/wp-content\/uploads\/2025\/08\/cropped-seasolar_logo_2024_social.png?fit=512%2C512&ssl=1","datePublished":"2025-09-20T18:21:32+00:00","dateModified":"2025-09-20T18:32:05+00:00","description":"Seasolar Swiss offre servizi di consulenza nell'ambito dell'efficienza energetica, della gestione e ottimizzazione dei consumi per le aziende","breadcrumb":{"@id":"https:\/\/seasolar.ch\/note-legali\/#breadcrumb"},"inLanguage":"es","potentialAction":[{"@type":"ReadAction","target":["https:\/\/seasolar.ch\/note-legali\/"]}]},{"@type":"ImageObject","inLanguage":"es","@id":"https:\/\/seasolar.ch\/note-legali\/#primaryimage","url":"https:\/\/i0.wp.com\/seasolar.ch\/wp-content\/uploads\/2025\/08\/cropped-seasolar_logo_2024_social.png?fit=512%2C512&ssl=1","contentUrl":"https:\/\/i0.wp.com\/seasolar.ch\/wp-content\/uploads\/2025\/08\/cropped-seasolar_logo_2024_social.png?fit=512%2C512&ssl=1","width":512,"height":512,"caption":"Seasolar Swiss"},{"@type":"BreadcrumbList","@id":"https:\/\/seasolar.ch\/note-legali\/#breadcrumb","itemListElement":[{"@type":"ListItem","position":1,"name":"Home","item":"https:\/\/seasolar.ch\/"},{"@type":"ListItem","position":2,"name":"Note legali"}]},{"@type":"WebSite","@id":"https:\/\/seasolar.ch\/#website","url":"https:\/\/seasolar.ch\/","name":"Seasolar Swiss","description":"Dal 2008 impianti fotovoltaici &quot;chiavi in mano&quot;","publisher":{"@id":"https:\/\/seasolar.ch\/#organization"},"potentialAction":[{"@type":"SearchAction","target":{"@type":"EntryPoint","urlTemplate":"https:\/\/seasolar.ch\/?s={search_term_string}"},"query-input":{"@type":"PropertyValueSpecification","valueRequired":true,"valueName":"search_term_string"}}],"inLanguage":"es"},{"@type":"Organization","@id":"https:\/\/seasolar.ch\/#organization","name":"Seasolar Swiss","url":"https:\/\/seasolar.ch\/","logo":{"@type":"ImageObject","inLanguage":"es","@id":"https:\/\/seasolar.ch\/#\/schema\/logo\/image\/","url":"https:\/\/seasolar.ch\/wp-content\/uploads\/2025\/08\/cropped-seasolar_logo_2024_social.png","contentUrl":"https:\/\/seasolar.ch\/wp-content\/uploads\/2025\/08\/cropped-seasolar_logo_2024_social.png","width":512,"height":512,"caption":"Seasolar Swiss"},"image":{"@id":"https:\/\/seasolar.ch\/#\/schema\/logo\/image\/"},"sameAs":["https:\/\/www.facebook.com\/seasolargroup","https:\/\/x.com\/seasolargroup","https:\/\/www.linkedin.com\/in\/seasolar-group-news\/","https:\/\/www.youtube.com\/channel\/UCVrmhrGih_bFnpj0as_vDuQ","https:\/\/www.instagram.com\/fotovoltaico_seasolar\/"]}]}},"jetpack_likes_enabled":true,"jetpack-related-posts":[],"jetpack_sharing_enabled":true,"_links":{"self":[{"href":"https:\/\/seasolar.ch\/es\/wp-json\/wp\/v2\/pages\/817","targetHints":{"allow":["GET"]}}],"collection":[{"href":"https:\/\/seasolar.ch\/es\/wp-json\/wp\/v2\/pages"}],"about":[{"href":"https:\/\/seasolar.ch\/es\/wp-json\/wp\/v2\/types\/page"}],"author":[{"embeddable":true,"href":"https:\/\/seasolar.ch\/es\/wp-json\/wp\/v2\/users\/1"}],"replies":[{"embeddable":true,"href":"https:\/\/seasolar.ch\/es\/wp-json\/wp\/v2\/comments?post=817"}],"version-history":[{"count":3,"href":"https:\/\/seasolar.ch\/es\/wp-json\/wp\/v2\/pages\/817\/revisions"}],"predecessor-version":[{"id":820,"href":"https:\/\/seasolar.ch\/es\/wp-json\/wp\/v2\/pages\/817\/revisions\/820"}],"wp:featuredmedia":[{"embeddable":true,"href":"https:\/\/seasolar.ch\/es\/wp-json\/wp\/v2\/media\/8"}],"wp:attachment":[{"href":"https:\/\/seasolar.ch\/es\/wp-json\/wp\/v2\/media?parent=817"}],"curies":[{"name":"wp","href":"https:\/\/api.w.org\/{rel}","templated":true}]}}