{"id":2373,"date":"2024-01-13T00:00:00","date_gmt":"2024-01-12T23:00:00","guid":{"rendered":"https:\/\/seasolar.ch\/prodotto\/solax-x3-fth-100k\/"},"modified":"2026-02-07T23:57:48","modified_gmt":"2026-02-07T22:57:48","slug":"solax-x3-fth-100k","status":"publish","type":"product","link":"https:\/\/seasolar.ch\/es\/prodotto\/solax-x3-fth-100k\/","title":{"rendered":"SOLAX X3 FTH 100K"},"content":{"rendered":"<p><span style=\"color: #ffffff;\">SOLAX X3 FTH 125K<\/span><br \/>\nExperience the remarkable power of our high-efficiency solar inverter, reaching an impressive 99% efficiency. <\/p>\n<p>Maximize your energy generation with multiple features like 12 MPPTs, 150% PV oversizing input, and 110% overloading output. <\/p>\n<p>Rest assured with reliable protection at every level, including AFCI protection, AC terminal temperature detection, SPD protection and IP66 protection, ensuring your safety. <\/p>\n<p>Embrace intelligent capabilities like built-in export power control, remote maintenance and 24-hour operation monitoring, offering seamless convenience. <\/p>\n<p>Discover the brilliance of smart solar panel I-V Curve Diagnosis and night-time reactive power compensation, optimizing your energy production. <\/p>\n<p>Plus, enjoy the benefits of a lightweight, compact design equipped with advanced heat dissipation technology, which makes the system more than 5% lighter and smaller. <\/p>\n<p>Unleash the true potential of our local energy solution, delivering efficient, safe, and convenient power generation for your needs.<\/p>\n<p>Product features:<\/p>\n<ul>\n<li>Max. efficiency up to 99%<\/li>\n<li>180~1000Vdc MPPT voltage range<\/li>\n<li>Max. 12 MPPTs, 2 strings per MPP tracker<\/li>\n<li>150% PV oversizing input<\/li>\n<li>110% overloading output<\/li>\n<li>Max. 32A MPPT current<\/li>\n<\/ul>\n<p>&nbsp;<br \/>\n<img data-recalc-dims=\"1\" loading=\"lazy\" decoding=\"async\" data-id=\"13876\"  src=\"https:\/\/i0.wp.com\/seasolar.ch\/wp-content\/uploads\/2025\/09\/X3-FTH-EN.jpg?resize=1431%2C1945&#038;ssl=1\" alt=\"SOLAX X3 FTH\" width=\"1431\" height=\"1945\" class=\"aligncenter size-full wp-image-13876\" \/><br \/>\n\r\n\t\t<div class=\"divider4\"><span><\/span><\/div>\r\n\t\t<\/p>\n<h2>Downloads<\/h2>\n<p><a href=\"https:\/\/seasolargroup.com\/wp-content\/uploads\/2024\/01\/x3-fth-datasheet-en.pdf\" target=\"_blank\" rel=\"noopener\">SOLAX X3 FTH: Datasheet<\/a><\/p>\n<p><a href=\"https:\/\/seasolargroup.com\/wp-content\/uploads\/2024\/01\/x3-fth-datasheet-it.pdf\" target=\"_blank\" rel=\"noopener\">SOLAX X3 FTH: Scheda tecnica<\/a><\/p>\n<p><a href=\"https:\/\/seasolargroup.com\/wp-content\/uploads\/2024\/01\/x3-forth-user-manual-en.pdf\" target=\"_blank\" rel=\"noopener\">SOLAX X3 FTH: User manual<\/a><\/p>\n<p><a href=\"https:\/\/seasolargroup.com\/wp-content\/uploads\/2024\/01\/x3-forth-user-manual-it.pdf\" target=\"_blank\" rel=\"noopener\">SOLAX X3 FTH: Manuale d&#8217;uso<\/a><\/p>\n<p><a href=\"https:\/\/seasolargroup.com\/wp-content\/uploads\/2024\/01\/Solax_X3-FORTH_CEI0-21\uff1a2022_AK-50553833-0001.pdf\" target=\"_blank\" rel=\"noopener\">SOLAX X3 FTH: CEI0-21<\/a><\/p>\n<p><a href=\"https:\/\/seasolargroup.com\/wp-content\/uploads\/2024\/01\/Solax_X3-FORTH_CEI0-16\uff1a2022_AK-50558339-0001.pdf\" target=\"_blank\" rel=\"noopener\">SOLAX X3 FTH: CEI0-16<\/a><\/p>\n<p><a href=\"https:\/\/seasolargroup.com\/wp-content\/uploads\/2024\/01\/2023-eu-inverters-warranty-terms-conditions.pdf\" target=\"_blank\" rel=\"noopener\">SOLAX X3 FTH: 2023 eu inverters warranty terms conditions<\/a><\/p>\n<p><a href=\"https:\/\/seasolargroup.com\/wp-content\/uploads\/2024\/01\/TigoSolaxCompatibilityLetterDec2022.pdf\" target=\"_blank\" rel=\"noopener\">SOLAX X3 FTH: Tigo&#038;Solax Compatibility Letter<\/a><br \/>\n\r\n\t\t<div class=\"divider4\"><span><\/span><\/div>\r\n\t\t<\/p>\n<h2>Related offers<\/h2>\n<p><a href=\"https:\/\/seasolargroup.com\/tag\/SOLAX\/\">Offers for SOLAX<\/a><br \/>\n<span style=\"color: #ffffff;\">SOLAX X3 FTH 125K<\/span><br \/>\n\r\n\t\t<div class=\"divider4\"><span><\/span><\/div>\r\n\t\t<\/p>\n<h2>Related projects<\/h2>\n<p><br \/>\n\r\n\t\t<div class=\"divider4\"><span><\/span><\/div>\r\n\t\t<\/p>\n<h2>Related videos<\/h2>\n<p><span class=\"embed-youtube\" style=\"text-align:center; display: block;\"><iframe loading=\"lazy\" class=\"youtube-player\" width=\"640\" height=\"360\" src=\"https:\/\/www.youtube.com\/embed\/A7eEzZhY8gA?version=3&#038;rel=1&#038;showsearch=0&#038;showinfo=1&#038;iv_load_policy=1&#038;fs=1&#038;hl=es-ES&#038;autohide=2&#038;wmode=transparent&#038;listType=playlist&#038;list=PLwqK5bEOfjvKeGRrDn4zYYBFl0uQ8ef4x\" allowfullscreen=\"true\" style=\"border:0;\" sandbox=\"allow-scripts allow-same-origin allow-popups allow-presentation allow-popups-to-escape-sandbox\"><\/iframe><\/span><br \/>\n\r\n\t\t<div class=\"divider4\"><span><\/span><\/div>\r\n\t\t<br \/>\n\n<div class=\"wpcf7 no-js\" id=\"wpcf7-f391-o5\" lang=\"en-US\" dir=\"ltr\" data-wpcf7-id=\"391\">\n<div class=\"screen-reader-response\"><p role=\"status\" aria-live=\"polite\" aria-atomic=\"true\"><\/p> <ul><\/ul><\/div>\n<form action=\"\/es\/wp-json\/wp\/v2\/product\/2373#wpcf7-f391-o5\" method=\"post\" class=\"wpcf7-form init\" aria-label=\"Contact form\" novalidate=\"novalidate\" data-status=\"init\">\n<fieldset class=\"hidden-fields-container\"><input type=\"hidden\" name=\"_wpcf7\" value=\"391\" \/><input type=\"hidden\" name=\"_wpcf7_version\" value=\"6.1.5\" \/><input type=\"hidden\" name=\"_wpcf7_locale\" value=\"en_US\" \/><input type=\"hidden\" name=\"_wpcf7_unit_tag\" value=\"wpcf7-f391-o5\" \/><input type=\"hidden\" name=\"_wpcf7_container_post\" value=\"0\" \/><input type=\"hidden\" name=\"_wpcf7_posted_data_hash\" value=\"\" \/>\n<\/fieldset>\n<p><label> <\/label>\n<\/p>\n<h2>Contacto\n<\/h2>\n<p>&nbsp;<br \/>\n<label> Por favor cont\u00e1ctenos con cualquier pregunta que pueda tener relacionada con nuestras ofertas o nuestros productos <\/label>\n<\/p>\n<p><label> Escriba a <a href=\"mailto:info@seasolar.ch\">info@seasolar.ch<\/a> o complete el siguiente formulario y nos pondremos en contacto con usted: <\/label>\n<\/p>\n<p><label> Nombre *<br \/>\n<span class=\"wpcf7-form-control-wrap\" data-name=\"your-name\"><input size=\"40\" maxlength=\"400\" class=\"wpcf7-form-control wpcf7-text wpcf7-validates-as-required\" aria-required=\"true\" aria-invalid=\"false\" value=\"\" type=\"text\" name=\"your-name\" \/><\/span><\/label>\n<\/p>\n<p><label> N\u00famero de tel\u00e9fono *<br \/>\n<span class=\"wpcf7-form-control-wrap\" data-name=\"tel-826\"><input size=\"40\" maxlength=\"400\" class=\"wpcf7-form-control wpcf7-tel wpcf7-validates-as-required wpcf7-text wpcf7-validates-as-tel\" aria-required=\"true\" aria-invalid=\"false\" value=\"\" type=\"tel\" name=\"tel-826\" \/><\/span><\/label>\n<\/p>\n<p><label> Tu correo electr\u00f3nico *<br \/>\n<span class=\"wpcf7-form-control-wrap\" data-name=\"your-email\"><input size=\"40\" maxlength=\"400\" class=\"wpcf7-form-control wpcf7-email wpcf7-validates-as-required wpcf7-text wpcf7-validates-as-email\" aria-required=\"true\" aria-invalid=\"false\" value=\"\" type=\"email\" name=\"your-email\" \/><\/span><\/label>\n<\/p>\n<p><label> Sujeto *<br \/>\n<span class=\"wpcf7-form-control-wrap\" data-name=\"your-subject\"><input size=\"40\" maxlength=\"400\" class=\"wpcf7-form-control wpcf7-text wpcf7-validates-as-required\" aria-required=\"true\" aria-invalid=\"false\" value=\"\" type=\"text\" name=\"your-subject\" \/><\/span> <\/label>\n<\/p>\n<p><label> Mensaje *<br \/>\n<span class=\"wpcf7-form-control-wrap\" data-name=\"your-message\"><textarea cols=\"40\" rows=\"10\" maxlength=\"2000\" class=\"wpcf7-form-control wpcf7-textarea wpcf7-validates-as-required\" aria-required=\"true\" aria-invalid=\"false\" name=\"your-message\"><\/textarea><\/span> <\/label>\n<\/p>\n<p><label> * campo requerido <\/label>\n<\/p>\n<p><input class=\"wpcf7-form-control wpcf7-submit has-spinner\" type=\"submit\" value=\"ENVIAR\" \/>\n<\/p>\n<p><label><\/label>\n<\/p><div class=\"wpcf7-response-output\" aria-hidden=\"true\"><\/div>\n<\/form>\n<\/div>\n<\/p>\n<!-- sktbuilder starter --><script type=\"text\/javascript\" src=\"https:\/\/seasolar.ch\/wp-content\/plugins\/skt-builder\/sktbuilder\/sktbuilder-frontend-starter.js\"><\/script><script type=\"text\/javascript\" src=\"https:\/\/seasolar.ch\/wp-content\/plugins\/skt-builder\/sktbuilder-wordpress-driver.js\"><\/script><script type=\"text\/javascript\"> var starter = new SktbuilderStarter({\"mode\": \"prod\", \"skip\":[\"jquery\",\"underscore\",\"backbone\"],\"sktbuilderUrl\": \"https:\/\/seasolar.ch\/wp-content\/plugins\/skt-builder\/sktbuilder\/\", \"driver\": new SktbuilderWordpressDriver({\"ajaxUrl\": \"https:\/\/seasolar.ch\/wp-admin\/admin-ajax.php\", \"iframeUrl\": \"https:\/\/seasolar.ch\/es\/prodotto\/solax-x3-fth-100k\/?sktbuilder=true\", \"pageId\": 2373,  \"nonce\": \"1af05df5a8\", \"pages\": [], \"page\": \"SOLAX X3 FTH 100K\" }) });<\/script><!-- end sktbuilder starter -->","protected":false},"excerpt":{"rendered":"<p>Trif\u00e1sico \u2013 Inversor<br \/>\nEl inversor Trif\u00e1sico SolaX se integra perfectamente con varias configuraciones, proporcionando una compatibilidad incomparable. Los inversores vers\u00e1tiles ofrecen una amplia gama de soluciones, que incluyen operaci\u00f3n en paralelo, integraci\u00f3n de bombas de calor, conectividad de microred, compatibilidad con cargadores de veh\u00edculos el\u00e9ctricos, soporte de generadores y aplicaci\u00f3n VPP.<\/p>\n","protected":false},"featured_media":3219,"comment_status":"closed","ping_status":"closed","template":"","meta":[],"product_brand":[323],"product_cat":[200,364],"product_tag":[],"class_list":{"0":"post-2373","1":"product","2":"type-product","3":"status-publish","4":"has-post-thumbnail","6":"product_brand-solax","7":"product_cat-inverter","8":"product_cat-inverter-commerciale","10":"first","11":"instock","12":"product-type-simple"},"yoast_head":"<!-- This site is optimized with the Yoast SEO Premium plugin v26.7 (Yoast SEO v27.3) - https:\/\/yoast.com\/product\/yoast-seo-premium-wordpress\/ -->\n<title>SOLAX X3 FTH 100K - Seasolar Swiss<\/title>\n<meta name=\"description\" content=\"SOLAX X3 FTH 100K Solax three-phase inverter seamlessly integrates with various setups, providing unparalleled compatibility\" \/>\n<meta name=\"robots\" content=\"index, follow, max-snippet:-1, max-image-preview:large, max-video-preview:-1\" \/>\n<link rel=\"canonical\" href=\"https:\/\/seasolar.ch\/prodotto\/solax-x3-fth-100k\/\" \/>\n<meta property=\"og:locale\" content=\"es_ES\" \/>\n<meta property=\"og:type\" content=\"article\" \/>\n<meta property=\"og:title\" content=\"SOLAX X3 FTH 100K\" \/>\n<meta property=\"og:description\" content=\"SOLAX X3 FTH 100K Solax three-phase inverter seamlessly integrates with various setups, providing unparalleled compatibility\" \/>\n<meta property=\"og:url\" content=\"https:\/\/seasolar.ch\/prodotto\/solax-x3-fth-100k\/\" \/>\n<meta property=\"og:site_name\" content=\"Seasolar Swiss\" \/>\n<meta property=\"article:publisher\" content=\"https:\/\/www.facebook.com\/seasolargroup\" \/>\n<meta property=\"article:modified_time\" content=\"2026-02-07T22:57:48+00:00\" \/>\n<meta property=\"og:image\" content=\"https:\/\/seasolar.ch\/wp-content\/uploads\/2026\/02\/x3-forth-front-scaled-1.png\" \/>\n\t<meta property=\"og:image:width\" content=\"2560\" \/>\n\t<meta property=\"og:image:height\" content=\"1776\" \/>\n\t<meta property=\"og:image:type\" content=\"image\/png\" \/>\n<meta name=\"twitter:card\" content=\"summary_large_image\" \/>\n<meta name=\"twitter:site\" content=\"@seasolargroup\" \/>\n<meta name=\"twitter:label1\" content=\"Precio\" \/>\n\t<meta name=\"twitter:data1\" content=\"\" \/>\n\t<meta name=\"twitter:label2\" content=\"Disponibilidad\" \/>\n\t<meta name=\"twitter:data2\" content=\"Disponible\" \/>\n<script type=\"application\/ld+json\" class=\"yoast-schema-graph\">{\"@context\":\"https:\\\/\\\/schema.org\",\"@graph\":[{\"@type\":\"WebPage\",\"@id\":\"https:\\\/\\\/seasolar.ch\\\/prodotto\\\/solax-x3-fth-100k\\\/\",\"url\":\"https:\\\/\\\/seasolar.ch\\\/prodotto\\\/solax-x3-fth-100k\\\/\",\"name\":\"SOLAX X3 FTH 100K - Seasolar Swiss\",\"isPartOf\":{\"@id\":\"https:\\\/\\\/seasolar.ch\\\/#website\"},\"primaryImageOfPage\":{\"@id\":\"https:\\\/\\\/seasolar.ch\\\/prodotto\\\/solax-x3-fth-100k\\\/#primaryimage\"},\"image\":{\"@id\":\"https:\\\/\\\/seasolar.ch\\\/prodotto\\\/solax-x3-fth-100k\\\/#primaryimage\"},\"thumbnailUrl\":\"https:\\\/\\\/i0.wp.com\\\/seasolar.ch\\\/wp-content\\\/uploads\\\/2026\\\/02\\\/x3-forth-front-scaled-1.png?fit=2560%2C1776&ssl=1\",\"datePublished\":\"2024-01-12T23:00:00+00:00\",\"dateModified\":\"2026-02-07T22:57:48+00:00\",\"description\":\"SOLAX X3 FTH 100K Solax three-phase inverter seamlessly integrates with various setups, providing unparalleled compatibility\",\"breadcrumb\":{\"@id\":\"https:\\\/\\\/seasolar.ch\\\/prodotto\\\/solax-x3-fth-100k\\\/#breadcrumb\"},\"inLanguage\":\"es\",\"potentialAction\":[{\"@type\":\"ReadAction\",\"target\":[\"https:\\\/\\\/seasolar.ch\\\/prodotto\\\/solax-x3-fth-100k\\\/\"]}]},{\"@type\":\"ImageObject\",\"inLanguage\":\"es\",\"@id\":\"https:\\\/\\\/seasolar.ch\\\/prodotto\\\/solax-x3-fth-100k\\\/#primaryimage\",\"url\":\"https:\\\/\\\/i0.wp.com\\\/seasolar.ch\\\/wp-content\\\/uploads\\\/2026\\\/02\\\/x3-forth-front-scaled-1.png?fit=2560%2C1776&ssl=1\",\"contentUrl\":\"https:\\\/\\\/i0.wp.com\\\/seasolar.ch\\\/wp-content\\\/uploads\\\/2026\\\/02\\\/x3-forth-front-scaled-1.png?fit=2560%2C1776&ssl=1\",\"width\":2560,\"height\":1776,\"caption\":\"SOLAX X3 FTH\"},{\"@type\":\"BreadcrumbList\",\"@id\":\"https:\\\/\\\/seasolar.ch\\\/prodotto\\\/solax-x3-fth-100k\\\/#breadcrumb\",\"itemListElement\":[{\"@type\":\"ListItem\",\"position\":1,\"name\":\"Home\",\"item\":\"https:\\\/\\\/seasolar.ch\\\/\"},{\"@type\":\"ListItem\",\"position\":2,\"name\":\"Prodotti\",\"item\":\"https:\\\/\\\/seasolar.ch\\\/prodotti\\\/\"},{\"@type\":\"ListItem\",\"position\":3,\"name\":\"SOLAX X3 FTH 100K\"}]},{\"@type\":\"WebSite\",\"@id\":\"https:\\\/\\\/seasolar.ch\\\/#website\",\"url\":\"https:\\\/\\\/seasolar.ch\\\/\",\"name\":\"Seasolar Swiss\",\"description\":\"Dal 2008 impianti fotovoltaici &quot;chiavi in mano&quot;\",\"publisher\":{\"@id\":\"https:\\\/\\\/seasolar.ch\\\/#organization\"},\"potentialAction\":[{\"@type\":\"SearchAction\",\"target\":{\"@type\":\"EntryPoint\",\"urlTemplate\":\"https:\\\/\\\/seasolar.ch\\\/?s={search_term_string}\"},\"query-input\":{\"@type\":\"PropertyValueSpecification\",\"valueRequired\":true,\"valueName\":\"search_term_string\"}}],\"inLanguage\":\"es\"},{\"@type\":\"Organization\",\"@id\":\"https:\\\/\\\/seasolar.ch\\\/#organization\",\"name\":\"Seasolar Swiss\",\"url\":\"https:\\\/\\\/seasolar.ch\\\/\",\"logo\":{\"@type\":\"ImageObject\",\"inLanguage\":\"es\",\"@id\":\"https:\\\/\\\/seasolar.ch\\\/#\\\/schema\\\/logo\\\/image\\\/\",\"url\":\"https:\\\/\\\/seasolar.ch\\\/wp-content\\\/uploads\\\/2025\\\/08\\\/cropped-seasolar_logo_2024_social.png\",\"contentUrl\":\"https:\\\/\\\/seasolar.ch\\\/wp-content\\\/uploads\\\/2025\\\/08\\\/cropped-seasolar_logo_2024_social.png\",\"width\":512,\"height\":512,\"caption\":\"Seasolar Swiss\"},\"image\":{\"@id\":\"https:\\\/\\\/seasolar.ch\\\/#\\\/schema\\\/logo\\\/image\\\/\"},\"sameAs\":[\"https:\\\/\\\/www.facebook.com\\\/seasolargroup\",\"https:\\\/\\\/x.com\\\/seasolargroup\",\"https:\\\/\\\/www.linkedin.com\\\/in\\\/seasolar-group-news\\\/\",\"https:\\\/\\\/www.youtube.com\\\/channel\\\/UCVrmhrGih_bFnpj0as_vDuQ\",\"https:\\\/\\\/www.instagram.com\\\/fotovoltaico_seasolar\\\/\"]}]}<\/script>\n<meta property=\"product:brand\" content=\"SOLAX\" \/>\n<meta property=\"product:price:currency\" content=\"CHF\" \/>\n<meta property=\"og:availability\" content=\"instock\" \/>\n<meta property=\"product:availability\" content=\"instock\" \/>\n<meta property=\"product:retailer_item_id\" content=\"SLX-X3-FTH-100K\" \/>\n<meta property=\"product:condition\" content=\"new\" \/>\n<!-- \/ Yoast SEO Premium plugin. -->","yoast_head_json":{"title":"SOLAX X3 FTH 100K - Seasolar Swiss","description":"SOLAX X3 FTH 100K Solax three-phase inverter seamlessly integrates with various setups, providing unparalleled compatibility","robots":{"index":"index","follow":"follow","max-snippet":"max-snippet:-1","max-image-preview":"max-image-preview:large","max-video-preview":"max-video-preview:-1"},"canonical":"https:\/\/seasolar.ch\/prodotto\/solax-x3-fth-100k\/","og_locale":"es_ES","og_type":"article","og_title":"SOLAX X3 FTH 100K","og_description":"SOLAX X3 FTH 100K Solax three-phase inverter seamlessly integrates with various setups, providing unparalleled compatibility","og_url":"https:\/\/seasolar.ch\/prodotto\/solax-x3-fth-100k\/","og_site_name":"Seasolar Swiss","article_publisher":"https:\/\/www.facebook.com\/seasolargroup","article_modified_time":"2026-02-07T22:57:48+00:00","og_image":[{"width":2560,"height":1776,"url":"https:\/\/seasolar.ch\/wp-content\/uploads\/2026\/02\/x3-forth-front-scaled-1.png","type":"image\/png"}],"twitter_card":"summary_large_image","twitter_site":"@seasolargroup","twitter_misc":{"Precio":"","Disponibilidad":"Disponible"},"schema":{"@context":"https:\/\/schema.org","@graph":[{"@type":"WebPage","@id":"https:\/\/seasolar.ch\/prodotto\/solax-x3-fth-100k\/","url":"https:\/\/seasolar.ch\/prodotto\/solax-x3-fth-100k\/","name":"SOLAX X3 FTH 100K - Seasolar Swiss","isPartOf":{"@id":"https:\/\/seasolar.ch\/#website"},"primaryImageOfPage":{"@id":"https:\/\/seasolar.ch\/prodotto\/solax-x3-fth-100k\/#primaryimage"},"image":{"@id":"https:\/\/seasolar.ch\/prodotto\/solax-x3-fth-100k\/#primaryimage"},"thumbnailUrl":"https:\/\/i0.wp.com\/seasolar.ch\/wp-content\/uploads\/2026\/02\/x3-forth-front-scaled-1.png?fit=2560%2C1776&ssl=1","datePublished":"2024-01-12T23:00:00+00:00","dateModified":"2026-02-07T22:57:48+00:00","description":"SOLAX X3 FTH 100K Solax three-phase inverter seamlessly integrates with various setups, providing unparalleled compatibility","breadcrumb":{"@id":"https:\/\/seasolar.ch\/prodotto\/solax-x3-fth-100k\/#breadcrumb"},"inLanguage":"es","potentialAction":[{"@type":"ReadAction","target":["https:\/\/seasolar.ch\/prodotto\/solax-x3-fth-100k\/"]}]},{"@type":"ImageObject","inLanguage":"es","@id":"https:\/\/seasolar.ch\/prodotto\/solax-x3-fth-100k\/#primaryimage","url":"https:\/\/i0.wp.com\/seasolar.ch\/wp-content\/uploads\/2026\/02\/x3-forth-front-scaled-1.png?fit=2560%2C1776&ssl=1","contentUrl":"https:\/\/i0.wp.com\/seasolar.ch\/wp-content\/uploads\/2026\/02\/x3-forth-front-scaled-1.png?fit=2560%2C1776&ssl=1","width":2560,"height":1776,"caption":"SOLAX X3 FTH"},{"@type":"BreadcrumbList","@id":"https:\/\/seasolar.ch\/prodotto\/solax-x3-fth-100k\/#breadcrumb","itemListElement":[{"@type":"ListItem","position":1,"name":"Home","item":"https:\/\/seasolar.ch\/"},{"@type":"ListItem","position":2,"name":"Prodotti","item":"https:\/\/seasolar.ch\/prodotti\/"},{"@type":"ListItem","position":3,"name":"SOLAX X3 FTH 100K"}]},{"@type":"WebSite","@id":"https:\/\/seasolar.ch\/#website","url":"https:\/\/seasolar.ch\/","name":"Seasolar Swiss","description":"Dal 2008 impianti fotovoltaici &quot;chiavi in mano&quot;","publisher":{"@id":"https:\/\/seasolar.ch\/#organization"},"potentialAction":[{"@type":"SearchAction","target":{"@type":"EntryPoint","urlTemplate":"https:\/\/seasolar.ch\/?s={search_term_string}"},"query-input":{"@type":"PropertyValueSpecification","valueRequired":true,"valueName":"search_term_string"}}],"inLanguage":"es"},{"@type":"Organization","@id":"https:\/\/seasolar.ch\/#organization","name":"Seasolar Swiss","url":"https:\/\/seasolar.ch\/","logo":{"@type":"ImageObject","inLanguage":"es","@id":"https:\/\/seasolar.ch\/#\/schema\/logo\/image\/","url":"https:\/\/seasolar.ch\/wp-content\/uploads\/2025\/08\/cropped-seasolar_logo_2024_social.png","contentUrl":"https:\/\/seasolar.ch\/wp-content\/uploads\/2025\/08\/cropped-seasolar_logo_2024_social.png","width":512,"height":512,"caption":"Seasolar Swiss"},"image":{"@id":"https:\/\/seasolar.ch\/#\/schema\/logo\/image\/"},"sameAs":["https:\/\/www.facebook.com\/seasolargroup","https:\/\/x.com\/seasolargroup","https:\/\/www.linkedin.com\/in\/seasolar-group-news\/","https:\/\/www.youtube.com\/channel\/UCVrmhrGih_bFnpj0as_vDuQ","https:\/\/www.instagram.com\/fotovoltaico_seasolar\/"]}]},"product_brand":"SOLAX","product_price_currency":"CHF","og_availability":"instock","product_availability":"instock","product_retailer_item_id":"SLX-X3-FTH-100K","product_condition":"new"},"jetpack_likes_enabled":true,"jetpack-related-posts":[],"jetpack_sharing_enabled":true,"_links":{"self":[{"href":"https:\/\/seasolar.ch\/es\/wp-json\/wp\/v2\/product\/2373","targetHints":{"allow":["GET"]}}],"collection":[{"href":"https:\/\/seasolar.ch\/es\/wp-json\/wp\/v2\/product"}],"about":[{"href":"https:\/\/seasolar.ch\/es\/wp-json\/wp\/v2\/types\/product"}],"replies":[{"embeddable":true,"href":"https:\/\/seasolar.ch\/es\/wp-json\/wp\/v2\/comments?post=2373"}],"wp:featuredmedia":[{"embeddable":true,"href":"https:\/\/seasolar.ch\/es\/wp-json\/wp\/v2\/media\/3219"}],"wp:attachment":[{"href":"https:\/\/seasolar.ch\/es\/wp-json\/wp\/v2\/media?parent=2373"}],"wp:term":[{"taxonomy":"product_brand","embeddable":true,"href":"https:\/\/seasolar.ch\/es\/wp-json\/wp\/v2\/product_brand?post=2373"},{"taxonomy":"product_cat","embeddable":true,"href":"https:\/\/seasolar.ch\/es\/wp-json\/wp\/v2\/product_cat?post=2373"},{"taxonomy":"product_tag","embeddable":true,"href":"https:\/\/seasolar.ch\/es\/wp-json\/wp\/v2\/product_tag?post=2373"}],"curies":[{"name":"wp","href":"https:\/\/api.w.org\/{rel}","templated":true}]}}