{"id":3123,"date":"2026-01-11T19:50:01","date_gmt":"2026-01-11T18:50:01","guid":{"rendered":"https:\/\/seasolar.ch\/?page_id=3123"},"modified":"2026-01-11T22:41:47","modified_gmt":"2026-01-11T21:41:47","slug":"cessione-diritto-superficie","status":"publish","type":"page","link":"https:\/\/seasolar.ch\/fr\/cessione-diritto-superficie\/","title":{"rendered":"Transfert droits de surface"},"content":{"rendered":"<p><span style=\"color: #ffffff;\">Servizi<\/span><\/p>\n<h2>Services<\/h2>\n<p><span style=\"color: #ffffff;\">Servizi<\/span><br \/>\nSeasolar Swiss \u00e9largit son offre gr\u00e2ce \u00e0 une collaboration continue avec d&rsquo;autres entreprises de la r\u00e9gion.<\/p>\n<p>En cr\u00e9ant des synergies, elle est en mesure de proposer des services couvrant l&rsquo;ensemble de la cha\u00eene \u00e9nerg\u00e9tique, de la production \u00e0 la consommation.<\/p>\n<p>Son offre compl\u00e8te destin\u00e9e aux clients r\u00e9sidentiels, industriels et du secteur tertiaire est particuli\u00e8rement \u00e9tendue et comprend\u00a0:<br \/>\n<span style=\"color: #ffffff;\"><\/span><br \/>\n\r\n\t\t\t <div class=\"promo3\" style=\"background-color:#f7f7f7; border-bottom-color:#92c938;\">\r\n             \t<br \/>\n\r\n\t\t<div class=\"center-title\">\r\n\t\t\t<h2 style=\"color:#222222\">PAIEMENT\r\n\t\t\t<span style=\"color:#92c938\">\u00c9CHELONN\u00c9<\/span>\r\n\t\t\t<\/h2>\r\n\t\t\t<span style=\"border-bottom-color:#222222\"><\/span>\r\n\t\t\t\r\n\t\t<\/div>\r\n\t\t<\/p>\n<p style=\"text-align: center;\">Notre solution de vente \u00e0 temp\u00e9rament avec r\u00e9serve de propri\u00e9t\u00e9 s&rsquo;adresse aux particuliers et aux entreprises des secteurs industriel et tertiaire et comprend l&rsquo;installation d&rsquo;un syst\u00e8me photovolta\u00efque sur le toit ou le terrain industriel du client.<\/p>\n<p>\r\n\t<div class=\"view-all-btn\" style=\"text-align:center; margin-top:0%; \">\r\n\t\t<a href=\"https:\/\/seasolar.ch\/fr\/pagamento-rateale\/\" target=\"_parent\"  style=\"color:#ffffff; background:#92c938; \r\n\t\t\r\n\t\t  \">\r\n\t\t\t<span>\r\n\t\t\tLIRE LA SUITE\r\n\t\t\t \r\n\t\t\t<\/span>\r\n\t\t<\/a>\r\n\t<\/div><br \/>\n\r\n                \r\n             <\/div>\t\r\n\t\t<br \/>\n<span style=\"color: #ffffff;\"><\/span><br \/>\n\r\n\t\t\t <div class=\"promo3\" style=\"background-color:#f7f7f7; border-bottom-color:#92c938;\">\r\n             \t<br \/>\n\r\n\t\t<div class=\"center-title\">\r\n\t\t\t<h2 style=\"color:#222222\">LOCATION\r\n\t\t\t<span style=\"color:#92c938\">EXPLOITATION<\/span>\r\n\t\t\t<\/h2>\r\n\t\t\t<span style=\"border-bottom-color:#222222\"><\/span>\r\n\t\t\t\r\n\t\t<\/div>\r\n\t\t<\/p>\n<p style=\"text-align: center;\">Nous proposons une solution compl\u00e8te, flexible et fiable permettant \u00e0 nos clients de produire leur propre \u00e9lectricit\u00e9.<\/p>\n<p>\r\n\t<div class=\"view-all-btn\" style=\"text-align:center; margin-top:0%; \">\r\n\t\t<a href=\"https:\/\/seasolar.ch\/fr\/noleggio-operativo\/\" target=\"_parent\"  style=\"color:#ffffff; background:#92c938; \r\n\t\t\r\n\t\t  \">\r\n\t\t\t<span>\r\n\t\t\tLIRE LA SUITE\r\n\t\t\t \r\n\t\t\t<\/span>\r\n\t\t<\/a>\r\n\t<\/div><br \/>\n\r\n                \r\n             <\/div>\t\r\n\t\t<br \/>\n<span style=\"color: #ffffff;\"><\/span><br \/>\n\r\n\t\t\t <div class=\"promo3\" style=\"background-color:#f7f7f7; border-bottom-color:#92c938;\">\r\n             \t<br \/>\n\r\n\t\t<div class=\"center-title\">\r\n\t\t\t<h2 style=\"color:#222222\">TRANSFERT\r\n\t\t\t<span style=\"color:#92c938\">DE SURFACE<\/span>\r\n\t\t\t<\/h2>\r\n\t\t\t<span style=\"border-bottom-color:#222222\"><\/span>\r\n\t\t\t\r\n\t\t<\/div>\r\n\t\t<\/p>\n<p style=\"text-align: center;\">Notre offre est destin\u00e9e aux propri\u00e9taires de terrains de plus de 1,5 hectare ou de propri\u00e9t\u00e9s dont la surface de toiture d\u00e9passe 7\u00a0000 m\u00e8tres carr\u00e9s.<\/p>\n<p>\r\n\t<div class=\"view-all-btn\" style=\"text-align:center; margin-top:0%; \">\r\n\t\t<a href=\"https:\/\/seasolar.ch\/fr\/cessione-superficie\/\" target=\"_parent\"  style=\"color:#ffffff; background:#92c938; \r\n\t\t\r\n\t\t  \">\r\n\t\t\t<span>\r\n\t\t\tLIRE LA SUITE\r\n\t\t\t \r\n\t\t\t<\/span>\r\n\t\t<\/a>\r\n\t<\/div><br \/>\n\r\n                \r\n             <\/div>\t\r\n\t\t<br \/>\n<span style=\"color: #ffffff;\"><\/span><br \/>\n\r\n\t\t<div class=\"divider4\"><span><\/span><\/div>\r\n\t\t<br \/>\n\n<div class=\"wpcf7 no-js\" id=\"wpcf7-f391-o4\" lang=\"en-US\" dir=\"ltr\" data-wpcf7-id=\"391\">\n<div class=\"screen-reader-response\"><p role=\"status\" aria-live=\"polite\" aria-atomic=\"true\"><\/p> <ul><\/ul><\/div>\n<form action=\"\/fr\/wp-json\/wp\/v2\/pages\/3123#wpcf7-f391-o4\" method=\"post\" class=\"wpcf7-form init\" aria-label=\"Contact form\" novalidate=\"novalidate\" data-status=\"init\">\n<fieldset class=\"hidden-fields-container\"><input type=\"hidden\" name=\"_wpcf7\" value=\"391\" \/><input type=\"hidden\" name=\"_wpcf7_version\" value=\"6.1.5\" \/><input type=\"hidden\" name=\"_wpcf7_locale\" value=\"en_US\" \/><input type=\"hidden\" name=\"_wpcf7_unit_tag\" value=\"wpcf7-f391-o4\" \/><input type=\"hidden\" name=\"_wpcf7_container_post\" value=\"0\" \/><input type=\"hidden\" name=\"_wpcf7_posted_data_hash\" value=\"\" \/>\n<\/fieldset>\n<p><label> <\/label>\n<\/p>\n<h2>Contact\n<\/h2>\n<p>&nbsp;<br \/>\n<label> N\u2019h\u00e9sitez pas \u00e0 nous contacter pour toute question concernant nos offres ou nos produitss <\/label>\n<\/p>\n<p><label> \u00c9crivez \u00e0 <a href=\"mailto:info@seasolar.ch\">info@seasolar.ch<\/a> ou remplissez le formulaire suivant et nous vous contacterons: <\/label>\n<\/p>\n<p><label> Nom *<br \/>\n<span class=\"wpcf7-form-control-wrap\" data-name=\"your-name\"><input size=\"40\" maxlength=\"400\" class=\"wpcf7-form-control wpcf7-text wpcf7-validates-as-required\" aria-required=\"true\" aria-invalid=\"false\" value=\"\" type=\"text\" name=\"your-name\" \/><\/span><\/label>\n<\/p>\n<p><label> Num\u00e9ro de t\u00e9l\u00e9phone *<br \/>\n<span class=\"wpcf7-form-control-wrap\" data-name=\"tel-826\"><input size=\"40\" maxlength=\"400\" class=\"wpcf7-form-control wpcf7-tel wpcf7-validates-as-required wpcf7-text wpcf7-validates-as-tel\" aria-required=\"true\" aria-invalid=\"false\" value=\"\" type=\"tel\" name=\"tel-826\" \/><\/span><\/label>\n<\/p>\n<p><label> Votre E-mail *<br \/>\n<span class=\"wpcf7-form-control-wrap\" data-name=\"your-email\"><input size=\"40\" maxlength=\"400\" class=\"wpcf7-form-control wpcf7-email wpcf7-validates-as-required wpcf7-text wpcf7-validates-as-email\" aria-required=\"true\" aria-invalid=\"false\" value=\"\" type=\"email\" name=\"your-email\" \/><\/span><\/label>\n<\/p>\n<p><label> Sujet *<br \/>\n<span class=\"wpcf7-form-control-wrap\" data-name=\"your-subject\"><input size=\"40\" maxlength=\"400\" class=\"wpcf7-form-control wpcf7-text wpcf7-validates-as-required\" aria-required=\"true\" aria-invalid=\"false\" value=\"\" type=\"text\" name=\"your-subject\" \/><\/span> <\/label>\n<\/p>\n<p><label> Message *<br \/>\n<span class=\"wpcf7-form-control-wrap\" data-name=\"your-message\"><textarea cols=\"40\" rows=\"10\" maxlength=\"2000\" class=\"wpcf7-form-control wpcf7-textarea wpcf7-validates-as-required\" aria-required=\"true\" aria-invalid=\"false\" name=\"your-message\"><\/textarea><\/span> <\/label>\n<\/p>\n<p><label> * champs requis <\/label>\n<\/p>\n<p><input class=\"wpcf7-form-control wpcf7-submit has-spinner\" type=\"submit\" value=\"ENVOYER\" \/>\n<\/p>\n<p><label><\/label>\n<\/p><div class=\"wpcf7-response-output\" aria-hidden=\"true\"><\/div>\n<\/form>\n<\/div>\n<\/p>\n<!-- sktbuilder starter --><script type=\"text\/javascript\" src=\"https:\/\/seasolar.ch\/wp-content\/plugins\/skt-builder\/sktbuilder\/sktbuilder-frontend-starter.js\"><\/script><script type=\"text\/javascript\" src=\"https:\/\/seasolar.ch\/wp-content\/plugins\/skt-builder\/sktbuilder-wordpress-driver.js\"><\/script><script type=\"text\/javascript\"> var starter = new SktbuilderStarter({\"mode\": \"prod\", \"skip\":[\"jquery\",\"underscore\",\"backbone\"],\"sktbuilderUrl\": \"https:\/\/seasolar.ch\/wp-content\/plugins\/skt-builder\/sktbuilder\/\", \"driver\": new SktbuilderWordpressDriver({\"ajaxUrl\": \"https:\/\/seasolar.ch\/wp-admin\/admin-ajax.php\", \"iframeUrl\": \"https:\/\/seasolar.ch\/fr\/cessione-diritto-superficie\/?sktbuilder=true\", \"pageId\": 3123,  \"nonce\": \"4a8286e720\", \"pages\": [], \"page\": \"Transfert droits de surface\" }) });<\/script><!-- end sktbuilder starter -->","protected":false},"excerpt":{"rendered":"<p>Servizi Services Servizi Seasolar Swiss \u00e9largit son offre gr\u00e2ce \u00e0 une collaboration continue avec d&rsquo;autres entreprises de la r\u00e9gion. En cr\u00e9ant des synergies, elle est en mesure de proposer des services couvrant l&rsquo;ensemble de la cha\u00eene \u00e9nerg\u00e9tique, de la production \u00e0 la consommation. Son offre compl\u00e8te destin\u00e9e aux clients r\u00e9sidentiels, industriels et du secteur tertiaire<br \/><a class=\"moretag\" href=\"https:\/\/seasolar.ch\/fr\/cessione-diritto-superficie\/\">+ Read More<\/a><\/p>\n","protected":false},"author":1,"featured_media":3071,"parent":0,"menu_order":0,"comment_status":"closed","ping_status":"closed","template":"","meta":{"footnotes":""},"class_list":["post-3123","page","type-page","status-publish","has-post-thumbnail","hentry"],"yoast_head":"<!-- This site is optimized with the Yoast SEO Premium plugin v26.7 (Yoast SEO v27.3) - https:\/\/yoast.com\/product\/yoast-seo-premium-wordpress\/ -->\n<title>Cessione diritto superficie - Seasolar Swiss<\/title>\n<meta name=\"description\" content=\"Seasolar Swiss offre servizi di consulenza nell&#039;ambito dell&#039;efficienza energetica, della gestione e ottimizzazione dei consumi per le aziende\" \/>\n<meta name=\"robots\" content=\"index, follow, max-snippet:-1, max-image-preview:large, max-video-preview:-1\" \/>\n<link rel=\"canonical\" href=\"https:\/\/seasolar.ch\/cessione-diritto-superficie\/\" \/>\n<meta property=\"og:locale\" content=\"fr_FR\" \/>\n<meta property=\"og:type\" content=\"article\" \/>\n<meta property=\"og:title\" content=\"[:it]Cessione diritto superficie[:en]Transfer surface rights[:de]\u00dcbertragung Oberfl\u00e4chenrechten[:fr]Transfert droits de surface[:es]Transferencia derechos de superficie[:]\" \/>\n<meta property=\"og:description\" content=\"Seasolar Swiss offre servizi di consulenza nell&#039;ambito dell&#039;efficienza energetica, della gestione e ottimizzazione dei consumi per le aziende\" \/>\n<meta property=\"og:url\" content=\"https:\/\/seasolar.ch\/cessione-diritto-superficie\/\" \/>\n<meta property=\"og:site_name\" content=\"Seasolar Swiss\" \/>\n<meta property=\"article:publisher\" content=\"https:\/\/www.facebook.com\/seasolargroup\" \/>\n<meta property=\"article:modified_time\" content=\"2026-01-11T21:41:47+00:00\" \/>\n<meta property=\"og:image\" content=\"https:\/\/seasolar.ch\/wp-content\/uploads\/2026\/01\/Fotovoltaico-20kW-Oristano-IT-09094-1.jpg\" \/>\n\t<meta property=\"og:image:width\" content=\"1290\" \/>\n\t<meta property=\"og:image:height\" content=\"968\" \/>\n\t<meta property=\"og:image:type\" content=\"image\/jpeg\" \/>\n<meta name=\"twitter:card\" content=\"summary_large_image\" \/>\n<meta name=\"twitter:site\" content=\"@seasolargroup\" \/>\n<meta name=\"twitter:label1\" content=\"Dur\u00e9e de lecture estim\u00e9e\" \/>\n\t<meta name=\"twitter:data1\" content=\"6 minutes\" \/>\n<script type=\"application\/ld+json\" class=\"yoast-schema-graph\">{\"@context\":\"https:\\\/\\\/schema.org\",\"@graph\":[{\"@type\":\"WebPage\",\"@id\":\"https:\\\/\\\/seasolar.ch\\\/cessione-diritto-superficie\\\/\",\"url\":\"https:\\\/\\\/seasolar.ch\\\/cessione-diritto-superficie\\\/\",\"name\":\"Cessione diritto superficie - Seasolar Swiss\",\"isPartOf\":{\"@id\":\"https:\\\/\\\/seasolar.ch\\\/#website\"},\"primaryImageOfPage\":{\"@id\":\"https:\\\/\\\/seasolar.ch\\\/cessione-diritto-superficie\\\/#primaryimage\"},\"image\":{\"@id\":\"https:\\\/\\\/seasolar.ch\\\/cessione-diritto-superficie\\\/#primaryimage\"},\"thumbnailUrl\":\"https:\\\/\\\/i0.wp.com\\\/seasolar.ch\\\/wp-content\\\/uploads\\\/2026\\\/01\\\/Fotovoltaico-20kW-Oristano-IT-09094-1.jpg?fit=1290%2C968&ssl=1\",\"datePublished\":\"2026-01-11T18:50:01+00:00\",\"dateModified\":\"2026-01-11T21:41:47+00:00\",\"description\":\"Seasolar Swiss offre servizi di consulenza nell'ambito dell'efficienza energetica, della gestione e ottimizzazione dei consumi per le aziende\",\"breadcrumb\":{\"@id\":\"https:\\\/\\\/seasolar.ch\\\/cessione-diritto-superficie\\\/#breadcrumb\"},\"inLanguage\":\"fr-FR\",\"potentialAction\":[{\"@type\":\"ReadAction\",\"target\":[\"https:\\\/\\\/seasolar.ch\\\/cessione-diritto-superficie\\\/\"]}]},{\"@type\":\"ImageObject\",\"inLanguage\":\"fr-FR\",\"@id\":\"https:\\\/\\\/seasolar.ch\\\/cessione-diritto-superficie\\\/#primaryimage\",\"url\":\"https:\\\/\\\/i0.wp.com\\\/seasolar.ch\\\/wp-content\\\/uploads\\\/2026\\\/01\\\/Fotovoltaico-20kW-Oristano-IT-09094-1.jpg?fit=1290%2C968&ssl=1\",\"contentUrl\":\"https:\\\/\\\/i0.wp.com\\\/seasolar.ch\\\/wp-content\\\/uploads\\\/2026\\\/01\\\/Fotovoltaico-20kW-Oristano-IT-09094-1.jpg?fit=1290%2C968&ssl=1\",\"width\":1290,\"height\":968,\"caption\":\"servizi\"},{\"@type\":\"BreadcrumbList\",\"@id\":\"https:\\\/\\\/seasolar.ch\\\/cessione-diritto-superficie\\\/#breadcrumb\",\"itemListElement\":[{\"@type\":\"ListItem\",\"position\":1,\"name\":\"Home\",\"item\":\"https:\\\/\\\/seasolar.ch\\\/\"},{\"@type\":\"ListItem\",\"position\":2,\"name\":\"Cessione diritto superficie\"}]},{\"@type\":\"WebSite\",\"@id\":\"https:\\\/\\\/seasolar.ch\\\/#website\",\"url\":\"https:\\\/\\\/seasolar.ch\\\/\",\"name\":\"Seasolar Swiss\",\"description\":\"Dal 2008 impianti fotovoltaici &quot;chiavi in mano&quot;\",\"publisher\":{\"@id\":\"https:\\\/\\\/seasolar.ch\\\/#organization\"},\"potentialAction\":[{\"@type\":\"SearchAction\",\"target\":{\"@type\":\"EntryPoint\",\"urlTemplate\":\"https:\\\/\\\/seasolar.ch\\\/?s={search_term_string}\"},\"query-input\":{\"@type\":\"PropertyValueSpecification\",\"valueRequired\":true,\"valueName\":\"search_term_string\"}}],\"inLanguage\":\"fr-FR\"},{\"@type\":\"Organization\",\"@id\":\"https:\\\/\\\/seasolar.ch\\\/#organization\",\"name\":\"Seasolar Swiss\",\"url\":\"https:\\\/\\\/seasolar.ch\\\/\",\"logo\":{\"@type\":\"ImageObject\",\"inLanguage\":\"fr-FR\",\"@id\":\"https:\\\/\\\/seasolar.ch\\\/#\\\/schema\\\/logo\\\/image\\\/\",\"url\":\"https:\\\/\\\/seasolar.ch\\\/wp-content\\\/uploads\\\/2025\\\/08\\\/cropped-seasolar_logo_2024_social.png\",\"contentUrl\":\"https:\\\/\\\/seasolar.ch\\\/wp-content\\\/uploads\\\/2025\\\/08\\\/cropped-seasolar_logo_2024_social.png\",\"width\":512,\"height\":512,\"caption\":\"Seasolar Swiss\"},\"image\":{\"@id\":\"https:\\\/\\\/seasolar.ch\\\/#\\\/schema\\\/logo\\\/image\\\/\"},\"sameAs\":[\"https:\\\/\\\/www.facebook.com\\\/seasolargroup\",\"https:\\\/\\\/x.com\\\/seasolargroup\",\"https:\\\/\\\/www.linkedin.com\\\/in\\\/seasolar-group-news\\\/\",\"https:\\\/\\\/www.youtube.com\\\/channel\\\/UCVrmhrGih_bFnpj0as_vDuQ\",\"https:\\\/\\\/www.instagram.com\\\/fotovoltaico_seasolar\\\/\"]}]}<\/script>\n<!-- \/ Yoast SEO Premium plugin. -->","yoast_head_json":{"title":"Cessione diritto superficie - Seasolar Swiss","description":"Seasolar Swiss offre servizi di consulenza nell'ambito dell'efficienza energetica, della gestione e ottimizzazione dei consumi per le aziende","robots":{"index":"index","follow":"follow","max-snippet":"max-snippet:-1","max-image-preview":"max-image-preview:large","max-video-preview":"max-video-preview:-1"},"canonical":"https:\/\/seasolar.ch\/cessione-diritto-superficie\/","og_locale":"fr_FR","og_type":"article","og_title":"[:it]Cessione diritto superficie[:en]Transfer surface rights[:de]\u00dcbertragung Oberfl\u00e4chenrechten[:fr]Transfert droits de surface[:es]Transferencia derechos de superficie[:]","og_description":"Seasolar Swiss offre servizi di consulenza nell'ambito dell'efficienza energetica, della gestione e ottimizzazione dei consumi per le aziende","og_url":"https:\/\/seasolar.ch\/cessione-diritto-superficie\/","og_site_name":"Seasolar Swiss","article_publisher":"https:\/\/www.facebook.com\/seasolargroup","article_modified_time":"2026-01-11T21:41:47+00:00","og_image":[{"width":1290,"height":968,"url":"https:\/\/seasolar.ch\/wp-content\/uploads\/2026\/01\/Fotovoltaico-20kW-Oristano-IT-09094-1.jpg","type":"image\/jpeg"}],"twitter_card":"summary_large_image","twitter_site":"@seasolargroup","twitter_misc":{"Dur\u00e9e de lecture estim\u00e9e":"6 minutes"},"schema":{"@context":"https:\/\/schema.org","@graph":[{"@type":"WebPage","@id":"https:\/\/seasolar.ch\/cessione-diritto-superficie\/","url":"https:\/\/seasolar.ch\/cessione-diritto-superficie\/","name":"Cessione diritto superficie - Seasolar Swiss","isPartOf":{"@id":"https:\/\/seasolar.ch\/#website"},"primaryImageOfPage":{"@id":"https:\/\/seasolar.ch\/cessione-diritto-superficie\/#primaryimage"},"image":{"@id":"https:\/\/seasolar.ch\/cessione-diritto-superficie\/#primaryimage"},"thumbnailUrl":"https:\/\/i0.wp.com\/seasolar.ch\/wp-content\/uploads\/2026\/01\/Fotovoltaico-20kW-Oristano-IT-09094-1.jpg?fit=1290%2C968&ssl=1","datePublished":"2026-01-11T18:50:01+00:00","dateModified":"2026-01-11T21:41:47+00:00","description":"Seasolar Swiss offre servizi di consulenza nell'ambito dell'efficienza energetica, della gestione e ottimizzazione dei consumi per le aziende","breadcrumb":{"@id":"https:\/\/seasolar.ch\/cessione-diritto-superficie\/#breadcrumb"},"inLanguage":"fr-FR","potentialAction":[{"@type":"ReadAction","target":["https:\/\/seasolar.ch\/cessione-diritto-superficie\/"]}]},{"@type":"ImageObject","inLanguage":"fr-FR","@id":"https:\/\/seasolar.ch\/cessione-diritto-superficie\/#primaryimage","url":"https:\/\/i0.wp.com\/seasolar.ch\/wp-content\/uploads\/2026\/01\/Fotovoltaico-20kW-Oristano-IT-09094-1.jpg?fit=1290%2C968&ssl=1","contentUrl":"https:\/\/i0.wp.com\/seasolar.ch\/wp-content\/uploads\/2026\/01\/Fotovoltaico-20kW-Oristano-IT-09094-1.jpg?fit=1290%2C968&ssl=1","width":1290,"height":968,"caption":"servizi"},{"@type":"BreadcrumbList","@id":"https:\/\/seasolar.ch\/cessione-diritto-superficie\/#breadcrumb","itemListElement":[{"@type":"ListItem","position":1,"name":"Home","item":"https:\/\/seasolar.ch\/"},{"@type":"ListItem","position":2,"name":"Cessione diritto superficie"}]},{"@type":"WebSite","@id":"https:\/\/seasolar.ch\/#website","url":"https:\/\/seasolar.ch\/","name":"Seasolar Swiss","description":"Dal 2008 impianti fotovoltaici &quot;chiavi in mano&quot;","publisher":{"@id":"https:\/\/seasolar.ch\/#organization"},"potentialAction":[{"@type":"SearchAction","target":{"@type":"EntryPoint","urlTemplate":"https:\/\/seasolar.ch\/?s={search_term_string}"},"query-input":{"@type":"PropertyValueSpecification","valueRequired":true,"valueName":"search_term_string"}}],"inLanguage":"fr-FR"},{"@type":"Organization","@id":"https:\/\/seasolar.ch\/#organization","name":"Seasolar Swiss","url":"https:\/\/seasolar.ch\/","logo":{"@type":"ImageObject","inLanguage":"fr-FR","@id":"https:\/\/seasolar.ch\/#\/schema\/logo\/image\/","url":"https:\/\/seasolar.ch\/wp-content\/uploads\/2025\/08\/cropped-seasolar_logo_2024_social.png","contentUrl":"https:\/\/seasolar.ch\/wp-content\/uploads\/2025\/08\/cropped-seasolar_logo_2024_social.png","width":512,"height":512,"caption":"Seasolar Swiss"},"image":{"@id":"https:\/\/seasolar.ch\/#\/schema\/logo\/image\/"},"sameAs":["https:\/\/www.facebook.com\/seasolargroup","https:\/\/x.com\/seasolargroup","https:\/\/www.linkedin.com\/in\/seasolar-group-news\/","https:\/\/www.youtube.com\/channel\/UCVrmhrGih_bFnpj0as_vDuQ","https:\/\/www.instagram.com\/fotovoltaico_seasolar\/"]}]}},"jetpack_likes_enabled":true,"jetpack-related-posts":[],"jetpack_sharing_enabled":true,"_links":{"self":[{"href":"https:\/\/seasolar.ch\/fr\/wp-json\/wp\/v2\/pages\/3123","targetHints":{"allow":["GET"]}}],"collection":[{"href":"https:\/\/seasolar.ch\/fr\/wp-json\/wp\/v2\/pages"}],"about":[{"href":"https:\/\/seasolar.ch\/fr\/wp-json\/wp\/v2\/types\/page"}],"author":[{"embeddable":true,"href":"https:\/\/seasolar.ch\/fr\/wp-json\/wp\/v2\/users\/1"}],"replies":[{"embeddable":true,"href":"https:\/\/seasolar.ch\/fr\/wp-json\/wp\/v2\/comments?post=3123"}],"version-history":[{"count":3,"href":"https:\/\/seasolar.ch\/fr\/wp-json\/wp\/v2\/pages\/3123\/revisions"}],"predecessor-version":[{"id":3129,"href":"https:\/\/seasolar.ch\/fr\/wp-json\/wp\/v2\/pages\/3123\/revisions\/3129"}],"wp:featuredmedia":[{"embeddable":true,"href":"https:\/\/seasolar.ch\/fr\/wp-json\/wp\/v2\/media\/3071"}],"wp:attachment":[{"href":"https:\/\/seasolar.ch\/fr\/wp-json\/wp\/v2\/media?parent=3123"}],"curies":[{"name":"wp","href":"https:\/\/api.w.org\/{rel}","templated":true}]}}