{"id":817,"date":"2025-09-20T19:21:32","date_gmt":"2025-09-20T18:21:32","guid":{"rendered":"https:\/\/seasolar.ch\/?page_id=817"},"modified":"2025-09-20T19:32:05","modified_gmt":"2025-09-20T18:32:05","slug":"note-legali","status":"publish","type":"page","link":"https:\/\/seasolar.ch\/fr\/note-legali\/","title":{"rendered":"Mention l\u00e9gale"},"content":{"rendered":"<p><span style=\"color: #ffffff;\">Mention l\u00e9gale<\/span><\/p>\n<h2>Mention l\u00e9gale<\/h2>\n<p><span style=\"color: #ffffff;\">Mention l\u00e9gale<\/span><\/p>\n<h3>1. La soci\u00e9t\u00e9<\/h3>\n<p>Sonkraft SA, dont le si\u00e8ge social est situ\u00e9 Via Maggio 1\/C, 6900 Lugano, num\u00e9ro de registre du commerce CHE-338.510.825, TVA CHE-338.510.825 IVA<\/p>\n<h3>2. Le site web<\/h3>\n<p>Le site web seasolar.ch (le \u00ab Site \u00bb) est la propri\u00e9t\u00e9 de Sonkraft SA (la \u00ab Soci\u00e9t\u00e9 \u00bb), qui l&rsquo;a cr\u00e9\u00e9 \u00e0 des fins informatives, commerciales et promotionnelles concernant la division Seasolar Swiss.<br \/>\nSeasolar Swiss accompagne les producteurs et les consommateurs (administration publique, industrie et secteur tertiaire, collectivit\u00e9s locales) dans le d\u00e9veloppement \u00e9nerg\u00e9tique durable, en mettant en \u0153uvre des syst\u00e8mes de gestion efficaces, transparents et intelligents. Pr\u00e9sente dans diff\u00e9rents secteurs d&rsquo;activit\u00e9, elle offre un service complet et flexible tout au long de la cha\u00eene \u00e9nerg\u00e9tique.<\/p>\n<p>La marque \u00ab\u00a0Seasolar\u00a0\u00bb, les marques de la Soci\u00e9t\u00e9 figurant sur les pages du Site et tous les autres signes distinctifs (d\u00e9nominatifs et\/ou figuratifs) (les \u00ab\u00a0Marques\u00a0\u00bb) sont la propri\u00e9t\u00e9 exclusive de la Soci\u00e9t\u00e9 et\/ou des autres soci\u00e9t\u00e9s du groupe\u00a0; toute utilisation ou reproduction de celles-ci, \u00e0 quelque fin et par quelque moyen que ce soit, est express\u00e9ment et strictement interdite et fera l&rsquo;objet de poursuites judiciaires de la part de la Soci\u00e9t\u00e9 conform\u00e9ment \u00e0 la loi. Les marques de tiers reproduites sur le Site sont la propri\u00e9t\u00e9 exclusive de leurs propri\u00e9taires respectifs, qui ont autoris\u00e9 leur utilisation\u00a0; toute reproduction est interdite.<\/p>\n<p>Les pages du Site et leur contenu (y compris, mais sans s&rsquo;y limiter\u00a0: textes, images, graphiques, sons) sont prot\u00e9g\u00e9s par le droit d&rsquo;auteur dont la Soci\u00e9t\u00e9 est titulaire ou incluent des \u00e9l\u00e9ments dont l&rsquo;utilisation a \u00e9t\u00e9 d\u00fbment autoris\u00e9e\u00a0; par cons\u00e9quent, leur reproduction, duplication, publication ou transmission (en tout ou partie), sous quelque forme ou mani\u00e8re que ce soit, sont interdites. Aucune reproduction du Site ou de parties de celui-ci ne peut \u00eatre vendue ou distribu\u00e9e \u00e0 des fins commerciales.<\/p>\n<p>Le t\u00e9l\u00e9chargement du contenu du Site n&rsquo;est licite que s&rsquo;il est express\u00e9ment autoris\u00e9 par une mention sp\u00e9cifique sur le Site lui-m\u00eame\u00a0; cette autorisation concerne exclusivement l&rsquo;utilisation \u00e0 des fins personnelles et non commerciales du mat\u00e9riel t\u00e9l\u00e9charg\u00e9, toute autre forme d&rsquo;utilisation \u00e9tant strictement interdite. Aucun \u00e9l\u00e9ment du Site ne peut \u00eatre interpr\u00e9t\u00e9 comme une licence expresse ou tacite accord\u00e9e \u00e0 des tiers pour l&rsquo;utilisation des Marques, textes, images, graphiques, sons et tout autre \u00e9l\u00e9ment faisant l&rsquo;objet de droits exclusifs mentionn\u00e9s aux paragraphes pr\u00e9c\u00e9dents.<\/p>\n<h3>3. Responsabilit\u00e9<\/h3>\n<p>La Soci\u00e9t\u00e9 met tout en \u0153uvre pour s\u00e9lectionner et maintenir \u00e0 jour le contenu du Site. En tout \u00e9tat de cause, la Soci\u00e9t\u00e9 d\u00e9cline toute responsabilit\u00e9 si les informations fournies sont incompl\u00e8tes ou contiennent des erreurs de quelque nature que ce soit.<\/p>\n<p>Dans la mesure permise par la loi, la Soci\u00e9t\u00e9 d\u00e9cline \u00e9galement toute responsabilit\u00e9 pour tout dommage pouvant \u00eatre caus\u00e9 aux utilisateurs et \u00e0 leurs biens suite \u00e0 l&rsquo;acc\u00e8s au Site, \u00e0 l&rsquo;impossibilit\u00e9 d&rsquo;y acc\u00e9der ou au t\u00e9l\u00e9chargement de contenu depuis le Site lorsque cela est autoris\u00e9, y compris les dommages caus\u00e9s aux \u00e9quipements informatiques des utilisateurs par des virus. La Soci\u00e9t\u00e9 est seule responsable du contenu de son Site et d\u00e9cline toute responsabilit\u00e9 quant au contenu des sites tiers accessibles via des liens depuis le Site, car elle n&rsquo;exerce aucun contr\u00f4le sur ceux-ci.<\/p>\n<h3>4. Accessibilit\u00e9<\/h3>\n<p>Nous nous effor\u00e7ons constamment de rendre le Site aussi accessible et utilisable que possible pour chaque utilisateur. Notre objectif est d&rsquo;\u00e9liminer toute difficult\u00e9 d&rsquo;acc\u00e8s aux informations de ce site web. En cas de probl\u00e8me, veuillez nous contacter \u00e0 l&rsquo;adresse suivante : info@seasolar.ch<\/p>\n<h3>5. Sites tiers<\/h3>\n<p>Le Site pouvant donner acc\u00e8s \u00e0 des sites d\u00e9tenus et exploit\u00e9s par des tiers, veuillez noter que les pr\u00e9sentes mentions l\u00e9gales ne s&rsquo;appliquent pas \u00e0 ces sites tiers et que la Soci\u00e9t\u00e9 d\u00e9cline toute responsabilit\u00e9 quant aux activit\u00e9s men\u00e9es par ces derniers. Dans ce cas, nous vous sugg\u00e9rons de lire attentivement les mentions l\u00e9gales des sites tiers concern\u00e9s.<\/p>\n<h3>6. Modifications et mises \u00e0 jour<\/h3>\n<p>La Soci\u00e9t\u00e9 se r\u00e9serve le droit de modifier ou de mettre \u00e0 jour, en tout ou en partie, le contenu des pr\u00e9sentes mentions l\u00e9gales (y compris en cas de modification de la l\u00e9gislation applicable). Les modifications seront publi\u00e9es sur le Site et, si elles sont substantielles, vous seront communiqu\u00e9es par courriel. La Soci\u00e9t\u00e9 vous invite donc \u00e0 consulter r\u00e9guli\u00e8rement cette section.<br \/>\nVersion mise \u00e0 jour\u00a0: septembre 2025<br \/>\n\r\n\t\t<div class=\"divider4\"><span><\/span><\/div>\r\n\t\t<br \/>\n\n<div class=\"wpcf7 no-js\" id=\"wpcf7-f391-o4\" lang=\"en-US\" dir=\"ltr\" data-wpcf7-id=\"391\">\n<div class=\"screen-reader-response\"><p role=\"status\" aria-live=\"polite\" aria-atomic=\"true\"><\/p> <ul><\/ul><\/div>\n<form action=\"\/fr\/wp-json\/wp\/v2\/pages\/817#wpcf7-f391-o4\" method=\"post\" class=\"wpcf7-form init\" aria-label=\"Contact form\" novalidate=\"novalidate\" data-status=\"init\">\n<fieldset class=\"hidden-fields-container\"><input type=\"hidden\" name=\"_wpcf7\" value=\"391\" \/><input type=\"hidden\" name=\"_wpcf7_version\" value=\"6.1.5\" \/><input type=\"hidden\" name=\"_wpcf7_locale\" value=\"en_US\" \/><input type=\"hidden\" name=\"_wpcf7_unit_tag\" value=\"wpcf7-f391-o4\" \/><input type=\"hidden\" name=\"_wpcf7_container_post\" value=\"0\" \/><input type=\"hidden\" name=\"_wpcf7_posted_data_hash\" value=\"\" \/>\n<\/fieldset>\n<p><label> <\/label>\n<\/p>\n<h2>Contact\n<\/h2>\n<p>&nbsp;<br \/>\n<label> N\u2019h\u00e9sitez pas \u00e0 nous contacter pour toute question concernant nos offres ou nos produitss <\/label>\n<\/p>\n<p><label> \u00c9crivez \u00e0 <a href=\"mailto:info@seasolar.ch\">info@seasolar.ch<\/a> ou remplissez le formulaire suivant et nous vous contacterons: <\/label>\n<\/p>\n<p><label> Nom *<br \/>\n<span class=\"wpcf7-form-control-wrap\" data-name=\"your-name\"><input size=\"40\" maxlength=\"400\" class=\"wpcf7-form-control wpcf7-text wpcf7-validates-as-required\" aria-required=\"true\" aria-invalid=\"false\" value=\"\" type=\"text\" name=\"your-name\" \/><\/span><\/label>\n<\/p>\n<p><label> Num\u00e9ro de t\u00e9l\u00e9phone *<br \/>\n<span class=\"wpcf7-form-control-wrap\" data-name=\"tel-826\"><input size=\"40\" maxlength=\"400\" class=\"wpcf7-form-control wpcf7-tel wpcf7-validates-as-required wpcf7-text wpcf7-validates-as-tel\" aria-required=\"true\" aria-invalid=\"false\" value=\"\" type=\"tel\" name=\"tel-826\" \/><\/span><\/label>\n<\/p>\n<p><label> Votre E-mail *<br \/>\n<span class=\"wpcf7-form-control-wrap\" data-name=\"your-email\"><input size=\"40\" maxlength=\"400\" class=\"wpcf7-form-control wpcf7-email wpcf7-validates-as-required wpcf7-text wpcf7-validates-as-email\" aria-required=\"true\" aria-invalid=\"false\" value=\"\" type=\"email\" name=\"your-email\" \/><\/span><\/label>\n<\/p>\n<p><label> Sujet *<br \/>\n<span class=\"wpcf7-form-control-wrap\" data-name=\"your-subject\"><input size=\"40\" maxlength=\"400\" class=\"wpcf7-form-control wpcf7-text wpcf7-validates-as-required\" aria-required=\"true\" aria-invalid=\"false\" value=\"\" type=\"text\" name=\"your-subject\" \/><\/span> <\/label>\n<\/p>\n<p><label> Message *<br \/>\n<span class=\"wpcf7-form-control-wrap\" data-name=\"your-message\"><textarea cols=\"40\" rows=\"10\" maxlength=\"2000\" class=\"wpcf7-form-control wpcf7-textarea wpcf7-validates-as-required\" aria-required=\"true\" aria-invalid=\"false\" name=\"your-message\"><\/textarea><\/span> <\/label>\n<\/p>\n<p><label> * champs requis <\/label>\n<\/p>\n<p><input class=\"wpcf7-form-control wpcf7-submit has-spinner\" type=\"submit\" value=\"ENVOYER\" \/>\n<\/p>\n<p><label><\/label>\n<\/p><div class=\"wpcf7-response-output\" aria-hidden=\"true\"><\/div>\n<\/form>\n<\/div>\n<\/p>\n<!-- sktbuilder starter --><script type=\"text\/javascript\" src=\"https:\/\/seasolar.ch\/wp-content\/plugins\/skt-builder\/sktbuilder\/sktbuilder-frontend-starter.js\"><\/script><script type=\"text\/javascript\" src=\"https:\/\/seasolar.ch\/wp-content\/plugins\/skt-builder\/sktbuilder-wordpress-driver.js\"><\/script><script type=\"text\/javascript\"> var starter = new SktbuilderStarter({\"mode\": \"prod\", \"skip\":[\"jquery\",\"underscore\",\"backbone\"],\"sktbuilderUrl\": \"https:\/\/seasolar.ch\/wp-content\/plugins\/skt-builder\/sktbuilder\/\", \"driver\": new SktbuilderWordpressDriver({\"ajaxUrl\": \"https:\/\/seasolar.ch\/wp-admin\/admin-ajax.php\", \"iframeUrl\": \"https:\/\/seasolar.ch\/fr\/note-legali\/?sktbuilder=true\", \"pageId\": 817,  \"nonce\": \"cf2210cf43\", \"pages\": [], \"page\": \"Mention l\u00e9gale\" }) });<\/script><!-- end sktbuilder starter -->","protected":false},"excerpt":{"rendered":"<p>Mention l\u00e9gale Mention l\u00e9gale Mention l\u00e9gale 1. La soci\u00e9t\u00e9 Sonkraft SA, dont le si\u00e8ge social est situ\u00e9 Via Maggio 1\/C, 6900 Lugano, num\u00e9ro de registre du commerce CHE-338.510.825, TVA CHE-338.510.825 IVA 2. Le site web Le site web seasolar.ch (le \u00ab Site \u00bb) est la propri\u00e9t\u00e9 de Sonkraft SA (la \u00ab Soci\u00e9t\u00e9 \u00bb), qui l&rsquo;a<br \/><a class=\"moretag\" href=\"https:\/\/seasolar.ch\/fr\/note-legali\/\">+ Read More<\/a><\/p>\n","protected":false},"author":1,"featured_media":8,"parent":0,"menu_order":0,"comment_status":"closed","ping_status":"closed","template":"","meta":{"footnotes":""},"class_list":["post-817","page","type-page","status-publish","has-post-thumbnail","hentry"],"yoast_head":"<!-- This site is optimized with the Yoast SEO Premium plugin v26.7 (Yoast SEO v27.4) - https:\/\/yoast.com\/product\/yoast-seo-premium-wordpress\/ -->\n<title>Seasolar Swiss - Note legali<\/title>\n<meta name=\"description\" content=\"Seasolar Swiss offre servizi di consulenza nell&#039;ambito dell&#039;efficienza energetica, della gestione e ottimizzazione dei consumi per le aziende\" \/>\n<meta name=\"robots\" content=\"noindex, nofollow\" \/>\n<meta property=\"og:locale\" content=\"fr_FR\" \/>\n<meta property=\"og:type\" content=\"article\" \/>\n<meta property=\"og:title\" content=\"[:it]Note legali[:en]Imprint[:de]Impressum[:fr]Mention l\u00e9gale[:es]Aviso legal[:]\" \/>\n<meta property=\"og:description\" content=\"Seasolar Swiss offre servizi di consulenza nell&#039;ambito dell&#039;efficienza energetica, della gestione e ottimizzazione dei consumi per le aziende\" \/>\n<meta property=\"og:url\" content=\"https:\/\/seasolar.ch\/note-legali\/\" \/>\n<meta property=\"og:site_name\" content=\"Seasolar Swiss\" \/>\n<meta property=\"article:publisher\" content=\"https:\/\/www.facebook.com\/seasolargroup\" \/>\n<meta property=\"article:modified_time\" content=\"2025-09-20T18:32:05+00:00\" \/>\n<meta property=\"og:image\" content=\"https:\/\/seasolar.ch\/wp-content\/uploads\/2025\/08\/cropped-seasolar_logo_2024_social.png\" \/>\n\t<meta property=\"og:image:width\" content=\"512\" \/>\n\t<meta property=\"og:image:height\" content=\"512\" \/>\n\t<meta property=\"og:image:type\" content=\"image\/png\" \/>\n<meta name=\"twitter:card\" content=\"summary_large_image\" \/>\n<meta name=\"twitter:site\" content=\"@seasolargroup\" \/>\n<meta name=\"twitter:label1\" content=\"Dur\u00e9e de lecture estim\u00e9e\" \/>\n\t<meta name=\"twitter:data1\" content=\"4 minutes\" \/>\n<script type=\"application\/ld+json\" class=\"yoast-schema-graph\">{\"@context\":\"https:\\\/\\\/schema.org\",\"@graph\":[{\"@type\":\"WebPage\",\"@id\":\"https:\\\/\\\/seasolar.ch\\\/note-legali\\\/\",\"url\":\"https:\\\/\\\/seasolar.ch\\\/note-legali\\\/\",\"name\":\"Seasolar Swiss - Note legali\",\"isPartOf\":{\"@id\":\"https:\\\/\\\/seasolar.ch\\\/#website\"},\"primaryImageOfPage\":{\"@id\":\"https:\\\/\\\/seasolar.ch\\\/note-legali\\\/#primaryimage\"},\"image\":{\"@id\":\"https:\\\/\\\/seasolar.ch\\\/note-legali\\\/#primaryimage\"},\"thumbnailUrl\":\"https:\\\/\\\/i0.wp.com\\\/seasolar.ch\\\/wp-content\\\/uploads\\\/2025\\\/08\\\/cropped-seasolar_logo_2024_social.png?fit=512%2C512&ssl=1\",\"datePublished\":\"2025-09-20T18:21:32+00:00\",\"dateModified\":\"2025-09-20T18:32:05+00:00\",\"description\":\"Seasolar Swiss offre servizi di consulenza nell'ambito dell'efficienza energetica, della gestione e ottimizzazione dei consumi per le aziende\",\"breadcrumb\":{\"@id\":\"https:\\\/\\\/seasolar.ch\\\/note-legali\\\/#breadcrumb\"},\"inLanguage\":\"fr-FR\",\"potentialAction\":[{\"@type\":\"ReadAction\",\"target\":[\"https:\\\/\\\/seasolar.ch\\\/note-legali\\\/\"]}]},{\"@type\":\"ImageObject\",\"inLanguage\":\"fr-FR\",\"@id\":\"https:\\\/\\\/seasolar.ch\\\/note-legali\\\/#primaryimage\",\"url\":\"https:\\\/\\\/i0.wp.com\\\/seasolar.ch\\\/wp-content\\\/uploads\\\/2025\\\/08\\\/cropped-seasolar_logo_2024_social.png?fit=512%2C512&ssl=1\",\"contentUrl\":\"https:\\\/\\\/i0.wp.com\\\/seasolar.ch\\\/wp-content\\\/uploads\\\/2025\\\/08\\\/cropped-seasolar_logo_2024_social.png?fit=512%2C512&ssl=1\",\"width\":512,\"height\":512,\"caption\":\"Seasolar Swiss\"},{\"@type\":\"BreadcrumbList\",\"@id\":\"https:\\\/\\\/seasolar.ch\\\/note-legali\\\/#breadcrumb\",\"itemListElement\":[{\"@type\":\"ListItem\",\"position\":1,\"name\":\"Home\",\"item\":\"https:\\\/\\\/seasolar.ch\\\/\"},{\"@type\":\"ListItem\",\"position\":2,\"name\":\"Note legali\"}]},{\"@type\":\"WebSite\",\"@id\":\"https:\\\/\\\/seasolar.ch\\\/#website\",\"url\":\"https:\\\/\\\/seasolar.ch\\\/\",\"name\":\"Seasolar Swiss\",\"description\":\"Dal 2008 impianti fotovoltaici &quot;chiavi in mano&quot;\",\"publisher\":{\"@id\":\"https:\\\/\\\/seasolar.ch\\\/#organization\"},\"potentialAction\":[{\"@type\":\"SearchAction\",\"target\":{\"@type\":\"EntryPoint\",\"urlTemplate\":\"https:\\\/\\\/seasolar.ch\\\/?s={search_term_string}\"},\"query-input\":{\"@type\":\"PropertyValueSpecification\",\"valueRequired\":true,\"valueName\":\"search_term_string\"}}],\"inLanguage\":\"fr-FR\"},{\"@type\":\"Organization\",\"@id\":\"https:\\\/\\\/seasolar.ch\\\/#organization\",\"name\":\"Seasolar Swiss\",\"url\":\"https:\\\/\\\/seasolar.ch\\\/\",\"logo\":{\"@type\":\"ImageObject\",\"inLanguage\":\"fr-FR\",\"@id\":\"https:\\\/\\\/seasolar.ch\\\/#\\\/schema\\\/logo\\\/image\\\/\",\"url\":\"https:\\\/\\\/seasolar.ch\\\/wp-content\\\/uploads\\\/2025\\\/08\\\/cropped-seasolar_logo_2024_social.png\",\"contentUrl\":\"https:\\\/\\\/seasolar.ch\\\/wp-content\\\/uploads\\\/2025\\\/08\\\/cropped-seasolar_logo_2024_social.png\",\"width\":512,\"height\":512,\"caption\":\"Seasolar Swiss\"},\"image\":{\"@id\":\"https:\\\/\\\/seasolar.ch\\\/#\\\/schema\\\/logo\\\/image\\\/\"},\"sameAs\":[\"https:\\\/\\\/www.facebook.com\\\/seasolargroup\",\"https:\\\/\\\/x.com\\\/seasolargroup\",\"https:\\\/\\\/www.linkedin.com\\\/in\\\/seasolar-group-news\\\/\",\"https:\\\/\\\/www.youtube.com\\\/channel\\\/UCVrmhrGih_bFnpj0as_vDuQ\",\"https:\\\/\\\/www.instagram.com\\\/fotovoltaico_seasolar\\\/\"]}]}<\/script>\n<!-- \/ Yoast SEO Premium plugin. -->","yoast_head_json":{"title":"Seasolar Swiss - Note legali","description":"Seasolar Swiss offre servizi di consulenza nell'ambito dell'efficienza energetica, della gestione e ottimizzazione dei consumi per le aziende","robots":{"index":"noindex","follow":"nofollow"},"og_locale":"fr_FR","og_type":"article","og_title":"[:it]Note legali[:en]Imprint[:de]Impressum[:fr]Mention l\u00e9gale[:es]Aviso legal[:]","og_description":"Seasolar Swiss offre servizi di consulenza nell'ambito dell'efficienza energetica, della gestione e ottimizzazione dei consumi per le aziende","og_url":"https:\/\/seasolar.ch\/note-legali\/","og_site_name":"Seasolar Swiss","article_publisher":"https:\/\/www.facebook.com\/seasolargroup","article_modified_time":"2025-09-20T18:32:05+00:00","og_image":[{"width":512,"height":512,"url":"https:\/\/seasolar.ch\/wp-content\/uploads\/2025\/08\/cropped-seasolar_logo_2024_social.png","type":"image\/png"}],"twitter_card":"summary_large_image","twitter_site":"@seasolargroup","twitter_misc":{"Dur\u00e9e de lecture estim\u00e9e":"4 minutes"},"schema":{"@context":"https:\/\/schema.org","@graph":[{"@type":"WebPage","@id":"https:\/\/seasolar.ch\/note-legali\/","url":"https:\/\/seasolar.ch\/note-legali\/","name":"Seasolar Swiss - Note legali","isPartOf":{"@id":"https:\/\/seasolar.ch\/#website"},"primaryImageOfPage":{"@id":"https:\/\/seasolar.ch\/note-legali\/#primaryimage"},"image":{"@id":"https:\/\/seasolar.ch\/note-legali\/#primaryimage"},"thumbnailUrl":"https:\/\/i0.wp.com\/seasolar.ch\/wp-content\/uploads\/2025\/08\/cropped-seasolar_logo_2024_social.png?fit=512%2C512&ssl=1","datePublished":"2025-09-20T18:21:32+00:00","dateModified":"2025-09-20T18:32:05+00:00","description":"Seasolar Swiss offre servizi di consulenza nell'ambito dell'efficienza energetica, della gestione e ottimizzazione dei consumi per le aziende","breadcrumb":{"@id":"https:\/\/seasolar.ch\/note-legali\/#breadcrumb"},"inLanguage":"fr-FR","potentialAction":[{"@type":"ReadAction","target":["https:\/\/seasolar.ch\/note-legali\/"]}]},{"@type":"ImageObject","inLanguage":"fr-FR","@id":"https:\/\/seasolar.ch\/note-legali\/#primaryimage","url":"https:\/\/i0.wp.com\/seasolar.ch\/wp-content\/uploads\/2025\/08\/cropped-seasolar_logo_2024_social.png?fit=512%2C512&ssl=1","contentUrl":"https:\/\/i0.wp.com\/seasolar.ch\/wp-content\/uploads\/2025\/08\/cropped-seasolar_logo_2024_social.png?fit=512%2C512&ssl=1","width":512,"height":512,"caption":"Seasolar Swiss"},{"@type":"BreadcrumbList","@id":"https:\/\/seasolar.ch\/note-legali\/#breadcrumb","itemListElement":[{"@type":"ListItem","position":1,"name":"Home","item":"https:\/\/seasolar.ch\/"},{"@type":"ListItem","position":2,"name":"Note legali"}]},{"@type":"WebSite","@id":"https:\/\/seasolar.ch\/#website","url":"https:\/\/seasolar.ch\/","name":"Seasolar Swiss","description":"Dal 2008 impianti fotovoltaici &quot;chiavi in mano&quot;","publisher":{"@id":"https:\/\/seasolar.ch\/#organization"},"potentialAction":[{"@type":"SearchAction","target":{"@type":"EntryPoint","urlTemplate":"https:\/\/seasolar.ch\/?s={search_term_string}"},"query-input":{"@type":"PropertyValueSpecification","valueRequired":true,"valueName":"search_term_string"}}],"inLanguage":"fr-FR"},{"@type":"Organization","@id":"https:\/\/seasolar.ch\/#organization","name":"Seasolar Swiss","url":"https:\/\/seasolar.ch\/","logo":{"@type":"ImageObject","inLanguage":"fr-FR","@id":"https:\/\/seasolar.ch\/#\/schema\/logo\/image\/","url":"https:\/\/seasolar.ch\/wp-content\/uploads\/2025\/08\/cropped-seasolar_logo_2024_social.png","contentUrl":"https:\/\/seasolar.ch\/wp-content\/uploads\/2025\/08\/cropped-seasolar_logo_2024_social.png","width":512,"height":512,"caption":"Seasolar Swiss"},"image":{"@id":"https:\/\/seasolar.ch\/#\/schema\/logo\/image\/"},"sameAs":["https:\/\/www.facebook.com\/seasolargroup","https:\/\/x.com\/seasolargroup","https:\/\/www.linkedin.com\/in\/seasolar-group-news\/","https:\/\/www.youtube.com\/channel\/UCVrmhrGih_bFnpj0as_vDuQ","https:\/\/www.instagram.com\/fotovoltaico_seasolar\/"]}]}},"jetpack_likes_enabled":true,"jetpack-related-posts":[],"jetpack_sharing_enabled":true,"_links":{"self":[{"href":"https:\/\/seasolar.ch\/fr\/wp-json\/wp\/v2\/pages\/817","targetHints":{"allow":["GET"]}}],"collection":[{"href":"https:\/\/seasolar.ch\/fr\/wp-json\/wp\/v2\/pages"}],"about":[{"href":"https:\/\/seasolar.ch\/fr\/wp-json\/wp\/v2\/types\/page"}],"author":[{"embeddable":true,"href":"https:\/\/seasolar.ch\/fr\/wp-json\/wp\/v2\/users\/1"}],"replies":[{"embeddable":true,"href":"https:\/\/seasolar.ch\/fr\/wp-json\/wp\/v2\/comments?post=817"}],"version-history":[{"count":3,"href":"https:\/\/seasolar.ch\/fr\/wp-json\/wp\/v2\/pages\/817\/revisions"}],"predecessor-version":[{"id":820,"href":"https:\/\/seasolar.ch\/fr\/wp-json\/wp\/v2\/pages\/817\/revisions\/820"}],"wp:featuredmedia":[{"embeddable":true,"href":"https:\/\/seasolar.ch\/fr\/wp-json\/wp\/v2\/media\/8"}],"wp:attachment":[{"href":"https:\/\/seasolar.ch\/fr\/wp-json\/wp\/v2\/media?parent=817"}],"curies":[{"name":"wp","href":"https:\/\/api.w.org\/{rel}","templated":true}]}}