{"id":2334,"date":"2024-01-11T00:00:00","date_gmt":"2024-01-10T23:00:00","guid":{"rendered":"https:\/\/seasolar.ch\/prodotto\/solax-x1-hybrid-5-0-d\/"},"modified":"2026-02-08T00:54:42","modified_gmt":"2026-02-07T23:54:42","slug":"solax-x1-hybrid-5-0-d","status":"publish","type":"product","link":"https:\/\/seasolar.ch\/fr\/prodotto\/solax-x1-hybrid-5-0-d\/","title":{"rendered":"SOLAX X1 HYBRID 5.0 D"},"content":{"rendered":"<p><span style=\"color: #ffffff;\">SOLAX X1 HYBRID 7.5 D<\/span><br \/>\nExperience the unrivaled power of our advanced solar hybrid inverter, combining efficiency, safety, and intelligence, with a simplified design for easy one-person installation. <\/p>\n<p>Benefit from exceptional features such as up to 200% PV oversizing, high charging and discharging efficiency, and built-in shadow tracking. <\/p>\n<p>The inverter guarantees durability and compatibility, even in low-temperature environments, with IP65 protection and support for high-power solar panels. <\/p>\n<p>Effortlessly store surplus energy and relish in intelligent load management. Enjoy seamless solar+storage integration with smart EV chargers. <\/p>\n<p>Choose from versatile operation modes, including on\/off-grid parallel and VPP-readiness, unlocking limitless opportunities in the power market. Unleash the full potential of our local energy solution for a smarter, greener future.<\/p>\n<p><img data-recalc-dims=\"1\" loading=\"lazy\" decoding=\"async\" data-id=\"13709\"  src=\"https:\/\/i0.wp.com\/seasolar.ch\/wp-content\/uploads\/2025\/09\/SOLAX-X1-HYBRID.jpg?resize=976%2C1380&#038;ssl=1\" alt=\"SOLAX X1 HYBRID 7.5 D\" width=\"976\" height=\"1380\" class=\"aligncenter size-full wp-image-13709\" \/><br \/>\n\r\n\t\t<div class=\"divider4\"><span><\/span><\/div>\r\n\t\t<\/p>\n<h2>Downloads<\/h2>\n<p><a href=\"https:\/\/seasolargroup.com\/wp-content\/uploads\/2024\/01\/x1-hybrid-g4-en.pdf\" target=\"_blank\" rel=\"noopener\">Solax X1-Hybrid-G4-en Datasheet<\/a><\/p>\n<p><a href=\"https:\/\/seasolargroup.com\/wp-content\/uploads\/2023\/12\/x1-hybrid-G4-it.pdf\" target=\"_blank\" rel=\"noopener\">Solax X1-Hybrid-G4-it Scheda tecnica<\/a><\/p>\n<p><a href=\"https:\/\/seasolargroup.com\/wp-content\/uploads\/2023\/12\/X1-Hybrid-G4-User-Manual.pdf\" target=\"_blank\" rel=\"noopener\">Solax X1-Hybrid-G4 User-Manual<\/a><\/p>\n<p><a href=\"https:\/\/seasolargroup.com\/wp-content\/uploads\/2023\/12\/X1-Hybrid-Installation-Guide-Italian-Version.pdf\" target=\"_blank\" rel=\"noopener\">Solax X1-Hybrid-G4 Installation Guide Italian Version<\/a><\/p>\n<p><a href=\"https:\/\/seasolargroup.com\/wp-content\/uploads\/2023\/12\/Solax_X1-HYBRID-G4_CEI0-21\uff1a2019_AK-50503519-0001.pdf\" target=\"_blank\" rel=\"noopener\">Solax X1-Hybrid-G4 CEI0-21\uff1a2019_AK 50503519 0001<\/a><\/p>\n<p><a href=\"https:\/\/seasolargroup.com\/wp-content\/uploads\/2023\/12\/TigoSolaxCompatibilityLetterDec2022.pdf\" target=\"_blank\" rel=\"noopener\">Solax X1-Hybrid-G4 Compatibility Tigo optimizer<\/a><br \/>\n\r\n\t\t<div class=\"divider4\"><span><\/span><\/div>\r\n\t\t<\/p>\n<h2>Related offers<\/h2>\n<p><a href=\"https:\/\/seasolargroup.com\/tag\/SOLAX\/\">Offers for SOLAX<\/a><br \/>\n<span style=\"color: #ffffff;\">SOLAX X1 HYBRID 7.5 D<\/span><br \/>\n\r\n\t\t<div class=\"divider4\"><span><\/span><\/div>\r\n\t\t<\/p>\n<h2>Related projects<\/h2>\n<p><br \/>\n\r\n\t\t<div class=\"divider4\"><span><\/span><\/div>\r\n\t\t<\/p>\n<h2>Related videos<\/h2>\n<p><span class=\"embed-youtube\" style=\"text-align:center; display: block;\"><iframe loading=\"lazy\" class=\"youtube-player\" width=\"640\" height=\"360\" src=\"https:\/\/www.youtube.com\/embed\/A7eEzZhY8gA?version=3&#038;rel=1&#038;showsearch=0&#038;showinfo=1&#038;iv_load_policy=1&#038;fs=1&#038;hl=fr-FR&#038;autohide=2&#038;wmode=transparent&#038;listType=playlist&#038;list=PLwqK5bEOfjvKeGRrDn4zYYBFl0uQ8ef4x\" allowfullscreen=\"true\" style=\"border:0;\" sandbox=\"allow-scripts allow-same-origin allow-popups allow-presentation allow-popups-to-escape-sandbox\"><\/iframe><\/span><br \/>\n\r\n\t\t<div class=\"divider4\"><span><\/span><\/div>\r\n\t\t<br \/>\n\n<div class=\"wpcf7 no-js\" id=\"wpcf7-f391-o4\" lang=\"en-US\" dir=\"ltr\" data-wpcf7-id=\"391\">\n<div class=\"screen-reader-response\"><p role=\"status\" aria-live=\"polite\" aria-atomic=\"true\"><\/p> <ul><\/ul><\/div>\n<form action=\"\/fr\/wp-json\/wp\/v2\/product\/2334#wpcf7-f391-o4\" method=\"post\" class=\"wpcf7-form init\" aria-label=\"Contact form\" novalidate=\"novalidate\" data-status=\"init\">\n<fieldset class=\"hidden-fields-container\"><input type=\"hidden\" name=\"_wpcf7\" value=\"391\" \/><input type=\"hidden\" name=\"_wpcf7_version\" value=\"6.1.5\" \/><input type=\"hidden\" name=\"_wpcf7_locale\" value=\"en_US\" \/><input type=\"hidden\" name=\"_wpcf7_unit_tag\" value=\"wpcf7-f391-o4\" \/><input type=\"hidden\" name=\"_wpcf7_container_post\" value=\"0\" \/><input type=\"hidden\" name=\"_wpcf7_posted_data_hash\" value=\"\" \/>\n<\/fieldset>\n<p><label> <\/label>\n<\/p>\n<h2>Contact\n<\/h2>\n<p>&nbsp;<br \/>\n<label> N\u2019h\u00e9sitez pas \u00e0 nous contacter pour toute question concernant nos offres ou nos produitss <\/label>\n<\/p>\n<p><label> \u00c9crivez \u00e0 <a href=\"mailto:info@seasolar.ch\">info@seasolar.ch<\/a> ou remplissez le formulaire suivant et nous vous contacterons: <\/label>\n<\/p>\n<p><label> Nom *<br \/>\n<span class=\"wpcf7-form-control-wrap\" data-name=\"your-name\"><input size=\"40\" maxlength=\"400\" class=\"wpcf7-form-control wpcf7-text wpcf7-validates-as-required\" aria-required=\"true\" aria-invalid=\"false\" value=\"\" type=\"text\" name=\"your-name\" \/><\/span><\/label>\n<\/p>\n<p><label> Num\u00e9ro de t\u00e9l\u00e9phone *<br \/>\n<span class=\"wpcf7-form-control-wrap\" data-name=\"tel-826\"><input size=\"40\" maxlength=\"400\" class=\"wpcf7-form-control wpcf7-tel wpcf7-validates-as-required wpcf7-text wpcf7-validates-as-tel\" aria-required=\"true\" aria-invalid=\"false\" value=\"\" type=\"tel\" name=\"tel-826\" \/><\/span><\/label>\n<\/p>\n<p><label> Votre E-mail *<br \/>\n<span class=\"wpcf7-form-control-wrap\" data-name=\"your-email\"><input size=\"40\" maxlength=\"400\" class=\"wpcf7-form-control wpcf7-email wpcf7-validates-as-required wpcf7-text wpcf7-validates-as-email\" aria-required=\"true\" aria-invalid=\"false\" value=\"\" type=\"email\" name=\"your-email\" \/><\/span><\/label>\n<\/p>\n<p><label> Sujet *<br \/>\n<span class=\"wpcf7-form-control-wrap\" data-name=\"your-subject\"><input size=\"40\" maxlength=\"400\" class=\"wpcf7-form-control wpcf7-text wpcf7-validates-as-required\" aria-required=\"true\" aria-invalid=\"false\" value=\"\" type=\"text\" name=\"your-subject\" \/><\/span> <\/label>\n<\/p>\n<p><label> Message *<br \/>\n<span class=\"wpcf7-form-control-wrap\" data-name=\"your-message\"><textarea cols=\"40\" rows=\"10\" maxlength=\"2000\" class=\"wpcf7-form-control wpcf7-textarea wpcf7-validates-as-required\" aria-required=\"true\" aria-invalid=\"false\" name=\"your-message\"><\/textarea><\/span> <\/label>\n<\/p>\n<p><label> * champs requis <\/label>\n<\/p>\n<p><input class=\"wpcf7-form-control wpcf7-submit has-spinner\" type=\"submit\" value=\"ENVOYER\" \/>\n<\/p>\n<p><label><\/label>\n<\/p><div class=\"wpcf7-response-output\" aria-hidden=\"true\"><\/div>\n<\/form>\n<\/div>\n<\/p>\n<!-- sktbuilder starter --><script type=\"text\/javascript\" src=\"https:\/\/seasolar.ch\/wp-content\/plugins\/skt-builder\/sktbuilder\/sktbuilder-frontend-starter.js\"><\/script><script type=\"text\/javascript\" src=\"https:\/\/seasolar.ch\/wp-content\/plugins\/skt-builder\/sktbuilder-wordpress-driver.js\"><\/script><script type=\"text\/javascript\"> var starter = new SktbuilderStarter({\"mode\": \"prod\", \"skip\":[\"jquery\",\"underscore\",\"backbone\"],\"sktbuilderUrl\": \"https:\/\/seasolar.ch\/wp-content\/plugins\/skt-builder\/sktbuilder\/\", \"driver\": new SktbuilderWordpressDriver({\"ajaxUrl\": \"https:\/\/seasolar.ch\/wp-admin\/admin-ajax.php\", \"iframeUrl\": \"https:\/\/seasolar.ch\/fr\/prodotto\/solax-x1-hybrid-5-0-d\/?sktbuilder=true\", \"pageId\": 2334,  \"nonce\": \"4a8286e720\", \"pages\": [], \"page\": \"SOLAX X1 HYBRID 5.0 D\" }) });<\/script><!-- end sktbuilder starter -->","protected":false},"excerpt":{"rendered":"<p>Monophas\u00e9 \u2013 Onduleur hybride<br \/>\nL&rsquo;onduleur de stockage d&rsquo;\u00e9nergie SolaX s&rsquo;int\u00e8gre parfaitement \u00e0 diverses configurations, offrant une compatibilit\u00e9 in\u00e9gal\u00e9e. Les onduleurs polyvalents offrent une gamme compl\u00e8te de solutions, notamment le fonctionnement en parall\u00e8le, l&rsquo;int\u00e9gration de pompes \u00e0 chaleur, la connectivit\u00e9 des micro-r\u00e9seaux, la compatibilit\u00e9 des chargeurs de v\u00e9hicules \u00e9lectriques, la prise en charge des g\u00e9n\u00e9rateurs et l&rsquo;application VPP.<\/p>\n","protected":false},"featured_media":3220,"comment_status":"closed","ping_status":"closed","template":"","meta":[],"product_brand":[323],"product_cat":[200,363,201],"product_tag":[179],"class_list":{"0":"post-2334","1":"product","2":"type-product","3":"status-publish","4":"has-post-thumbnail","6":"product_brand-solax","7":"product_cat-inverter","8":"product_cat-inverter-domestico","9":"product_cat-inverter-ibrido","10":"product_tag-solax","12":"first","13":"instock","14":"product-type-simple"},"yoast_head":"<!-- This site is optimized with the Yoast SEO Premium plugin v26.7 (Yoast SEO v27.3) - https:\/\/yoast.com\/product\/yoast-seo-premium-wordpress\/ -->\n<title>SOLAX X1 HYBRID 5.0 D - Seasolar Swiss<\/title>\n<meta name=\"description\" content=\"SOLAX X1 HYBRID 5.0 D SolaX Energy Storage Inverter seamlessly integrates with various setups, providing unparalleled compatibility\" \/>\n<meta name=\"robots\" content=\"index, follow, max-snippet:-1, max-image-preview:large, max-video-preview:-1\" \/>\n<link rel=\"canonical\" href=\"https:\/\/seasolar.ch\/prodotto\/solax-x1-hybrid-5-0-d\/\" \/>\n<meta property=\"og:locale\" content=\"fr_FR\" \/>\n<meta property=\"og:type\" content=\"article\" \/>\n<meta property=\"og:title\" content=\"SOLAX X1 HYBRID 5.0 D\" \/>\n<meta property=\"og:description\" content=\"SOLAX X1 HYBRID 5.0 D SolaX Energy Storage Inverter seamlessly integrates with various setups, providing unparalleled compatibility\" \/>\n<meta property=\"og:url\" content=\"https:\/\/seasolar.ch\/prodotto\/solax-x1-hybrid-5-0-d\/\" \/>\n<meta property=\"og:site_name\" content=\"Seasolar Swiss\" \/>\n<meta property=\"article:publisher\" content=\"https:\/\/www.facebook.com\/seasolargroup\" \/>\n<meta property=\"article:modified_time\" content=\"2026-02-07T23:54:42+00:00\" \/>\n<meta property=\"og:image\" content=\"https:\/\/seasolar.ch\/wp-content\/uploads\/2026\/02\/x1-hybrid-g4.png\" \/>\n\t<meta property=\"og:image:width\" content=\"2380\" \/>\n\t<meta property=\"og:image:height\" content=\"2560\" \/>\n\t<meta property=\"og:image:type\" content=\"image\/png\" \/>\n<meta name=\"twitter:card\" content=\"summary_large_image\" \/>\n<meta name=\"twitter:site\" content=\"@seasolargroup\" \/>\n<meta name=\"twitter:label1\" content=\"Prix\" \/>\n\t<meta name=\"twitter:data1\" content=\"\" \/>\n\t<meta name=\"twitter:label2\" content=\"Disponibilit\u00e9\" \/>\n\t<meta name=\"twitter:data2\" content=\"En stock\" \/>\n<script type=\"application\/ld+json\" class=\"yoast-schema-graph\">{\"@context\":\"https:\\\/\\\/schema.org\",\"@graph\":[{\"@type\":\"WebPage\",\"@id\":\"https:\\\/\\\/seasolar.ch\\\/prodotto\\\/solax-x1-hybrid-5-0-d\\\/\",\"url\":\"https:\\\/\\\/seasolar.ch\\\/prodotto\\\/solax-x1-hybrid-5-0-d\\\/\",\"name\":\"SOLAX X1 HYBRID 5.0 D - Seasolar Swiss\",\"isPartOf\":{\"@id\":\"https:\\\/\\\/seasolar.ch\\\/#website\"},\"primaryImageOfPage\":{\"@id\":\"https:\\\/\\\/seasolar.ch\\\/prodotto\\\/solax-x1-hybrid-5-0-d\\\/#primaryimage\"},\"image\":{\"@id\":\"https:\\\/\\\/seasolar.ch\\\/prodotto\\\/solax-x1-hybrid-5-0-d\\\/#primaryimage\"},\"thumbnailUrl\":\"https:\\\/\\\/i0.wp.com\\\/seasolar.ch\\\/wp-content\\\/uploads\\\/2026\\\/02\\\/x1-hybrid-g4.png?fit=2380%2C2560&ssl=1\",\"datePublished\":\"2024-01-10T23:00:00+00:00\",\"dateModified\":\"2026-02-07T23:54:42+00:00\",\"description\":\"SOLAX X1 HYBRID 5.0 D SolaX Energy Storage Inverter seamlessly integrates with various setups, providing unparalleled compatibility\",\"breadcrumb\":{\"@id\":\"https:\\\/\\\/seasolar.ch\\\/prodotto\\\/solax-x1-hybrid-5-0-d\\\/#breadcrumb\"},\"inLanguage\":\"fr-FR\",\"potentialAction\":[{\"@type\":\"ReadAction\",\"target\":[\"https:\\\/\\\/seasolar.ch\\\/prodotto\\\/solax-x1-hybrid-5-0-d\\\/\"]}]},{\"@type\":\"ImageObject\",\"inLanguage\":\"fr-FR\",\"@id\":\"https:\\\/\\\/seasolar.ch\\\/prodotto\\\/solax-x1-hybrid-5-0-d\\\/#primaryimage\",\"url\":\"https:\\\/\\\/i0.wp.com\\\/seasolar.ch\\\/wp-content\\\/uploads\\\/2026\\\/02\\\/x1-hybrid-g4.png?fit=2380%2C2560&ssl=1\",\"contentUrl\":\"https:\\\/\\\/i0.wp.com\\\/seasolar.ch\\\/wp-content\\\/uploads\\\/2026\\\/02\\\/x1-hybrid-g4.png?fit=2380%2C2560&ssl=1\",\"width\":2380,\"height\":2560,\"caption\":\"X1 HYBRID\"},{\"@type\":\"BreadcrumbList\",\"@id\":\"https:\\\/\\\/seasolar.ch\\\/prodotto\\\/solax-x1-hybrid-5-0-d\\\/#breadcrumb\",\"itemListElement\":[{\"@type\":\"ListItem\",\"position\":1,\"name\":\"Home\",\"item\":\"https:\\\/\\\/seasolar.ch\\\/\"},{\"@type\":\"ListItem\",\"position\":2,\"name\":\"Prodotti\",\"item\":\"https:\\\/\\\/seasolar.ch\\\/prodotti\\\/\"},{\"@type\":\"ListItem\",\"position\":3,\"name\":\"SOLAX X1 HYBRID 5.0 D\"}]},{\"@type\":\"WebSite\",\"@id\":\"https:\\\/\\\/seasolar.ch\\\/#website\",\"url\":\"https:\\\/\\\/seasolar.ch\\\/\",\"name\":\"Seasolar Swiss\",\"description\":\"Dal 2008 impianti fotovoltaici &quot;chiavi in mano&quot;\",\"publisher\":{\"@id\":\"https:\\\/\\\/seasolar.ch\\\/#organization\"},\"potentialAction\":[{\"@type\":\"SearchAction\",\"target\":{\"@type\":\"EntryPoint\",\"urlTemplate\":\"https:\\\/\\\/seasolar.ch\\\/?s={search_term_string}\"},\"query-input\":{\"@type\":\"PropertyValueSpecification\",\"valueRequired\":true,\"valueName\":\"search_term_string\"}}],\"inLanguage\":\"fr-FR\"},{\"@type\":\"Organization\",\"@id\":\"https:\\\/\\\/seasolar.ch\\\/#organization\",\"name\":\"Seasolar Swiss\",\"url\":\"https:\\\/\\\/seasolar.ch\\\/\",\"logo\":{\"@type\":\"ImageObject\",\"inLanguage\":\"fr-FR\",\"@id\":\"https:\\\/\\\/seasolar.ch\\\/#\\\/schema\\\/logo\\\/image\\\/\",\"url\":\"https:\\\/\\\/seasolar.ch\\\/wp-content\\\/uploads\\\/2025\\\/08\\\/cropped-seasolar_logo_2024_social.png\",\"contentUrl\":\"https:\\\/\\\/seasolar.ch\\\/wp-content\\\/uploads\\\/2025\\\/08\\\/cropped-seasolar_logo_2024_social.png\",\"width\":512,\"height\":512,\"caption\":\"Seasolar Swiss\"},\"image\":{\"@id\":\"https:\\\/\\\/seasolar.ch\\\/#\\\/schema\\\/logo\\\/image\\\/\"},\"sameAs\":[\"https:\\\/\\\/www.facebook.com\\\/seasolargroup\",\"https:\\\/\\\/x.com\\\/seasolargroup\",\"https:\\\/\\\/www.linkedin.com\\\/in\\\/seasolar-group-news\\\/\",\"https:\\\/\\\/www.youtube.com\\\/channel\\\/UCVrmhrGih_bFnpj0as_vDuQ\",\"https:\\\/\\\/www.instagram.com\\\/fotovoltaico_seasolar\\\/\"]}]}<\/script>\n<meta property=\"product:brand\" content=\"SOLAX\" \/>\n<meta property=\"product:price:currency\" content=\"CHF\" \/>\n<meta property=\"og:availability\" content=\"instock\" \/>\n<meta property=\"product:availability\" content=\"instock\" \/>\n<meta property=\"product:retailer_item_id\" content=\"SLX-X1-5.0-D\" \/>\n<meta property=\"product:condition\" content=\"new\" \/>\n<!-- \/ Yoast SEO Premium plugin. -->","yoast_head_json":{"title":"SOLAX X1 HYBRID 5.0 D - Seasolar Swiss","description":"SOLAX X1 HYBRID 5.0 D SolaX Energy Storage Inverter seamlessly integrates with various setups, providing unparalleled compatibility","robots":{"index":"index","follow":"follow","max-snippet":"max-snippet:-1","max-image-preview":"max-image-preview:large","max-video-preview":"max-video-preview:-1"},"canonical":"https:\/\/seasolar.ch\/prodotto\/solax-x1-hybrid-5-0-d\/","og_locale":"fr_FR","og_type":"article","og_title":"SOLAX X1 HYBRID 5.0 D","og_description":"SOLAX X1 HYBRID 5.0 D SolaX Energy Storage Inverter seamlessly integrates with various setups, providing unparalleled compatibility","og_url":"https:\/\/seasolar.ch\/prodotto\/solax-x1-hybrid-5-0-d\/","og_site_name":"Seasolar Swiss","article_publisher":"https:\/\/www.facebook.com\/seasolargroup","article_modified_time":"2026-02-07T23:54:42+00:00","og_image":[{"width":2380,"height":2560,"url":"https:\/\/seasolar.ch\/wp-content\/uploads\/2026\/02\/x1-hybrid-g4.png","type":"image\/png"}],"twitter_card":"summary_large_image","twitter_site":"@seasolargroup","twitter_misc":{"Prix":"","Disponibilit\u00e9":"En stock"},"schema":{"@context":"https:\/\/schema.org","@graph":[{"@type":"WebPage","@id":"https:\/\/seasolar.ch\/prodotto\/solax-x1-hybrid-5-0-d\/","url":"https:\/\/seasolar.ch\/prodotto\/solax-x1-hybrid-5-0-d\/","name":"SOLAX X1 HYBRID 5.0 D - Seasolar Swiss","isPartOf":{"@id":"https:\/\/seasolar.ch\/#website"},"primaryImageOfPage":{"@id":"https:\/\/seasolar.ch\/prodotto\/solax-x1-hybrid-5-0-d\/#primaryimage"},"image":{"@id":"https:\/\/seasolar.ch\/prodotto\/solax-x1-hybrid-5-0-d\/#primaryimage"},"thumbnailUrl":"https:\/\/i0.wp.com\/seasolar.ch\/wp-content\/uploads\/2026\/02\/x1-hybrid-g4.png?fit=2380%2C2560&ssl=1","datePublished":"2024-01-10T23:00:00+00:00","dateModified":"2026-02-07T23:54:42+00:00","description":"SOLAX X1 HYBRID 5.0 D SolaX Energy Storage Inverter seamlessly integrates with various setups, providing unparalleled compatibility","breadcrumb":{"@id":"https:\/\/seasolar.ch\/prodotto\/solax-x1-hybrid-5-0-d\/#breadcrumb"},"inLanguage":"fr-FR","potentialAction":[{"@type":"ReadAction","target":["https:\/\/seasolar.ch\/prodotto\/solax-x1-hybrid-5-0-d\/"]}]},{"@type":"ImageObject","inLanguage":"fr-FR","@id":"https:\/\/seasolar.ch\/prodotto\/solax-x1-hybrid-5-0-d\/#primaryimage","url":"https:\/\/i0.wp.com\/seasolar.ch\/wp-content\/uploads\/2026\/02\/x1-hybrid-g4.png?fit=2380%2C2560&ssl=1","contentUrl":"https:\/\/i0.wp.com\/seasolar.ch\/wp-content\/uploads\/2026\/02\/x1-hybrid-g4.png?fit=2380%2C2560&ssl=1","width":2380,"height":2560,"caption":"X1 HYBRID"},{"@type":"BreadcrumbList","@id":"https:\/\/seasolar.ch\/prodotto\/solax-x1-hybrid-5-0-d\/#breadcrumb","itemListElement":[{"@type":"ListItem","position":1,"name":"Home","item":"https:\/\/seasolar.ch\/"},{"@type":"ListItem","position":2,"name":"Prodotti","item":"https:\/\/seasolar.ch\/prodotti\/"},{"@type":"ListItem","position":3,"name":"SOLAX X1 HYBRID 5.0 D"}]},{"@type":"WebSite","@id":"https:\/\/seasolar.ch\/#website","url":"https:\/\/seasolar.ch\/","name":"Seasolar Swiss","description":"Dal 2008 impianti fotovoltaici &quot;chiavi in mano&quot;","publisher":{"@id":"https:\/\/seasolar.ch\/#organization"},"potentialAction":[{"@type":"SearchAction","target":{"@type":"EntryPoint","urlTemplate":"https:\/\/seasolar.ch\/?s={search_term_string}"},"query-input":{"@type":"PropertyValueSpecification","valueRequired":true,"valueName":"search_term_string"}}],"inLanguage":"fr-FR"},{"@type":"Organization","@id":"https:\/\/seasolar.ch\/#organization","name":"Seasolar Swiss","url":"https:\/\/seasolar.ch\/","logo":{"@type":"ImageObject","inLanguage":"fr-FR","@id":"https:\/\/seasolar.ch\/#\/schema\/logo\/image\/","url":"https:\/\/seasolar.ch\/wp-content\/uploads\/2025\/08\/cropped-seasolar_logo_2024_social.png","contentUrl":"https:\/\/seasolar.ch\/wp-content\/uploads\/2025\/08\/cropped-seasolar_logo_2024_social.png","width":512,"height":512,"caption":"Seasolar Swiss"},"image":{"@id":"https:\/\/seasolar.ch\/#\/schema\/logo\/image\/"},"sameAs":["https:\/\/www.facebook.com\/seasolargroup","https:\/\/x.com\/seasolargroup","https:\/\/www.linkedin.com\/in\/seasolar-group-news\/","https:\/\/www.youtube.com\/channel\/UCVrmhrGih_bFnpj0as_vDuQ","https:\/\/www.instagram.com\/fotovoltaico_seasolar\/"]}]},"product_brand":"SOLAX","product_price_currency":"CHF","og_availability":"instock","product_availability":"instock","product_retailer_item_id":"SLX-X1-5.0-D","product_condition":"new"},"jetpack_likes_enabled":true,"jetpack-related-posts":[],"jetpack_sharing_enabled":true,"_links":{"self":[{"href":"https:\/\/seasolar.ch\/fr\/wp-json\/wp\/v2\/product\/2334","targetHints":{"allow":["GET"]}}],"collection":[{"href":"https:\/\/seasolar.ch\/fr\/wp-json\/wp\/v2\/product"}],"about":[{"href":"https:\/\/seasolar.ch\/fr\/wp-json\/wp\/v2\/types\/product"}],"replies":[{"embeddable":true,"href":"https:\/\/seasolar.ch\/fr\/wp-json\/wp\/v2\/comments?post=2334"}],"wp:featuredmedia":[{"embeddable":true,"href":"https:\/\/seasolar.ch\/fr\/wp-json\/wp\/v2\/media\/3220"}],"wp:attachment":[{"href":"https:\/\/seasolar.ch\/fr\/wp-json\/wp\/v2\/media?parent=2334"}],"wp:term":[{"taxonomy":"product_brand","embeddable":true,"href":"https:\/\/seasolar.ch\/fr\/wp-json\/wp\/v2\/product_brand?post=2334"},{"taxonomy":"product_cat","embeddable":true,"href":"https:\/\/seasolar.ch\/fr\/wp-json\/wp\/v2\/product_cat?post=2334"},{"taxonomy":"product_tag","embeddable":true,"href":"https:\/\/seasolar.ch\/fr\/wp-json\/wp\/v2\/product_tag?post=2334"}],"curies":[{"name":"wp","href":"https:\/\/api.w.org\/{rel}","templated":true}]}}